{"id":779,"date":"2022-07-17T15:04:26","date_gmt":"2022-07-17T14:04:26","guid":{"rendered":"https:\/\/zdepot-dz.com\/?post_type=product&#038;p=779"},"modified":"2023-04-09T09:59:33","modified_gmt":"2023-04-09T08:59:33","slug":"tapis-roulant-mecanicien","status":"publish","type":"product","link":"https:\/\/zdepot-dz.com\/?product=tapis-roulant-mecanicien","title":{"rendered":"Tapis roulant m\u00e9canicien"},"content":{"rendered":"<p>Un chariot de m\u00e9canicien de haute qualit\u00e9 qui repr\u00e9sente une aide indispensable pour chaque bricoleur ou ouvrier et qui devrait en somme, faire partie int\u00e9grante de chaque atelier ou garage, que ce soit pour un usage priv\u00e9 ou professionnel.<\/p>\n<p>Le chariot est fabriqu\u00e9 en PEHD (poly\u00e9thyl\u00e8ne haute densit\u00e9) robuste, un mat\u00e9riau r\u00e9sistant non seulement aux chocs mais aussi aux produits chimiques. Facile \u00e0 nettoyer, de forme ergonomique et muni de 6 roulettes, ce chariot rend les conditions de travail plus agr\u00e9ables et prot\u00e8ge \u00e9galement votre dos.<\/p>\n<p>Le chariot dispose de deux compartiments int\u00e9gr\u00e9s facile d&rsquo;acc\u00e8s en position allong\u00e9e, ainsi que d&rsquo;un appui t\u00eate amovible pour plus de confort durant le travail.<\/p>\n","protected":false},"excerpt":{"rendered":"<p>Un chariot de m\u00e9canicien de haute qualit\u00e9 qui repr\u00e9sente une aide indispensable pour chaque bricoleur ou ouvrier et qui devrait en somme, faire partie int\u00e9grante de chaque atelier ou garage, que ce soit pour un usage priv\u00e9 ou professionnel. Le chariot est fabriqu\u00e9 en PEHD (poly\u00e9thyl\u00e8ne haute densit\u00e9) robuste, un mat\u00e9riau r\u00e9sistant non seulement aux &hellip;<\/p>\n<p class=\"read-more\"> <a class=\"\" href=\"https:\/\/zdepot-dz.com\/?product=tapis-roulant-mecanicien\"> <span class=\"screen-reader-text\">Tapis roulant m\u00e9canicien<\/span> Lire la suite\u00a0\u00bb<\/a><\/p>\n","protected":false},"featured_media":780,"comment_status":"closed","ping_status":"closed","template":"","meta":{"site-sidebar-layout":"default","site-content-layout":"default","ast-global-header-display":"","ast-banner-title-visibility":"","ast-main-header-display":"","ast-hfb-above-header-display":"","ast-hfb-below-header-display":"","ast-hfb-mobile-header-display":"","site-post-title":"","ast-breadcrumbs-content":"","ast-featured-img":"","footer-sml-layout":"","theme-transparent-header-meta":"default","adv-header-id-meta":"","stick-header-meta":"","header-above-stick-meta":"","header-main-stick-meta":"","header-below-stick-meta":""},"product_cat":[53],"product_tag":[54],"jetpack_sharing_enabled":true,"_links":{"self":[{"href":"https:\/\/zdepot-dz.com\/index.php?rest_route=\/wp\/v2\/product\/779"}],"collection":[{"href":"https:\/\/zdepot-dz.com\/index.php?rest_route=\/wp\/v2\/product"}],"about":[{"href":"https:\/\/zdepot-dz.com\/index.php?rest_route=\/wp\/v2\/types\/product"}],"replies":[{"embeddable":true,"href":"https:\/\/zdepot-dz.com\/index.php?rest_route=%2Fwp%2Fv2%2Fcomments&post=779"}],"wp:featuredmedia":[{"embeddable":true,"href":"https:\/\/zdepot-dz.com\/index.php?rest_route=\/wp\/v2\/media\/780"}],"wp:attachment":[{"href":"https:\/\/zdepot-dz.com\/index.php?rest_route=%2Fwp%2Fv2%2Fmedia&parent=779"}],"wp:term":[{"taxonomy":"product_cat","embeddable":true,"href":"https:\/\/zdepot-dz.com\/index.php?rest_route=%2Fwp%2Fv2%2Fproduct_cat&post=779"},{"taxonomy":"product_tag","embeddable":true,"href":"https:\/\/zdepot-dz.com\/index.php?rest_route=%2Fwp%2Fv2%2Fproduct_tag&post=779"}],"curies":[{"name":"wp","href":"https:\/\/api.w.org\/{rel}","templated":true}]}}