{"id":758,"date":"2022-07-17T14:22:51","date_gmt":"2022-07-17T13:22:51","guid":{"rendered":"https:\/\/zdepot-dz.com\/?post_type=product&#038;p=758"},"modified":"2023-04-09T10:00:03","modified_gmt":"2023-04-09T09:00:03","slug":"nettoyeur-haut-pression-1800w-150-bar","status":"publish","type":"product","link":"https:\/\/zdepot-dz.com\/?product=nettoyeur-haut-pression-1800w-150-bar","title":{"rendered":"Nettoyeur haut pression 1800w 150 bar"},"content":{"rendered":"<p>Un nettoyeur haute pression avec un moteur d\u2019une puissance inf\u00e9rieure \u00e0 1800 watts<br \/>\ne tuyau de 6 m\u00e8tres de long vous permet de nettoyer plus loin et plus haut<br \/>\nLe raccord rapide vous permet de connecter rapidement et facilement les pistolets haute pression au tuyau haute pression.<br \/>\nAuto stop system<br \/>\nPompe m\u00e9tal haute qualit\u00e9<br \/>\nMoteur fil de cuivre<br \/>\nPRESSION : 150 bar \/ 1800W<\/p>\n","protected":false},"excerpt":{"rendered":"<p>Un nettoyeur haute pression avec un moteur d\u2019une puissance inf\u00e9rieure \u00e0 1800 watts e tuyau de 6 m\u00e8tres de long vous permet de nettoyer plus loin et plus haut Le raccord rapide vous permet de connecter rapidement et facilement les pistolets haute pression au tuyau haute pression. Auto stop system Pompe m\u00e9tal haute qualit\u00e9 Moteur &hellip;<\/p>\n<p class=\"read-more\"> <a class=\"\" href=\"https:\/\/zdepot-dz.com\/?product=nettoyeur-haut-pression-1800w-150-bar\"> <span class=\"screen-reader-text\">Nettoyeur haut pression 1800w 150 bar<\/span> Lire la suite\u00a0\u00bb<\/a><\/p>\n","protected":false},"featured_media":761,"comment_status":"closed","ping_status":"closed","template":"","meta":{"site-sidebar-layout":"default","site-content-layout":"default","ast-global-header-display":"","ast-banner-title-visibility":"","ast-main-header-display":"","ast-hfb-above-header-display":"","ast-hfb-below-header-display":"","ast-hfb-mobile-header-display":"","site-post-title":"","ast-breadcrumbs-content":"","ast-featured-img":"","footer-sml-layout":"","theme-transparent-header-meta":"default","adv-header-id-meta":"","stick-header-meta":"","header-above-stick-meta":"","header-main-stick-meta":"","header-below-stick-meta":""},"product_cat":[53],"product_tag":[54],"jetpack_sharing_enabled":true,"_links":{"self":[{"href":"https:\/\/zdepot-dz.com\/index.php?rest_route=\/wp\/v2\/product\/758"}],"collection":[{"href":"https:\/\/zdepot-dz.com\/index.php?rest_route=\/wp\/v2\/product"}],"about":[{"href":"https:\/\/zdepot-dz.com\/index.php?rest_route=\/wp\/v2\/types\/product"}],"replies":[{"embeddable":true,"href":"https:\/\/zdepot-dz.com\/index.php?rest_route=%2Fwp%2Fv2%2Fcomments&post=758"}],"wp:featuredmedia":[{"embeddable":true,"href":"https:\/\/zdepot-dz.com\/index.php?rest_route=\/wp\/v2\/media\/761"}],"wp:attachment":[{"href":"https:\/\/zdepot-dz.com\/index.php?rest_route=%2Fwp%2Fv2%2Fmedia&parent=758"}],"wp:term":[{"taxonomy":"product_cat","embeddable":true,"href":"https:\/\/zdepot-dz.com\/index.php?rest_route=%2Fwp%2Fv2%2Fproduct_cat&post=758"},{"taxonomy":"product_tag","embeddable":true,"href":"https:\/\/zdepot-dz.com\/index.php?rest_route=%2Fwp%2Fv2%2Fproduct_tag&post=758"}],"curies":[{"name":"wp","href":"https:\/\/api.w.org\/{rel}","templated":true}]}}