{"id":755,"date":"2022-07-17T14:11:06","date_gmt":"2022-07-17T13:11:06","guid":{"rendered":"https:\/\/zdepot-dz.com\/?post_type=product&#038;p=755"},"modified":"2023-04-09T10:01:46","modified_gmt":"2023-04-09T09:01:46","slug":"aspirateur-orca-vac-1600","status":"publish","type":"product","link":"https:\/\/zdepot-dz.com\/?product=aspirateur-orca-vac-1600","title":{"rendered":"Aspirateur orca vac-1600"},"content":{"rendered":"<h3>Aspirateur 3.5L 1600W Orca VAC-1600<\/h3>\n<p>L&rsquo;aspirateur Orca VAC-1600 est id\u00e9al pour absorber instantan\u00e9ment les particules de d\u00e9chets et les salet\u00e9s coll\u00e9es au sol gr\u00e2ce \u00e0 son moteur super puissant de 1600 W et sa vitesse de rotation de 23 000 tr\/min.<\/p>\n<p>Avec une grande capacit\u00e9 de r\u00e9servoir \u00e0 poussi\u00e8re de 3,5 litres, vous n&rsquo;avez pas besoin de sortir la poubelle pendant le nettoyage. Avec un c\u00e2ble d&rsquo;alimentation de 5 m et un rayon d&rsquo;action de 7,5 m, nettoyez une pi\u00e8ce en une seule \u00e9tape, pas besoin de changer la prise pendant le nettoyage. Le cordon d&rsquo;alimentation peut \u00eatre retir\u00e9 en appuyant sur un bouton pour un rangement pratique.<\/p>\n<p>Des conduits d&rsquo;air am\u00e9lior\u00e9s, des amortisseurs de moteur, un capot ind\u00e9pendant et de nombreuses technologies de r\u00e9duction du bruit font de l&rsquo;aspirateur VAC-1600. D\u00e9poussi\u00e9rage par cyclone multi-syst\u00e8me. Force r\u00e9glable. La filtration HEPA garantit de l&rsquo;air frais. Toutes les parties de la poubelle sont lavables.<\/p>\n","protected":false},"excerpt":{"rendered":"<p>Aspirateur 3.5L 1600W Orca VAC-1600 L&rsquo;aspirateur Orca VAC-1600 est id\u00e9al pour absorber instantan\u00e9ment les particules de d\u00e9chets et les salet\u00e9s coll\u00e9es au sol gr\u00e2ce \u00e0 son moteur super puissant de 1600 W et sa vitesse de rotation de 23 000 tr\/min. Avec une grande capacit\u00e9 de r\u00e9servoir \u00e0 poussi\u00e8re de 3,5 litres, vous n&rsquo;avez pas &hellip;<\/p>\n<p class=\"read-more\"> <a class=\"\" href=\"https:\/\/zdepot-dz.com\/?product=aspirateur-orca-vac-1600\"> <span class=\"screen-reader-text\">Aspirateur orca vac-1600<\/span> Lire la suite\u00a0\u00bb<\/a><\/p>\n","protected":false},"featured_media":756,"comment_status":"closed","ping_status":"closed","template":"","meta":{"site-sidebar-layout":"default","site-content-layout":"default","ast-global-header-display":"","ast-banner-title-visibility":"","ast-main-header-display":"","ast-hfb-above-header-display":"","ast-hfb-below-header-display":"","ast-hfb-mobile-header-display":"","site-post-title":"","ast-breadcrumbs-content":"","ast-featured-img":"","footer-sml-layout":"","theme-transparent-header-meta":"default","adv-header-id-meta":"","stick-header-meta":"","header-above-stick-meta":"","header-main-stick-meta":"","header-below-stick-meta":""},"product_cat":[53],"product_tag":[54],"jetpack_sharing_enabled":true,"_links":{"self":[{"href":"https:\/\/zdepot-dz.com\/index.php?rest_route=\/wp\/v2\/product\/755"}],"collection":[{"href":"https:\/\/zdepot-dz.com\/index.php?rest_route=\/wp\/v2\/product"}],"about":[{"href":"https:\/\/zdepot-dz.com\/index.php?rest_route=\/wp\/v2\/types\/product"}],"replies":[{"embeddable":true,"href":"https:\/\/zdepot-dz.com\/index.php?rest_route=%2Fwp%2Fv2%2Fcomments&post=755"}],"wp:featuredmedia":[{"embeddable":true,"href":"https:\/\/zdepot-dz.com\/index.php?rest_route=\/wp\/v2\/media\/756"}],"wp:attachment":[{"href":"https:\/\/zdepot-dz.com\/index.php?rest_route=%2Fwp%2Fv2%2Fmedia&parent=755"}],"wp:term":[{"taxonomy":"product_cat","embeddable":true,"href":"https:\/\/zdepot-dz.com\/index.php?rest_route=%2Fwp%2Fv2%2Fproduct_cat&post=755"},{"taxonomy":"product_tag","embeddable":true,"href":"https:\/\/zdepot-dz.com\/index.php?rest_route=%2Fwp%2Fv2%2Fproduct_tag&post=755"}],"curies":[{"name":"wp","href":"https:\/\/api.w.org\/{rel}","templated":true}]}}