{"id":749,"date":"2022-07-17T14:00:25","date_gmt":"2022-07-17T13:00:25","guid":{"rendered":"https:\/\/zdepot-dz.com\/?post_type=product&#038;p=749"},"modified":"2023-04-09T10:02:12","modified_gmt":"2023-04-09T09:02:12","slug":"nettoyeur-crown-1800w-667-lm-min","status":"publish","type":"product","link":"https:\/\/zdepot-dz.com\/?product=nettoyeur-crown-1800w-667-lm-min","title":{"rendered":"Nettoyeur crown 1800w 6,67 lm\/min"},"content":{"rendered":"<p>\u2606 Produit : le nouveau nettoyeur haute pression 1800w (140 bar) CROWN.<br \/>\n\u2606 R\u00e9f\u00e9rence : CT42022.<br \/>\n\u2606 avec roulette de flexible.<\/p>\n<p>\u2606 Tr\u00e8s pratique pour tout les travaux de nettoyage et tr\u00e8s \u00e9conomique au niveau d&rsquo;eau et d&rsquo;\u00e9nergie.<br \/>\n\u2606 puissance : 1800w.<br \/>\n\u2606 d\u00e9bit max : 6.7 l\/min.<br \/>\n\u2606 pression max (bar\/mpa) : 140 &#8211; 14.<br \/>\n\u2606 system marche \/ arr\u00eat automatique.<br \/>\n\u2606 flexible 5 m\u00e8tres.<br \/>\n\u2606 buse de Pistolet r\u00e9glable ( pointu ou large ).<br \/>\n\u2606 r\u00e9servoir int\u00e9gr\u00e9e de savon et d\u00e9tergent .<br \/>\n\u2606 \u00e9conomiser l&rsquo;eau de \u00e9nergie.<br \/>\n\u2606 filtre d&rsquo;eau.<br \/>\n\u2606 tuyau d&rsquo;aspiration d&rsquo;eau.<br \/>\n\u2606 roulette de rangement de flexible.<br \/>\n\u2606 protection contre la temp\u00e9ratur.<br \/>\n\u2606 protection contre la pression.<br \/>\n\u2606 bouton de r\u00e9glage de la pression (min\/max) .<br \/>\n\u2606 poids : 9.6 kg.<\/p>\n","protected":false},"excerpt":{"rendered":"<p>\u2606 Produit : le nouveau nettoyeur haute pression 1800w (140 bar) CROWN. \u2606 R\u00e9f\u00e9rence : CT42022. \u2606 avec roulette de flexible. \u2606 Tr\u00e8s pratique pour tout les travaux de nettoyage et tr\u00e8s \u00e9conomique au niveau d&rsquo;eau et d&rsquo;\u00e9nergie. \u2606 puissance : 1800w. \u2606 d\u00e9bit max : 6.7 l\/min. \u2606 pression max (bar\/mpa) : 140 &#8211; &hellip;<\/p>\n<p class=\"read-more\"> <a class=\"\" href=\"https:\/\/zdepot-dz.com\/?product=nettoyeur-crown-1800w-667-lm-min\"> <span class=\"screen-reader-text\">Nettoyeur crown 1800w 6,67 lm\/min<\/span> Lire la suite\u00a0\u00bb<\/a><\/p>\n","protected":false},"featured_media":750,"comment_status":"closed","ping_status":"closed","template":"","meta":{"site-sidebar-layout":"default","site-content-layout":"default","ast-global-header-display":"","ast-banner-title-visibility":"","ast-main-header-display":"","ast-hfb-above-header-display":"","ast-hfb-below-header-display":"","ast-hfb-mobile-header-display":"","site-post-title":"","ast-breadcrumbs-content":"","ast-featured-img":"","footer-sml-layout":"","theme-transparent-header-meta":"default","adv-header-id-meta":"","stick-header-meta":"","header-above-stick-meta":"","header-main-stick-meta":"","header-below-stick-meta":""},"product_cat":[53],"product_tag":[54],"jetpack_sharing_enabled":true,"_links":{"self":[{"href":"https:\/\/zdepot-dz.com\/index.php?rest_route=\/wp\/v2\/product\/749"}],"collection":[{"href":"https:\/\/zdepot-dz.com\/index.php?rest_route=\/wp\/v2\/product"}],"about":[{"href":"https:\/\/zdepot-dz.com\/index.php?rest_route=\/wp\/v2\/types\/product"}],"replies":[{"embeddable":true,"href":"https:\/\/zdepot-dz.com\/index.php?rest_route=%2Fwp%2Fv2%2Fcomments&post=749"}],"wp:featuredmedia":[{"embeddable":true,"href":"https:\/\/zdepot-dz.com\/index.php?rest_route=\/wp\/v2\/media\/750"}],"wp:attachment":[{"href":"https:\/\/zdepot-dz.com\/index.php?rest_route=%2Fwp%2Fv2%2Fmedia&parent=749"}],"wp:term":[{"taxonomy":"product_cat","embeddable":true,"href":"https:\/\/zdepot-dz.com\/index.php?rest_route=%2Fwp%2Fv2%2Fproduct_cat&post=749"},{"taxonomy":"product_tag","embeddable":true,"href":"https:\/\/zdepot-dz.com\/index.php?rest_route=%2Fwp%2Fv2%2Fproduct_tag&post=749"}],"curies":[{"name":"wp","href":"https:\/\/api.w.org\/{rel}","templated":true}]}}