{"id":556,"date":"2022-07-15T14:32:13","date_gmt":"2022-07-15T14:32:13","guid":{"rendered":"https:\/\/zdepot-dz.com\/?post_type=product&#038;p=556"},"modified":"2023-04-09T10:02:49","modified_gmt":"2023-04-09T09:02:49","slug":"marteau-piqueur-makita","status":"publish","type":"product","link":"https:\/\/zdepot-dz.com\/?product=marteau-piqueur-makita","title":{"rendered":"Marteau piqueur Makita"},"content":{"rendered":"<ul>\n<li>Machine robuste et confortable gr\u00e2ce au syst\u00e8me anti-vibration (technologie AVT + poign\u00e9e).<\/li>\n<li>Soft No Load : le moteur ralentit hors charge = plus de pr\u00e9cision, moins de vibrations et pas de frappe \u00e0 vide.<\/li>\n<li>12 positions de burin.<\/li>\n<li>R\u00e9glage \u00e9lectronique de la fr\u00e9quence de frappe (5 plages).<\/li>\n<li>Ergonomie Soft Grip pour une meilleure prise en main.<\/li>\n<li>Syst\u00e8me de frappe prot\u00e9g\u00e9, pas de frappe \u00e0 vide.<\/li>\n<\/ul>\n","protected":false},"excerpt":{"rendered":"<p>Machine robuste et confortable gr\u00e2ce au syst\u00e8me anti-vibration (technologie AVT + poign\u00e9e). Soft No Load : le moteur ralentit hors charge = plus de pr\u00e9cision, moins de vibrations et pas de frappe \u00e0 vide. 12 positions de burin. R\u00e9glage \u00e9lectronique de la fr\u00e9quence de frappe (5 plages). Ergonomie Soft Grip pour une meilleure prise en &hellip;<\/p>\n<p class=\"read-more\"> <a class=\"\" href=\"https:\/\/zdepot-dz.com\/?product=marteau-piqueur-makita\"> <span class=\"screen-reader-text\">Marteau piqueur Makita<\/span> Lire la suite\u00a0\u00bb<\/a><\/p>\n","protected":false},"featured_media":557,"comment_status":"closed","ping_status":"closed","template":"","meta":{"site-sidebar-layout":"default","site-content-layout":"default","ast-global-header-display":"","ast-banner-title-visibility":"","ast-main-header-display":"","ast-hfb-above-header-display":"","ast-hfb-below-header-display":"","ast-hfb-mobile-header-display":"","site-post-title":"","ast-breadcrumbs-content":"","ast-featured-img":"","footer-sml-layout":"","theme-transparent-header-meta":"default","adv-header-id-meta":"","stick-header-meta":"","header-above-stick-meta":"","header-main-stick-meta":"","header-below-stick-meta":""},"product_cat":[53],"product_tag":[54],"jetpack_sharing_enabled":true,"_links":{"self":[{"href":"https:\/\/zdepot-dz.com\/index.php?rest_route=\/wp\/v2\/product\/556"}],"collection":[{"href":"https:\/\/zdepot-dz.com\/index.php?rest_route=\/wp\/v2\/product"}],"about":[{"href":"https:\/\/zdepot-dz.com\/index.php?rest_route=\/wp\/v2\/types\/product"}],"replies":[{"embeddable":true,"href":"https:\/\/zdepot-dz.com\/index.php?rest_route=%2Fwp%2Fv2%2Fcomments&post=556"}],"wp:featuredmedia":[{"embeddable":true,"href":"https:\/\/zdepot-dz.com\/index.php?rest_route=\/wp\/v2\/media\/557"}],"wp:attachment":[{"href":"https:\/\/zdepot-dz.com\/index.php?rest_route=%2Fwp%2Fv2%2Fmedia&parent=556"}],"wp:term":[{"taxonomy":"product_cat","embeddable":true,"href":"https:\/\/zdepot-dz.com\/index.php?rest_route=%2Fwp%2Fv2%2Fproduct_cat&post=556"},{"taxonomy":"product_tag","embeddable":true,"href":"https:\/\/zdepot-dz.com\/index.php?rest_route=%2Fwp%2Fv2%2Fproduct_tag&post=556"}],"curies":[{"name":"wp","href":"https:\/\/api.w.org\/{rel}","templated":true}]}}