{"id":549,"date":"2022-07-15T13:56:54","date_gmt":"2022-07-15T13:56:54","guid":{"rendered":"https:\/\/zdepot-dz.com\/?post_type=product&#038;p=549"},"modified":"2023-04-09T10:04:13","modified_gmt":"2023-04-09T09:04:13","slug":"perceuse-a-percussion-makita","status":"publish","type":"product","link":"https:\/\/zdepot-dz.com\/?product=perceuse-a-percussion-makita","title":{"rendered":"Perceuse \u00e0 Percussion Makita HP1630\/HP2070 710W\/1010W"},"content":{"rendered":"<h3>Perceuse \u00e0 Percussion Makita HP1630\/HP2070 710W\/1010W<\/h3>\n<ul>\n<li>Machine professionnel pour usage universel avec haute performance en faible vibrations<br \/>\nForme compacte<\/li>\n<li>Performances optimis\u00e9es Rendement en rotation \u00e0 droite et au gauche par rotatif Charbons pont<\/li>\n<li>Percussion d\u00e9sactivable<\/li>\n<li>Mandrin \u00e0 serrage rapide<\/li>\n<\/ul>\n","protected":false},"excerpt":{"rendered":"<p>Perceuse \u00e0 Percussion Makita HP1630\/HP2070 710W\/1010W Machine professionnel pour usage universel avec haute performance en faible vibrations Forme compacte Performances optimis\u00e9es Rendement en rotation \u00e0 droite et au gauche par rotatif Charbons pont Percussion d\u00e9sactivable Mandrin \u00e0 serrage rapide<\/p>\n","protected":false},"featured_media":0,"comment_status":"closed","ping_status":"closed","template":"","meta":{"site-sidebar-layout":"default","site-content-layout":"default","ast-global-header-display":"","ast-banner-title-visibility":"","ast-main-header-display":"","ast-hfb-above-header-display":"","ast-hfb-below-header-display":"","ast-hfb-mobile-header-display":"","site-post-title":"","ast-breadcrumbs-content":"","ast-featured-img":"","footer-sml-layout":"","theme-transparent-header-meta":"default","adv-header-id-meta":"","stick-header-meta":"","header-above-stick-meta":"","header-main-stick-meta":"","header-below-stick-meta":""},"product_cat":[53],"product_tag":[198,54,28,158,199,79,24],"jetpack_sharing_enabled":true,"_links":{"self":[{"href":"https:\/\/zdepot-dz.com\/index.php?rest_route=\/wp\/v2\/product\/549"}],"collection":[{"href":"https:\/\/zdepot-dz.com\/index.php?rest_route=\/wp\/v2\/product"}],"about":[{"href":"https:\/\/zdepot-dz.com\/index.php?rest_route=\/wp\/v2\/types\/product"}],"replies":[{"embeddable":true,"href":"https:\/\/zdepot-dz.com\/index.php?rest_route=%2Fwp%2Fv2%2Fcomments&post=549"}],"wp:attachment":[{"href":"https:\/\/zdepot-dz.com\/index.php?rest_route=%2Fwp%2Fv2%2Fmedia&parent=549"}],"wp:term":[{"taxonomy":"product_cat","embeddable":true,"href":"https:\/\/zdepot-dz.com\/index.php?rest_route=%2Fwp%2Fv2%2Fproduct_cat&post=549"},{"taxonomy":"product_tag","embeddable":true,"href":"https:\/\/zdepot-dz.com\/index.php?rest_route=%2Fwp%2Fv2%2Fproduct_tag&post=549"}],"curies":[{"name":"wp","href":"https:\/\/api.w.org\/{rel}","templated":true}]}}