{"id":1570,"date":"2023-02-08T12:04:09","date_gmt":"2023-02-08T11:04:09","guid":{"rendered":"https:\/\/zdepot-dz.com\/?post_type=product&#038;p=1570"},"modified":"2023-04-09T09:45:18","modified_gmt":"2023-04-09T08:45:18","slug":"chauffe-bain-junkers-11litres","status":"publish","type":"product","link":"https:\/\/zdepot-dz.com\/?product=chauffe-bain-junkers-11litres","title":{"rendered":"Chauffe Bain Junkers 11litres"},"content":{"rendered":"<h3>Chauffe Bain Junkers 11litres<\/h3>\n<div class=\"electro-description clearfix\">\n<ul>\n<li>Fonctionnement \u00e9conomique<\/li>\n<li>Confort d\u2019utilisation gr\u00e2ce \u00e0 son syst\u00e8me d\u2019allumage hydro-g\u00e9n\u00e9rateur (Force de l\u2019eau)<\/li>\n<li>Dispositif de s\u00e9curit\u00e9 \u00e0 l\u2019allumage avec contr\u00f4le des gaz br\u00fbl\u00e9s<\/li>\n<li>R\u00e9glage de la temp\u00e9rature et du d\u00e9bit d\u2019eau chaude sanitaire<\/li>\n<li>Disponible en 11 Lit\/min<\/li>\n<li>disponible en gaz butane propane et gaz naturel de ville chauffe bain et chauffe eau<\/li>\n<\/ul>\n<\/div>\n","protected":false},"excerpt":{"rendered":"<p>Chauffe Bain Junkers 11litres Fonctionnement \u00e9conomique Confort d\u2019utilisation gr\u00e2ce \u00e0 son syst\u00e8me d\u2019allumage hydro-g\u00e9n\u00e9rateur (Force de l\u2019eau) Dispositif de s\u00e9curit\u00e9 \u00e0 l\u2019allumage avec contr\u00f4le des gaz br\u00fbl\u00e9s R\u00e9glage de la temp\u00e9rature et du d\u00e9bit d\u2019eau chaude sanitaire Disponible en 11 Lit\/min disponible en gaz butane propane et gaz naturel de ville chauffe bain et chauffe &hellip;<\/p>\n<p class=\"read-more\"> <a class=\"\" href=\"https:\/\/zdepot-dz.com\/?product=chauffe-bain-junkers-11litres\"> <span class=\"screen-reader-text\">Chauffe Bain Junkers 11litres<\/span> Lire la suite\u00a0\u00bb<\/a><\/p>\n","protected":false},"featured_media":1571,"comment_status":"open","ping_status":"closed","template":"","meta":{"site-sidebar-layout":"default","site-content-layout":"default","ast-global-header-display":"","ast-banner-title-visibility":"","ast-main-header-display":"","ast-hfb-above-header-display":"","ast-hfb-below-header-display":"","ast-hfb-mobile-header-display":"","site-post-title":"","ast-breadcrumbs-content":"","ast-featured-img":"","footer-sml-layout":"","theme-transparent-header-meta":"default","adv-header-id-meta":"","stick-header-meta":"","header-above-stick-meta":"","header-main-stick-meta":"","header-below-stick-meta":""},"product_cat":[207],"product_tag":[209,210,211],"jetpack_sharing_enabled":true,"_links":{"self":[{"href":"https:\/\/zdepot-dz.com\/index.php?rest_route=\/wp\/v2\/product\/1570"}],"collection":[{"href":"https:\/\/zdepot-dz.com\/index.php?rest_route=\/wp\/v2\/product"}],"about":[{"href":"https:\/\/zdepot-dz.com\/index.php?rest_route=\/wp\/v2\/types\/product"}],"replies":[{"embeddable":true,"href":"https:\/\/zdepot-dz.com\/index.php?rest_route=%2Fwp%2Fv2%2Fcomments&post=1570"}],"wp:featuredmedia":[{"embeddable":true,"href":"https:\/\/zdepot-dz.com\/index.php?rest_route=\/wp\/v2\/media\/1571"}],"wp:attachment":[{"href":"https:\/\/zdepot-dz.com\/index.php?rest_route=%2Fwp%2Fv2%2Fmedia&parent=1570"}],"wp:term":[{"taxonomy":"product_cat","embeddable":true,"href":"https:\/\/zdepot-dz.com\/index.php?rest_route=%2Fwp%2Fv2%2Fproduct_cat&post=1570"},{"taxonomy":"product_tag","embeddable":true,"href":"https:\/\/zdepot-dz.com\/index.php?rest_route=%2Fwp%2Fv2%2Fproduct_tag&post=1570"}],"curies":[{"name":"wp","href":"https:\/\/api.w.org\/{rel}","templated":true}]}}