{"id":1565,"date":"2023-02-08T10:45:55","date_gmt":"2023-02-08T09:45:55","guid":{"rendered":"https:\/\/zdepot-dz.com\/?post_type=product&#038;p=1565"},"modified":"2023-04-09T09:46:11","modified_gmt":"2023-04-09T08:46:11","slug":"chauffe-bain-regent-6litre-11litre","status":"publish","type":"product","link":"https:\/\/zdepot-dz.com\/?product=chauffe-bain-regent-6litre-11litre","title":{"rendered":"Chauffe Bain Regent 6Litre 11Litre"},"content":{"rendered":"<h3>Chauffe Bain Regent 6Litre 11Litre<\/h3>\n<ul>\n<li>Mod\u00e8le : JSD06<\/li>\n<li>Type de contr\u00f4le : contr\u00f4le d&rsquo;eau coul\u00e9e<\/li>\n<li>Type de Gaz : gaz de ville \/ Butane<\/li>\n<li>Type d&rsquo;allumage : Automatique et Electrique<\/li>\n<li>Puissance : 20 Kw<\/li>\n<li>Capacit\u00e9 d&rsquo;eau chaude : 6 Kg\/Min (25\u00baC)<\/li>\n<li>Branchement eau chaude \/ froide : 1\/2\u00a0\u00bb<\/li>\n<li>Conduite de chemin\u00e9e : 5 Kg\/Min ~ 7 Kg\/Min Diam : 90mm<\/li>\n<li>Pression d&rsquo;eau : 0.25 Bar ~ 5 Bar<\/li>\n<li>Pression du Gaz : 0.028 Bar<\/li>\n<li>Branchement Gaz : (Diam int\u00e9rieur) 95 mm en plastique<\/li>\n<\/ul>\n","protected":false},"excerpt":{"rendered":"<p>Chauffe Bain Regent 6Litre 11Litre Mod\u00e8le : JSD06 Type de contr\u00f4le : contr\u00f4le d&rsquo;eau coul\u00e9e Type de Gaz : gaz de ville \/ Butane Type d&rsquo;allumage : Automatique et Electrique Puissance : 20 Kw Capacit\u00e9 d&rsquo;eau chaude : 6 Kg\/Min (25\u00baC) Branchement eau chaude \/ froide : 1\/2\u00a0\u00bb Conduite de chemin\u00e9e : 5 Kg\/Min ~ &hellip;<\/p>\n<p class=\"read-more\"> <a class=\"\" href=\"https:\/\/zdepot-dz.com\/?product=chauffe-bain-regent-6litre-11litre\"> <span class=\"screen-reader-text\">Chauffe Bain Regent 6Litre 11Litre<\/span> Lire la suite\u00a0\u00bb<\/a><\/p>\n","protected":false},"featured_media":1568,"comment_status":"open","ping_status":"closed","template":"","meta":{"site-sidebar-layout":"default","site-content-layout":"default","ast-global-header-display":"","ast-banner-title-visibility":"","ast-main-header-display":"","ast-hfb-above-header-display":"","ast-hfb-below-header-display":"","ast-hfb-mobile-header-display":"","site-post-title":"","ast-breadcrumbs-content":"","ast-featured-img":"","footer-sml-layout":"","theme-transparent-header-meta":"default","adv-header-id-meta":"","stick-header-meta":"","header-above-stick-meta":"","header-main-stick-meta":"","header-below-stick-meta":""},"product_cat":[207,55],"product_tag":[209,208],"jetpack_sharing_enabled":true,"_links":{"self":[{"href":"https:\/\/zdepot-dz.com\/index.php?rest_route=\/wp\/v2\/product\/1565"}],"collection":[{"href":"https:\/\/zdepot-dz.com\/index.php?rest_route=\/wp\/v2\/product"}],"about":[{"href":"https:\/\/zdepot-dz.com\/index.php?rest_route=\/wp\/v2\/types\/product"}],"replies":[{"embeddable":true,"href":"https:\/\/zdepot-dz.com\/index.php?rest_route=%2Fwp%2Fv2%2Fcomments&post=1565"}],"wp:featuredmedia":[{"embeddable":true,"href":"https:\/\/zdepot-dz.com\/index.php?rest_route=\/wp\/v2\/media\/1568"}],"wp:attachment":[{"href":"https:\/\/zdepot-dz.com\/index.php?rest_route=%2Fwp%2Fv2%2Fmedia&parent=1565"}],"wp:term":[{"taxonomy":"product_cat","embeddable":true,"href":"https:\/\/zdepot-dz.com\/index.php?rest_route=%2Fwp%2Fv2%2Fproduct_cat&post=1565"},{"taxonomy":"product_tag","embeddable":true,"href":"https:\/\/zdepot-dz.com\/index.php?rest_route=%2Fwp%2Fv2%2Fproduct_tag&post=1565"}],"curies":[{"name":"wp","href":"https:\/\/api.w.org\/{rel}","templated":true}]}}