{"id":1547,"date":"2023-01-09T14:34:28","date_gmt":"2023-01-09T13:34:28","guid":{"rendered":"https:\/\/zdepot-dz.com\/?post_type=product&#038;p=1547"},"modified":"2023-04-09T09:49:15","modified_gmt":"2023-04-09T08:49:15","slug":"visseuse-makita-18v-3-0ah-13mm","status":"publish","type":"product","link":"https:\/\/zdepot-dz.com\/?product=visseuse-makita-18v-3-0ah-13mm","title":{"rendered":"Visseuse Makita 18V 3.0AH 13mm DDF456"},"content":{"rendered":"<h3>Visseuse Makita 18V 3.0AH 13mm DDF456<\/h3>\n<p>R\u00e9gime \u00e0 vide 1re vitesse: 0 &#8211; 400 tr\/min<br \/>\nR\u00e9gime \u00e0 vide 2e vitesse: 0 &#8211; 1 500 tr\/min<br \/>\nCapacit\u00e9 de forage dans le bois: 38 mm<br \/>\nCapacit\u00e9 de per\u00e7age dans l\u2019acier: 13 mm<br \/>\nCouple souple: 36 Nm<br \/>\nCouple de serrage: 50 Nm<br \/>\nPlage de serrage: 1,5 &#8211; 13 mm<\/p>\n","protected":false},"excerpt":{"rendered":"<p>Visseuse Makita 18V 3.0AH 13mm DDF456 R\u00e9gime \u00e0 vide 1re vitesse: 0 &#8211; 400 tr\/min R\u00e9gime \u00e0 vide 2e vitesse: 0 &#8211; 1 500 tr\/min Capacit\u00e9 de forage dans le bois: 38 mm Capacit\u00e9 de per\u00e7age dans l\u2019acier: 13 mm Couple souple: 36 Nm Couple de serrage: 50 Nm Plage de serrage: 1,5 &#8211; 13 &hellip;<\/p>\n<p class=\"read-more\"> <a class=\"\" href=\"https:\/\/zdepot-dz.com\/?product=visseuse-makita-18v-3-0ah-13mm\"> <span class=\"screen-reader-text\">Visseuse Makita 18V 3.0AH 13mm DDF456<\/span> Lire la suite\u00a0\u00bb<\/a><\/p>\n","protected":false},"featured_media":1550,"comment_status":"closed","ping_status":"closed","template":"","meta":{"site-sidebar-layout":"default","site-content-layout":"default","ast-global-header-display":"","ast-banner-title-visibility":"","ast-main-header-display":"","ast-hfb-above-header-display":"","ast-hfb-below-header-display":"","ast-hfb-mobile-header-display":"","site-post-title":"","ast-breadcrumbs-content":"","ast-featured-img":"","footer-sml-layout":"","theme-transparent-header-meta":"default","adv-header-id-meta":"","stick-header-meta":"","header-above-stick-meta":"","header-main-stick-meta":"","header-below-stick-meta":""},"product_cat":[53],"product_tag":[100,128,202,203],"jetpack_sharing_enabled":true,"_links":{"self":[{"href":"https:\/\/zdepot-dz.com\/index.php?rest_route=\/wp\/v2\/product\/1547"}],"collection":[{"href":"https:\/\/zdepot-dz.com\/index.php?rest_route=\/wp\/v2\/product"}],"about":[{"href":"https:\/\/zdepot-dz.com\/index.php?rest_route=\/wp\/v2\/types\/product"}],"replies":[{"embeddable":true,"href":"https:\/\/zdepot-dz.com\/index.php?rest_route=%2Fwp%2Fv2%2Fcomments&post=1547"}],"wp:featuredmedia":[{"embeddable":true,"href":"https:\/\/zdepot-dz.com\/index.php?rest_route=\/wp\/v2\/media\/1550"}],"wp:attachment":[{"href":"https:\/\/zdepot-dz.com\/index.php?rest_route=%2Fwp%2Fv2%2Fmedia&parent=1547"}],"wp:term":[{"taxonomy":"product_cat","embeddable":true,"href":"https:\/\/zdepot-dz.com\/index.php?rest_route=%2Fwp%2Fv2%2Fproduct_cat&post=1547"},{"taxonomy":"product_tag","embeddable":true,"href":"https:\/\/zdepot-dz.com\/index.php?rest_route=%2Fwp%2Fv2%2Fproduct_tag&post=1547"}],"curies":[{"name":"wp","href":"https:\/\/api.w.org\/{rel}","templated":true}]}}