{"id":1517,"date":"2022-12-20T16:04:09","date_gmt":"2022-12-20T15:04:09","guid":{"rendered":"https:\/\/zdepot-dz.com\/?post_type=product&#038;p=1517"},"modified":"2023-04-09T09:50:33","modified_gmt":"2023-04-09T08:50:33","slug":"tronconneuse-a-bois-a-chaine-essence-3-2kw-ingco-gcs5622411","status":"publish","type":"product","link":"https:\/\/zdepot-dz.com\/?product=tronconneuse-a-bois-a-chaine-essence-3-2kw-ingco-gcs5622411","title":{"rendered":"Tron\u00e7onneuse A Bois A Chaine Essence 3.2KW INGCO GCS5622411"},"content":{"rendered":"<h3>Tron\u00e7onneuse A Bois A Chaine Essence 3.2KW INGCO GCS5622411<\/h3>\n<ul>\n<li>Puissance de sortie 3200W<\/li>\n<li>Vitesse de ralenti 3200tr\/min<\/li>\n<li>Vitesse de la cha\u00eene de scie (par la puissance du moteur 100% \/ 133%) 15,8 \/ 21 m \/ s<\/li>\n<li>Cylindr\u00e9e 45 cm\u00b3<\/li>\n<li>Caract\u00e9ristiques du moteur 1 cylindre \u2013 2 temps \u2013 Refroidissement \u00e0 l\u2019air<\/li>\n<li>Capacit\u00e9 du r\u00e9servoir de carburant 670ml<\/li>\n<li>Capacit\u00e9 du r\u00e9servoir d\u2019huile (pour lubrifier la cha\u00eene) 350 ml<\/li>\n<li>Lubrification automatique de la cha\u00eene<\/li>\n<li>Longueur de la cha\u00eene 605mm 24\u201c<\/li>\n<li>Param\u00e8tres de cha\u00eene de scie (pas de cha\u00eene \/ jauge de cha\u00eene) 8,26 \/ 1,47 mm<\/li>\n<li>Poids net (\u00e9quipement de coupe exclu) 8.00kg<\/li>\n<\/ul>\n","protected":false},"excerpt":{"rendered":"<p>Tron\u00e7onneuse A Bois A Chaine Essence 3.2KW INGCO GCS5622411 Puissance de sortie 3200W Vitesse de ralenti 3200tr\/min Vitesse de la cha\u00eene de scie (par la puissance du moteur 100% \/ 133%) 15,8 \/ 21 m \/ s Cylindr\u00e9e 45 cm\u00b3 Caract\u00e9ristiques du moteur 1 cylindre \u2013 2 temps \u2013 Refroidissement \u00e0 l\u2019air Capacit\u00e9 du r\u00e9servoir &hellip;<\/p>\n<p class=\"read-more\"> <a class=\"\" href=\"https:\/\/zdepot-dz.com\/?product=tronconneuse-a-bois-a-chaine-essence-3-2kw-ingco-gcs5622411\"> <span class=\"screen-reader-text\">Tron\u00e7onneuse A Bois A Chaine Essence 3.2KW INGCO GCS5622411<\/span> Lire la suite\u00a0\u00bb<\/a><\/p>\n","protected":false},"featured_media":1519,"comment_status":"closed","ping_status":"closed","template":"","meta":{"site-sidebar-layout":"default","site-content-layout":"default","ast-global-header-display":"","ast-banner-title-visibility":"","ast-main-header-display":"","ast-hfb-above-header-display":"","ast-hfb-below-header-display":"","ast-hfb-mobile-header-display":"","site-post-title":"","ast-breadcrumbs-content":"","ast-featured-img":"","footer-sml-layout":"","theme-transparent-header-meta":"default","adv-header-id-meta":"","stick-header-meta":"","header-above-stick-meta":"","header-main-stick-meta":"","header-below-stick-meta":""},"product_cat":[53],"product_tag":[173,110,105,194],"jetpack_sharing_enabled":true,"_links":{"self":[{"href":"https:\/\/zdepot-dz.com\/index.php?rest_route=\/wp\/v2\/product\/1517"}],"collection":[{"href":"https:\/\/zdepot-dz.com\/index.php?rest_route=\/wp\/v2\/product"}],"about":[{"href":"https:\/\/zdepot-dz.com\/index.php?rest_route=\/wp\/v2\/types\/product"}],"replies":[{"embeddable":true,"href":"https:\/\/zdepot-dz.com\/index.php?rest_route=%2Fwp%2Fv2%2Fcomments&post=1517"}],"wp:featuredmedia":[{"embeddable":true,"href":"https:\/\/zdepot-dz.com\/index.php?rest_route=\/wp\/v2\/media\/1519"}],"wp:attachment":[{"href":"https:\/\/zdepot-dz.com\/index.php?rest_route=%2Fwp%2Fv2%2Fmedia&parent=1517"}],"wp:term":[{"taxonomy":"product_cat","embeddable":true,"href":"https:\/\/zdepot-dz.com\/index.php?rest_route=%2Fwp%2Fv2%2Fproduct_cat&post=1517"},{"taxonomy":"product_tag","embeddable":true,"href":"https:\/\/zdepot-dz.com\/index.php?rest_route=%2Fwp%2Fv2%2Fproduct_tag&post=1517"}],"curies":[{"name":"wp","href":"https:\/\/api.w.org\/{rel}","templated":true}]}}