{"id":1515,"date":"2022-12-20T09:57:13","date_gmt":"2022-12-20T08:57:13","guid":{"rendered":"https:\/\/zdepot-dz.com\/?post_type=product&#038;p=1515"},"modified":"2023-04-09T09:50:51","modified_gmt":"2023-04-09T08:50:51","slug":"ingco-marteau-perforateur-rotatif-a-batterie-20v-crhli1601m","status":"publish","type":"product","link":"https:\/\/zdepot-dz.com\/?product=ingco-marteau-perforateur-rotatif-a-batterie-20v-crhli1601m","title":{"rendered":"INGCO Marteau Perforateur Rotatif a batterie 20V CRHLI1601M"},"content":{"rendered":"<h3>INGCO Marteau Perforateur Rotatif a batterie 20V CRHLI1601M<\/h3>\n<div id=\"product-description-short-16459\" class=\"rte-content product-description\">\n<ul>\n<li><strong>Tension 20V<\/strong><\/li>\n<li><strong>Vitesse a vide 0-900\/min<\/strong><\/li>\n<li><strong>Force de frappe 0-5100bpm<\/strong><\/li>\n<li><strong>Force de frappe 1.5J<\/strong><\/li>\n<li>Capacit\u00e9 de per\u00e7age 16mm<\/li>\n<li>Torche int\u00e9grer<\/li>\n<li>Livr\u00e9 avec 3 m\u00e8ches<\/li>\n<li>Livr\u00e9 sans chargeur et sans batterie<\/li>\n<\/ul>\n<\/div>\n","protected":false},"excerpt":{"rendered":"<p>INGCO Marteau Perforateur Rotatif a batterie 20V CRHLI1601M Tension 20V Vitesse a vide 0-900\/min Force de frappe 0-5100bpm Force de frappe 1.5J Capacit\u00e9 de per\u00e7age 16mm Torche int\u00e9grer Livr\u00e9 avec 3 m\u00e8ches Livr\u00e9 sans chargeur et sans batterie<\/p>\n","protected":false},"featured_media":1516,"comment_status":"closed","ping_status":"closed","template":"","meta":{"site-sidebar-layout":"default","site-content-layout":"default","ast-global-header-display":"","ast-banner-title-visibility":"","ast-main-header-display":"","ast-hfb-above-header-display":"","ast-hfb-below-header-display":"","ast-hfb-mobile-header-display":"","site-post-title":"","ast-breadcrumbs-content":"","ast-featured-img":"","footer-sml-layout":"","theme-transparent-header-meta":"default","adv-header-id-meta":"","stick-header-meta":"","header-above-stick-meta":"","header-main-stick-meta":"","header-below-stick-meta":""},"product_cat":[53],"product_tag":[173,190,140,161],"jetpack_sharing_enabled":true,"_links":{"self":[{"href":"https:\/\/zdepot-dz.com\/index.php?rest_route=\/wp\/v2\/product\/1515"}],"collection":[{"href":"https:\/\/zdepot-dz.com\/index.php?rest_route=\/wp\/v2\/product"}],"about":[{"href":"https:\/\/zdepot-dz.com\/index.php?rest_route=\/wp\/v2\/types\/product"}],"replies":[{"embeddable":true,"href":"https:\/\/zdepot-dz.com\/index.php?rest_route=%2Fwp%2Fv2%2Fcomments&post=1515"}],"wp:featuredmedia":[{"embeddable":true,"href":"https:\/\/zdepot-dz.com\/index.php?rest_route=\/wp\/v2\/media\/1516"}],"wp:attachment":[{"href":"https:\/\/zdepot-dz.com\/index.php?rest_route=%2Fwp%2Fv2%2Fmedia&parent=1515"}],"wp:term":[{"taxonomy":"product_cat","embeddable":true,"href":"https:\/\/zdepot-dz.com\/index.php?rest_route=%2Fwp%2Fv2%2Fproduct_cat&post=1515"},{"taxonomy":"product_tag","embeddable":true,"href":"https:\/\/zdepot-dz.com\/index.php?rest_route=%2Fwp%2Fv2%2Fproduct_tag&post=1515"}],"curies":[{"name":"wp","href":"https:\/\/api.w.org\/{rel}","templated":true}]}}