{"id":1500,"date":"2022-12-16T12:06:06","date_gmt":"2022-12-16T11:06:06","guid":{"rendered":"https:\/\/zdepot-dz.com\/?post_type=product&#038;p=1500"},"modified":"2023-04-09T09:52:08","modified_gmt":"2023-04-09T08:52:08","slug":"groupe-electrogene-1200w-ingco-ge15002","status":"publish","type":"product","link":"https:\/\/zdepot-dz.com\/?product=groupe-electrogene-1200w-ingco-ge15002","title":{"rendered":"Groupe \u00e9lectrog\u00e8ne 1200W INGCO \u2013 GE15002"},"content":{"rendered":"<h3>Groupe \u00e9lectrog\u00e8ne 1200W INGCO \u2013 GE15002<\/h3>\n<ul>\n<li>Tension 220V-240V ~ 50 \/ 60Hz<\/li>\n<li>Puissance d\u2019entr\u00e9e 1000 W<\/li>\n<li>Vitesse nominale (tr \/ min) 3000<\/li>\n<li>Moteur: 4 temps, OHV<\/li>\n<li>Cylindr\u00e9e (ml): 87<\/li>\n<li>Refroidissement Syst\u00e8me: Refroidissement par air<\/li>\n<li>Syst\u00e8me d\u2019allumage : TCI<\/li>\n<li>Syst\u00e8me de d\u00e9marrage : Recoil<\/li>\n<li>R\u00e9servoir de carburant (L): 5.5<\/li>\n<li>Poids \u00e0 sec (Kg): 23<\/li>\n<\/ul>\n","protected":false},"excerpt":{"rendered":"<p>Groupe \u00e9lectrog\u00e8ne 1200W INGCO \u2013 GE15002 Tension 220V-240V ~ 50 \/ 60Hz Puissance d\u2019entr\u00e9e 1000 W Vitesse nominale (tr \/ min) 3000 Moteur: 4 temps, OHV Cylindr\u00e9e (ml): 87 Refroidissement Syst\u00e8me: Refroidissement par air Syst\u00e8me d\u2019allumage : TCI Syst\u00e8me de d\u00e9marrage : Recoil R\u00e9servoir de carburant (L): 5.5 Poids \u00e0 sec (Kg): 23<\/p>\n","protected":false},"featured_media":1503,"comment_status":"closed","ping_status":"closed","template":"","meta":{"site-sidebar-layout":"default","site-content-layout":"default","ast-global-header-display":"","ast-banner-title-visibility":"","ast-main-header-display":"","ast-hfb-above-header-display":"","ast-hfb-below-header-display":"","ast-hfb-mobile-header-display":"","site-post-title":"","ast-breadcrumbs-content":"","ast-featured-img":"","footer-sml-layout":"","theme-transparent-header-meta":"default","adv-header-id-meta":"","stick-header-meta":"","header-above-stick-meta":"","header-main-stick-meta":"","header-below-stick-meta":""},"product_cat":[53],"product_tag":[187,188,189,173],"jetpack_sharing_enabled":true,"_links":{"self":[{"href":"https:\/\/zdepot-dz.com\/index.php?rest_route=\/wp\/v2\/product\/1500"}],"collection":[{"href":"https:\/\/zdepot-dz.com\/index.php?rest_route=\/wp\/v2\/product"}],"about":[{"href":"https:\/\/zdepot-dz.com\/index.php?rest_route=\/wp\/v2\/types\/product"}],"replies":[{"embeddable":true,"href":"https:\/\/zdepot-dz.com\/index.php?rest_route=%2Fwp%2Fv2%2Fcomments&post=1500"}],"wp:featuredmedia":[{"embeddable":true,"href":"https:\/\/zdepot-dz.com\/index.php?rest_route=\/wp\/v2\/media\/1503"}],"wp:attachment":[{"href":"https:\/\/zdepot-dz.com\/index.php?rest_route=%2Fwp%2Fv2%2Fmedia&parent=1500"}],"wp:term":[{"taxonomy":"product_cat","embeddable":true,"href":"https:\/\/zdepot-dz.com\/index.php?rest_route=%2Fwp%2Fv2%2Fproduct_cat&post=1500"},{"taxonomy":"product_tag","embeddable":true,"href":"https:\/\/zdepot-dz.com\/index.php?rest_route=%2Fwp%2Fv2%2Fproduct_tag&post=1500"}],"curies":[{"name":"wp","href":"https:\/\/api.w.org\/{rel}","templated":true}]}}