{"id":1480,"date":"2022-12-13T13:57:11","date_gmt":"2022-12-13T12:57:11","guid":{"rendered":"https:\/\/zdepot-dz.com\/?post_type=product&#038;p=1480"},"modified":"2023-04-09T09:56:15","modified_gmt":"2023-04-09T08:56:15","slug":"boulonneuse-a-choc-550nm-1050w-ingco-iw10508","status":"publish","type":"product","link":"https:\/\/zdepot-dz.com\/?product=boulonneuse-a-choc-550nm-1050w-ingco-iw10508","title":{"rendered":"Boulonneuse A Choc 550nm 1050W INGCO IW10508"},"content":{"rendered":"<h3>Boulonneuse A Choc 550nm 1050W INGCO IW10508<\/h3>\n<div class=\"electro-description clearfix\">\n<ul class=\"a-unordered-list a-vertical a-spacing-mini\">\n<li>Cl\u00e9 \u00e0 Choc \u00e9lectrique INGCO IW10508<\/li>\n<li>Puissance nominale d entr\u00e9e 1050W<\/li>\n<li>Tension nominale 220-240V<\/li>\n<li>Fr\u00e9quence 50\/60Hz<\/li>\n<li>Type Cl\u00e9 \u00e0 choc<\/li>\n<li>Poids 5kg<\/li>\n<\/ul>\n<\/div>\n","protected":false},"excerpt":{"rendered":"<p>Boulonneuse A Choc 550nm 1050W INGCO IW10508 Cl\u00e9 \u00e0 Choc \u00e9lectrique INGCO IW10508 Puissance nominale d entr\u00e9e 1050W Tension nominale 220-240V Fr\u00e9quence 50\/60Hz Type Cl\u00e9 \u00e0 choc Poids 5kg<\/p>\n","protected":false},"featured_media":1481,"comment_status":"closed","ping_status":"closed","template":"","meta":{"site-sidebar-layout":"default","site-content-layout":"default","ast-global-header-display":"","ast-banner-title-visibility":"","ast-main-header-display":"","ast-hfb-above-header-display":"","ast-hfb-below-header-display":"","ast-hfb-mobile-header-display":"","site-post-title":"","ast-breadcrumbs-content":"","ast-featured-img":"","footer-sml-layout":"","theme-transparent-header-meta":"default","adv-header-id-meta":"","stick-header-meta":"","header-above-stick-meta":"","header-main-stick-meta":"","header-below-stick-meta":""},"product_cat":[15],"product_tag":[65,175,174,173],"jetpack_sharing_enabled":true,"_links":{"self":[{"href":"https:\/\/zdepot-dz.com\/index.php?rest_route=\/wp\/v2\/product\/1480"}],"collection":[{"href":"https:\/\/zdepot-dz.com\/index.php?rest_route=\/wp\/v2\/product"}],"about":[{"href":"https:\/\/zdepot-dz.com\/index.php?rest_route=\/wp\/v2\/types\/product"}],"replies":[{"embeddable":true,"href":"https:\/\/zdepot-dz.com\/index.php?rest_route=%2Fwp%2Fv2%2Fcomments&post=1480"}],"wp:featuredmedia":[{"embeddable":true,"href":"https:\/\/zdepot-dz.com\/index.php?rest_route=\/wp\/v2\/media\/1481"}],"wp:attachment":[{"href":"https:\/\/zdepot-dz.com\/index.php?rest_route=%2Fwp%2Fv2%2Fmedia&parent=1480"}],"wp:term":[{"taxonomy":"product_cat","embeddable":true,"href":"https:\/\/zdepot-dz.com\/index.php?rest_route=%2Fwp%2Fv2%2Fproduct_cat&post=1480"},{"taxonomy":"product_tag","embeddable":true,"href":"https:\/\/zdepot-dz.com\/index.php?rest_route=%2Fwp%2Fv2%2Fproduct_tag&post=1480"}],"curies":[{"name":"wp","href":"https:\/\/api.w.org\/{rel}","templated":true}]}}