{"id":1474,"date":"2022-12-13T10:35:35","date_gmt":"2022-12-13T09:35:35","guid":{"rendered":"https:\/\/zdepot-dz.com\/?post_type=product&#038;p=1474"},"modified":"2023-04-09T11:18:06","modified_gmt":"2023-04-09T10:18:06","slug":"visseuse-stanley-10mm-10-8v-li-ion-double-batterie-scd12","status":"publish","type":"product","link":"https:\/\/zdepot-dz.com\/?product=visseuse-stanley-10mm-10-8v-li-ion-double-batterie-scd12","title":{"rendered":"Visseuse Stanley 10mm 10.8V Li-Ion Double Batterie SCD12"},"content":{"rendered":"<h3>Visseuse Stanley 10mm 10.8V Li-Ion Double Batterie SCD12<\/h3>\n<ul>\n<li>Visseuse perceuse Stanley 10mm 10.8V<\/li>\n<li>Facile \u00e0 transporter et \u00e0 utiliser.<\/li>\n<li>Poign\u00e9e confortable et ne glisse pas.<\/li>\n<li>Votre puissant moteur vous fait gagner du temps et des efforts.<\/li>\n<li>Travaux d\u2019installation ou de d\u00e9montage<\/li>\n<\/ul>\n<p>Livr\u00e9 Avec:<br \/>\nVisseuse Stanley 10.8V<br \/>\nDeux Batterie Stanley 10.8V LI-Ion<br \/>\nUn Chargeur De Batterie<\/p>\n","protected":false},"excerpt":{"rendered":"<p>Visseuse Stanley 10mm 10.8V Li-Ion Double Batterie SCD12 Visseuse perceuse Stanley 10mm 10.8V Facile \u00e0 transporter et \u00e0 utiliser. Poign\u00e9e confortable et ne glisse pas. Votre puissant moteur vous fait gagner du temps et des efforts. Travaux d\u2019installation ou de d\u00e9montage Livr\u00e9 Avec: Visseuse Stanley 10.8V Deux Batterie Stanley 10.8V LI-Ion Un Chargeur De Batterie<\/p>\n","protected":false},"featured_media":1475,"comment_status":"closed","ping_status":"closed","template":"","meta":{"site-sidebar-layout":"default","site-content-layout":"default","ast-global-header-display":"","ast-banner-title-visibility":"","ast-main-header-display":"","ast-hfb-above-header-display":"","ast-hfb-below-header-display":"","ast-hfb-mobile-header-display":"","site-post-title":"","ast-breadcrumbs-content":"","ast-featured-img":"","footer-sml-layout":"","theme-transparent-header-meta":"default","adv-header-id-meta":"","stick-header-meta":"","header-above-stick-meta":"","header-main-stick-meta":"","header-below-stick-meta":""},"product_cat":[53],"product_tag":[159,100,168,116,167],"jetpack_sharing_enabled":true,"_links":{"self":[{"href":"https:\/\/zdepot-dz.com\/index.php?rest_route=\/wp\/v2\/product\/1474"}],"collection":[{"href":"https:\/\/zdepot-dz.com\/index.php?rest_route=\/wp\/v2\/product"}],"about":[{"href":"https:\/\/zdepot-dz.com\/index.php?rest_route=\/wp\/v2\/types\/product"}],"replies":[{"embeddable":true,"href":"https:\/\/zdepot-dz.com\/index.php?rest_route=%2Fwp%2Fv2%2Fcomments&post=1474"}],"wp:featuredmedia":[{"embeddable":true,"href":"https:\/\/zdepot-dz.com\/index.php?rest_route=\/wp\/v2\/media\/1475"}],"wp:attachment":[{"href":"https:\/\/zdepot-dz.com\/index.php?rest_route=%2Fwp%2Fv2%2Fmedia&parent=1474"}],"wp:term":[{"taxonomy":"product_cat","embeddable":true,"href":"https:\/\/zdepot-dz.com\/index.php?rest_route=%2Fwp%2Fv2%2Fproduct_cat&post=1474"},{"taxonomy":"product_tag","embeddable":true,"href":"https:\/\/zdepot-dz.com\/index.php?rest_route=%2Fwp%2Fv2%2Fproduct_tag&post=1474"}],"curies":[{"name":"wp","href":"https:\/\/api.w.org\/{rel}","templated":true}]}}