{"id":1464,"date":"2022-12-11T16:57:27","date_gmt":"2022-12-11T15:57:27","guid":{"rendered":"https:\/\/zdepot-dz.com\/?post_type=product&#038;p=1464"},"modified":"2023-04-09T11:19:08","modified_gmt":"2023-04-09T10:19:08","slug":"marteau-perforateur-stanley-1600w-10kg-avec-boite-de-rangement","status":"publish","type":"product","link":"https:\/\/zdepot-dz.com\/?product=marteau-perforateur-stanley-1600w-10kg-avec-boite-de-rangement","title":{"rendered":"Marteau Perforateur Stanley 1600W 10KG Avec Boite De Rangement"},"content":{"rendered":"<h3>Marteau Perforateur Stanley 1600W 10KG Avec Boite De Rangement<\/h3>\n<ul>\n<li>Entr\u00e9e de puissance 1600 W<\/li>\n<li>Type de mandrin SDS-PLUS<\/li>\n<li>Type de moteur Bross\u00e9<\/li>\n<li>Max. Capacit\u00e9 de forage (b\u00e9ton) 26 mm (1 \u00ab\u00a0)<\/li>\n<li>Max. Capacit\u00e9 de per\u00e7age (acier) 13 mm (1\/2 \u00ab\u00a0)<\/li>\n<li>Max. Capacit\u00e9 de per\u00e7age (bois) 30 mm (1-3 \/ 16 \u00ab\u00a0)<\/li>\n<li>Impacts par minute 0 \u00e0 4300 ipm<\/li>\n<li>Aucune vitesse de chargement 0 \u00e0 1 150 tr \/ min<\/li>\n<li>Dimension (L x L x H)<\/li>\n<li>Poids net 3.2 kg<\/li>\n<li>Cordon d&rsquo;alimentation<\/li>\n<li>Vitesse variable Oui<\/li>\n<\/ul>\n","protected":false},"excerpt":{"rendered":"<p>Marteau Perforateur Stanley 1600W 10KG Avec Boite De Rangement Entr\u00e9e de puissance 1600 W Type de mandrin SDS-PLUS Type de moteur Bross\u00e9 Max. Capacit\u00e9 de forage (b\u00e9ton) 26 mm (1 \u00ab\u00a0) Max. Capacit\u00e9 de per\u00e7age (acier) 13 mm (1\/2 \u00ab\u00a0) Max. Capacit\u00e9 de per\u00e7age (bois) 30 mm (1-3 \/ 16 \u00ab\u00a0) Impacts par minute 0 &hellip;<\/p>\n<p class=\"read-more\"> <a class=\"\" href=\"https:\/\/zdepot-dz.com\/?product=marteau-perforateur-stanley-1600w-10kg-avec-boite-de-rangement\"> <span class=\"screen-reader-text\">Marteau Perforateur Stanley 1600W 10KG Avec Boite De Rangement<\/span> Lire la suite\u00a0\u00bb<\/a><\/p>\n","protected":false},"featured_media":1465,"comment_status":"closed","ping_status":"closed","template":"","meta":{"site-sidebar-layout":"default","site-content-layout":"default","ast-global-header-display":"","ast-banner-title-visibility":"","ast-main-header-display":"","ast-hfb-above-header-display":"","ast-hfb-below-header-display":"","ast-hfb-mobile-header-display":"","site-post-title":"","ast-breadcrumbs-content":"","ast-featured-img":"","footer-sml-layout":"","theme-transparent-header-meta":"default","adv-header-id-meta":"","stick-header-meta":"","header-above-stick-meta":"","header-main-stick-meta":"","header-below-stick-meta":""},"product_cat":[53],"product_tag":[140,81,120,163,162],"jetpack_sharing_enabled":true,"_links":{"self":[{"href":"https:\/\/zdepot-dz.com\/index.php?rest_route=\/wp\/v2\/product\/1464"}],"collection":[{"href":"https:\/\/zdepot-dz.com\/index.php?rest_route=\/wp\/v2\/product"}],"about":[{"href":"https:\/\/zdepot-dz.com\/index.php?rest_route=\/wp\/v2\/types\/product"}],"replies":[{"embeddable":true,"href":"https:\/\/zdepot-dz.com\/index.php?rest_route=%2Fwp%2Fv2%2Fcomments&post=1464"}],"wp:featuredmedia":[{"embeddable":true,"href":"https:\/\/zdepot-dz.com\/index.php?rest_route=\/wp\/v2\/media\/1465"}],"wp:attachment":[{"href":"https:\/\/zdepot-dz.com\/index.php?rest_route=%2Fwp%2Fv2%2Fmedia&parent=1464"}],"wp:term":[{"taxonomy":"product_cat","embeddable":true,"href":"https:\/\/zdepot-dz.com\/index.php?rest_route=%2Fwp%2Fv2%2Fproduct_cat&post=1464"},{"taxonomy":"product_tag","embeddable":true,"href":"https:\/\/zdepot-dz.com\/index.php?rest_route=%2Fwp%2Fv2%2Fproduct_tag&post=1464"}],"curies":[{"name":"wp","href":"https:\/\/api.w.org\/{rel}","templated":true}]}}