{"id":1462,"date":"2022-12-11T16:48:45","date_gmt":"2022-12-11T15:48:45","guid":{"rendered":"https:\/\/zdepot-dz.com\/?post_type=product&#038;p=1462"},"modified":"2023-04-09T11:19:20","modified_gmt":"2023-04-09T10:19:20","slug":"marteau-perforateur-stanley-1250w-32mm-avec-boite-de-rangement","status":"publish","type":"product","link":"https:\/\/zdepot-dz.com\/?product=marteau-perforateur-stanley-1250w-32mm-avec-boite-de-rangement","title":{"rendered":"Marteau Perforateur Stanley 1250W 32mm Avec Boite De Rangement"},"content":{"rendered":"<h3>Marteau Perforateur Stanley STHR323K 1250W 32mm Avec Boite De Rangement<\/h3>\n<ul>\n<li>Poids : 5.4kg<\/li>\n<li>Puissance nominale: 1250 W<\/li>\n<li>Tension : 220-240 V~ 50\/60 Hz<\/li>\n<li>Diam\u00e8tre de per\u00e7age maximal dans l\u2019acier: 13mm<\/li>\n<li>Diam\u00e8tre de per\u00e7age maximal dans le bois: 40mm<\/li>\n<li>Diam\u00e8tre de per\u00e7age maximal dans le b\u00e9ton: 32mm<\/li>\n<li>Vitesse de rotation: 0-850\/min<\/li>\n<li>Force de frappe\u00a0: 3.5 J<\/li>\n<\/ul>\n","protected":false},"excerpt":{"rendered":"<p>Marteau Perforateur Stanley STHR323K 1250W 32mm Avec Boite De Rangement Poids : 5.4kg Puissance nominale: 1250 W Tension : 220-240 V~ 50\/60 Hz Diam\u00e8tre de per\u00e7age maximal dans l\u2019acier: 13mm Diam\u00e8tre de per\u00e7age maximal dans le bois: 40mm Diam\u00e8tre de per\u00e7age maximal dans le b\u00e9ton: 32mm Vitesse de rotation: 0-850\/min Force de frappe\u00a0: 3.5 J<\/p>\n","protected":false},"featured_media":1463,"comment_status":"closed","ping_status":"closed","template":"","meta":{"site-sidebar-layout":"default","site-content-layout":"default","ast-global-header-display":"","ast-banner-title-visibility":"","ast-main-header-display":"","ast-hfb-above-header-display":"","ast-hfb-below-header-display":"","ast-hfb-mobile-header-display":"","site-post-title":"","ast-breadcrumbs-content":"","ast-featured-img":"","footer-sml-layout":"","theme-transparent-header-meta":"default","adv-header-id-meta":"","stick-header-meta":"","header-above-stick-meta":"","header-main-stick-meta":"","header-below-stick-meta":""},"product_cat":[53],"product_tag":[81,120,159,163,162],"jetpack_sharing_enabled":true,"_links":{"self":[{"href":"https:\/\/zdepot-dz.com\/index.php?rest_route=\/wp\/v2\/product\/1462"}],"collection":[{"href":"https:\/\/zdepot-dz.com\/index.php?rest_route=\/wp\/v2\/product"}],"about":[{"href":"https:\/\/zdepot-dz.com\/index.php?rest_route=\/wp\/v2\/types\/product"}],"replies":[{"embeddable":true,"href":"https:\/\/zdepot-dz.com\/index.php?rest_route=%2Fwp%2Fv2%2Fcomments&post=1462"}],"wp:featuredmedia":[{"embeddable":true,"href":"https:\/\/zdepot-dz.com\/index.php?rest_route=\/wp\/v2\/media\/1463"}],"wp:attachment":[{"href":"https:\/\/zdepot-dz.com\/index.php?rest_route=%2Fwp%2Fv2%2Fmedia&parent=1462"}],"wp:term":[{"taxonomy":"product_cat","embeddable":true,"href":"https:\/\/zdepot-dz.com\/index.php?rest_route=%2Fwp%2Fv2%2Fproduct_cat&post=1462"},{"taxonomy":"product_tag","embeddable":true,"href":"https:\/\/zdepot-dz.com\/index.php?rest_route=%2Fwp%2Fv2%2Fproduct_tag&post=1462"}],"curies":[{"name":"wp","href":"https:\/\/api.w.org\/{rel}","templated":true}]}}