{"id":1456,"date":"2022-12-11T15:43:47","date_gmt":"2022-12-11T14:43:47","guid":{"rendered":"https:\/\/zdepot-dz.com\/?post_type=product&#038;p=1456"},"modified":"2023-04-09T11:20:20","modified_gmt":"2023-04-09T10:20:20","slug":"marteau-perforateur-rotatif-stanley-850w-26mm-4kg-avec-boite-de-rangement","status":"publish","type":"product","link":"https:\/\/zdepot-dz.com\/?product=marteau-perforateur-rotatif-stanley-850w-26mm-4kg-avec-boite-de-rangement","title":{"rendered":"Marteau Perforateur Rotatif Stanley 850W 26mm 4KG Avec Boite De Rangement"},"content":{"rendered":"<h3>Marteau Perforateur Rotatif Stanley 850W 26mm 4KG Avec Boite De Rangement<\/h3>\n<div id=\"description\" class=\"tab-pane in active\">\n<div class=\"product-description\">\n<div class=\"rte-content\">\n<p>Le\u00a0marteau perforateur rotatif Stanley 26mm 850W STHR272KS se compose de 2 modes distincts:forage au marteau ainsi que burinage et ce, pour assurer des r\u00e9sultats remarquables. Sa capacit\u00e9 de 26 mm assure une \u00e9nergie d&rsquo;impact de 4.1J.<\/p>\n<p>Le marteau perforateur rotatif Stanley 26mm 850W STHR272KS en forme L, contient une poign\u00e9e ergonomique pour une maniabilit\u00e9 facile et confortable. Il assure la s\u00e9curit\u00e9 de ses utilisateurs gr\u00e2ce \u00e0 son embrayage qui lutte contre les r\u00e9actions brusques en cas de blocage du tr\u00e9pan.<\/p>\n<\/div>\n<\/div>\n<\/div>\n<p>Longueur 380\u00a0mm<br \/>\nHauteur 262 mm<br \/>\nPoids 5.1 kg<br \/>\nVitesse \u00e0 vide 0-700 tr\/min<br \/>\nPuissance absorb\u00e9e 850 W<br \/>\nEnergie de frappe 4.1 J<br \/>\nCap. de per\u00e7age maximale (Ma\u00e7onnerie) 26\u00a0mm<br \/>\nR\u00e9f\u00e9rence STHR272KS-B5<\/p>\n","protected":false},"excerpt":{"rendered":"<div id=\"description\" class=\"tab-pane in active\">\n<div class=\"product-description\">\n<div class=\"rte-content\">\n<p>&nbsp;<\/p>\n<\/div>\n<\/div>\n<\/div>\n<div id=\"product-details-tab\" class=\"tab-pane \">\n<div id=\"product-details\" class=\"clearfix\" data-product=\"{&quot;id_shop_default&quot;:&quot;1&quot;,&quot;id_manufacturer&quot;:&quot;0&quot;,&quot;id_supplier&quot;:&quot;0&quot;,&quot;reference&quot;:&quot;STHR272KS&quot;,&quot;is_virtual&quot;:&quot;0&quot;,&quot;delivery_in_stock&quot;:&quot;&quot;,&quot;delivery_out_stock&quot;:&quot;&quot;,&quot;id_category_default&quot;:&quot;145&quot;,&quot;on_sale&quot;:&quot;0&quot;,&quot;online_only&quot;:&quot;0&quot;,&quot;ecotax&quot;:0,&quot;minimal_quantity&quot;:&quot;1&quot;,&quot;low_stock_threshold&quot;:null,&quot;low_stock_alert&quot;:&quot;0&quot;,&quot;price&quot;:&quot;14\\u00a0200,00\\u00a0DZD&quot;,&quot;unity&quot;:&quot;&quot;,&quot;unit_price_ratio&quot;:&quot;0.000000&quot;,&quot;additional_shipping_cost&quot;:&quot;0.00&quot;,&quot;customizable&quot;:&quot;0&quot;,&quot;text_fields&quot;:&quot;0&quot;,&quot;uploadable_files&quot;:&quot;0&quot;,&quot;redirect_type&quot;:&quot;301-category&quot;,&quot;id_type_redirected&quot;:&quot;0&quot;,&quot;available_for_order&quot;:&quot;1&quot;,&quot;available_date&quot;:&quot;0000-00-00&quot;,&quot;show_condition&quot;:&quot;0&quot;,&quot;condition&quot;:&quot;new&quot;,&quot;show_price&quot;:&quot;1&quot;,&quot;indexed&quot;:&quot;1&quot;,&quot;visibility&quot;:&quot;both&quot;,&quot;cache_default_attribute&quot;:&quot;0&quot;,&quot;advanced_stock_management&quot;:&quot;0&quot;,&quot;date_add&quot;:&quot;2019-08-08 16:19:53&quot;,&quot;date_upd&quot;:&quot;2019-12-08 15:10:33&quot;,&quot;pack_stock_type&quot;:&quot;3&quot;,&quot;meta_description&quot;:&quot;Le marteau perforateur rotatif Stanley 26mm 850W STHR272KS est disponible sur votre site de vente en ligne:keyna.dz. Nous livrons sur les 48 wilayas.&quot;,&quot;meta_keywords&quot;:&quot;&quot;,&quot;meta_title&quot;:&quot;Marteau Perforateur Rotatif STANLEY 26mm 850W -STHR272KS| Keyna Alg\\u00e9rie&quot;,&quot;link_rewrite&quot;:&quot;marteau-perforateur-rotatif-stanley-26mm-850w-sthr272ks&quot;,&quot;name&quot;:&quot;Marteau Perforateur Rotatif STANLEY 26mm 850W -STHR272KS&quot;,&quot;description&quot;:&quot;&lt;h2&gt;Marteau Perforateur Rotatif STANLEY 26mm 850W STHR272KS&lt;\\\/h2&gt;\\r\\n&lt;p&gt;Le\\u00a0marteau perforateur rotatif Stanley 26mm 850W STHR272KS se compose de 2 modes distincts:forage au marteau ainsi que burinage et ce, pour assurer des r\\u00e9sultats remarquables. Sa capacit\\u00e9 de 26 mm assure une \\u00e9nergie d'impact de 4.1J.&lt;\\\/p&gt;\\r\\n&lt;p&gt;Le marteau perforateur rotatif Stanley 26mm 850W STHR272KS en forme L, contient une poign\\u00e9e ergonomique pour une maniabilit\\u00e9 facile et confortable. Il assure la s\\u00e9curit\\u00e9 de ses utilisateurs gr\\u00e2ce \\u00e0 son embrayage qui lutte contre les r\\u00e9actions brusques en cas de blocage du tr\\u00e9pan.&lt;\\\/p&gt;&quot;,&quot;description_short&quot;:&quot;&lt;ul&gt;&lt;li&gt;Puissance du moteur jusqu'\\u00e0 850 Watts&lt;\\\/li&gt;\\r\\n&lt;li&gt;Capacit\\u00e9 maximale de 26 mm&lt;\\\/li&gt;\\r\\n&lt;li&gt;Syst\\u00e8me en 2 modes&lt;\\\/li&gt;\\r\\n&lt;li&gt;Poign\\u00e9e ergonomique&lt;\\\/li&gt;\\r\\n&lt;\\\/ul&gt;&quot;,&quot;available_now&quot;:&quot;&quot;,&quot;available_later&quot;:&quot;&quot;,&quot;id&quot;:212,&quot;id_product&quot;:212,&quot;out_of_stock&quot;:0,&quot;new&quot;:0,&quot;id_product_attribute&quot;:&quot;0&quot;,&quot;quantity_wanted&quot;:1,&quot;extraContent&quot;:[],&quot;allow_oosp&quot;:0,&quot;category&quot;:&quot;bricolage&quot;,&quot;category_name&quot;:&quot;Bricolage&quot;,&quot;link&quot;:&quot;https:\\\/\\\/keyna.dz\\\/bricolage\\\/212-marteau-perforateur-rotatif-stanley-26mm-850w-sthr272ks.html&quot;,&quot;attribute_price&quot;:0,&quot;price_tax_exc&quot;:14200,&quot;price_without_reduction&quot;:14200,&quot;reduction&quot;:0,&quot;specific_prices&quot;:[],&quot;quantity&quot;:100,&quot;quantity_all_versions&quot;:100,&quot;id_image&quot;:&quot;fr-default&quot;,&quot;features&quot;:[{&quot;name&quot;:&quot;Marque&quot;,&quot;value&quot;:&quot;STANLEY&quot;,&quot;id_feature&quot;:&quot;6&quot;,&quot;position&quot;:&quot;0&quot;},{&quot;name&quot;:&quot;Nom&quot;,&quot;value&quot;:&quot;Marteau perforateur rotatif Stanley 26mm 850W STHR272KS&quot;,&quot;id_feature&quot;:&quot;91&quot;,&quot;position&quot;:&quot;1&quot;},{&quot;name&quot;:&quot;Poids&quot;,&quot;value&quot;:&quot;5.1 kg&quot;,&quot;id_feature&quot;:&quot;13&quot;,&quot;position&quot;:&quot;2&quot;},{&quot;name&quot;:&quot;Dimensions&quot;,&quot;value&quot;:&quot;38 x 26.2 cm&quot;,&quot;id_feature&quot;:&quot;19&quot;,&quot;position&quot;:&quot;3&quot;},{&quot;name&quot;:&quot;Puissance&quot;,&quot;value&quot;:&quot;850 W&quot;,&quot;id_feature&quot;:&quot;20&quot;,&quot;position&quot;:&quot;5&quot;},{&quot;name&quot;:&quot;Vitesse de charge&quot;,&quot;value&quot;:&quot;0-700 tr \\\/ min&quot;,&quot;id_feature&quot;:&quot;258&quot;,&quot;position&quot;:&quot;247&quot;},{&quot;name&quot;:&quot;\\u00c9nergie de frappe&quot;,&quot;value&quot;:&quot;4.1 J&quot;,&quot;id_feature&quot;:&quot;369&quot;,&quot;position&quot;:&quot;355&quot;},{&quot;name&quot;:&quot;Battements&quot;,&quot;value&quot;:&quot;0-3400 bpm \\\/ min&quot;,&quot;id_feature&quot;:&quot;370&quot;,&quot;position&quot;:&quot;356&quot;},{&quot;name&quot;:&quot;Capacit\\u00e9 de per\\u00e7age b\\u00e9ton&quot;,&quot;value&quot;:&quot;26 mm&quot;,&quot;id_feature&quot;:&quot;371&quot;,&quot;position&quot;:&quot;357&quot;}],&quot;attachments&quot;:[],&quot;virtual&quot;:0,&quot;pack&quot;:0,&quot;packItems&quot;:[],&quot;nopackprice&quot;:0,&quot;customization_required&quot;:false,&quot;rate&quot;:0,&quot;tax_name&quot;:&quot;&quot;,&quot;ecotax_rate&quot;:0,&quot;unit_price&quot;:&quot;&quot;,&quot;customizations&quot;:{&quot;fields&quot;:[]},&quot;id_customization&quot;:0,&quot;is_customizable&quot;:false,&quot;show_quantities&quot;:false,&quot;quantity_label&quot;:&quot;Produits&quot;,&quot;quantity_discounts&quot;:[],&quot;customer_group_discount&quot;:0,&quot;images&quot;:[{&quot;bySize&quot;:{&quot;small_default&quot;:{&quot;url&quot;:&quot;https:\\\/\\\/keyna.dz\\\/737-small_default\\\/marteau-perforateur-rotatif-stanley-26mm-850w-sthr272ks.jpg&quot;,&quot;width&quot;:98,&quot;height&quot;:127},&quot;cart_default&quot;:{&quot;url&quot;:&quot;https:\\\/\\\/keyna.dz\\\/737-cart_default\\\/marteau-perforateur-rotatif-stanley-26mm-850w-sthr272ks.jpg&quot;,&quot;width&quot;:125,&quot;height&quot;:162},&quot;home_default&quot;:{&quot;url&quot;:&quot;https:\\\/\\\/keyna.dz\\\/737-home_default\\\/marteau-perforateur-rotatif-stanley-26mm-850w-sthr272ks.jpg&quot;,&quot;width&quot;:236,&quot;height&quot;:305},&quot;large_default&quot;:{&quot;url&quot;:&quot;https:\\\/\\\/keyna.dz\\\/737-large_default\\\/marteau-perforateur-rotatif-stanley-26mm-850w-sthr272ks.jpg&quot;,&quot;width&quot;:381,&quot;height&quot;:492},&quot;medium_default&quot;:{&quot;url&quot;:&quot;https:\\\/\\\/keyna.dz\\\/737-medium_default\\\/marteau-perforateur-rotatif-stanley-26mm-850w-sthr272ks.jpg&quot;,&quot;width&quot;:452,&quot;height&quot;:584},&quot;thickbox_default&quot;:{&quot;url&quot;:&quot;https:\\\/\\\/keyna.dz\\\/737-thickbox_default\\\/marteau-perforateur-rotatif-stanley-26mm-850w-sthr272ks.jpg&quot;,&quot;width&quot;:1100,&quot;height&quot;:1422}},&quot;small&quot;:{&quot;url&quot;:&quot;https:\\\/\\\/keyna.dz\\\/737-small_default\\\/marteau-perforateur-rotatif-stanley-26mm-850w-sthr272ks.jpg&quot;,&quot;width&quot;:98,&quot;height&quot;:127},&quot;medium&quot;:{&quot;url&quot;:&quot;https:\\\/\\\/keyna.dz\\\/737-large_default\\\/marteau-perforateur-rotatif-stanley-26mm-850w-sthr272ks.jpg&quot;,&quot;width&quot;:381,&quot;height&quot;:492},&quot;large&quot;:{&quot;url&quot;:&quot;https:\\\/\\\/keyna.dz\\\/737-thickbox_default\\\/marteau-perforateur-rotatif-stanley-26mm-850w-sthr272ks.jpg&quot;,&quot;width&quot;:1100,&quot;height&quot;:1422},&quot;legend&quot;:&quot;&quot;,&quot;cover&quot;:&quot;1&quot;,&quot;id_image&quot;:&quot;737&quot;,&quot;position&quot;:&quot;1&quot;,&quot;associatedVariants&quot;:[]},{&quot;bySize&quot;:{&quot;small_default&quot;:{&quot;url&quot;:&quot;https:\\\/\\\/keyna.dz\\\/738-small_default\\\/marteau-perforateur-rotatif-stanley-26mm-850w-sthr272ks.jpg&quot;,&quot;width&quot;:98,&quot;height&quot;:127},&quot;cart_default&quot;:{&quot;url&quot;:&quot;https:\\\/\\\/keyna.dz\\\/738-cart_default\\\/marteau-perforateur-rotatif-stanley-26mm-850w-sthr272ks.jpg&quot;,&quot;width&quot;:125,&quot;height&quot;:162},&quot;home_default&quot;:{&quot;url&quot;:&quot;https:\\\/\\\/keyna.dz\\\/738-home_default\\\/marteau-perforateur-rotatif-stanley-26mm-850w-sthr272ks.jpg&quot;,&quot;width&quot;:236,&quot;height&quot;:305},&quot;large_default&quot;:{&quot;url&quot;:&quot;https:\\\/\\\/keyna.dz\\\/738-large_default\\\/marteau-perforateur-rotatif-stanley-26mm-850w-sthr272ks.jpg&quot;,&quot;width&quot;:381,&quot;height&quot;:492},&quot;medium_default&quot;:{&quot;url&quot;:&quot;https:\\\/\\\/keyna.dz\\\/738-medium_default\\\/marteau-perforateur-rotatif-stanley-26mm-850w-sthr272ks.jpg&quot;,&quot;width&quot;:452,&quot;height&quot;:584},&quot;thickbox_default&quot;:{&quot;url&quot;:&quot;https:\\\/\\\/keyna.dz\\\/738-thickbox_default\\\/marteau-perforateur-rotatif-stanley-26mm-850w-sthr272ks.jpg&quot;,&quot;width&quot;:1100,&quot;height&quot;:1422}},&quot;small&quot;:{&quot;url&quot;:&quot;https:\\\/\\\/keyna.dz\\\/738-small_default\\\/marteau-perforateur-rotatif-stanley-26mm-850w-sthr272ks.jpg&quot;,&quot;width&quot;:98,&quot;height&quot;:127},&quot;medium&quot;:{&quot;url&quot;:&quot;https:\\\/\\\/keyna.dz\\\/738-large_default\\\/marteau-perforateur-rotatif-stanley-26mm-850w-sthr272ks.jpg&quot;,&quot;width&quot;:381,&quot;height&quot;:492},&quot;large&quot;:{&quot;url&quot;:&quot;https:\\\/\\\/keyna.dz\\\/738-thickbox_default\\\/marteau-perforateur-rotatif-stanley-26mm-850w-sthr272ks.jpg&quot;,&quot;width&quot;:1100,&quot;height&quot;:1422},&quot;legend&quot;:&quot;&quot;,&quot;cover&quot;:null,&quot;id_image&quot;:&quot;738&quot;,&quot;position&quot;:&quot;2&quot;,&quot;associatedVariants&quot;:[]},{&quot;bySize&quot;:{&quot;small_default&quot;:{&quot;url&quot;:&quot;https:\\\/\\\/keyna.dz\\\/739-small_default\\\/marteau-perforateur-rotatif-stanley-26mm-850w-sthr272ks.jpg&quot;,&quot;width&quot;:98,&quot;height&quot;:127},&quot;cart_default&quot;:{&quot;url&quot;:&quot;https:\\\/\\\/keyna.dz\\\/739-cart_default\\\/marteau-perforateur-rotatif-stanley-26mm-850w-sthr272ks.jpg&quot;,&quot;width&quot;:125,&quot;height&quot;:162},&quot;home_default&quot;:{&quot;url&quot;:&quot;https:\\\/\\\/keyna.dz\\\/739-home_default\\\/marteau-perforateur-rotatif-stanley-26mm-850w-sthr272ks.jpg&quot;,&quot;width&quot;:236,&quot;height&quot;:305},&quot;large_default&quot;:{&quot;url&quot;:&quot;https:\\\/\\\/keyna.dz\\\/739-large_default\\\/marteau-perforateur-rotatif-stanley-26mm-850w-sthr272ks.jpg&quot;,&quot;width&quot;:381,&quot;height&quot;:492},&quot;medium_default&quot;:{&quot;url&quot;:&quot;https:\\\/\\\/keyna.dz\\\/739-medium_default\\\/marteau-perforateur-rotatif-stanley-26mm-850w-sthr272ks.jpg&quot;,&quot;width&quot;:452,&quot;height&quot;:584},&quot;thickbox_default&quot;:{&quot;url&quot;:&quot;https:\\\/\\\/keyna.dz\\\/739-thickbox_default\\\/marteau-perforateur-rotatif-stanley-26mm-850w-sthr272ks.jpg&quot;,&quot;width&quot;:1100,&quot;height&quot;:1422}},&quot;small&quot;:{&quot;url&quot;:&quot;https:\\\/\\\/keyna.dz\\\/739-small_default\\\/marteau-perforateur-rotatif-stanley-26mm-850w-sthr272ks.jpg&quot;,&quot;width&quot;:98,&quot;height&quot;:127},&quot;medium&quot;:{&quot;url&quot;:&quot;https:\\\/\\\/keyna.dz\\\/739-large_default\\\/marteau-perforateur-rotatif-stanley-26mm-850w-sthr272ks.jpg&quot;,&quot;width&quot;:381,&quot;height&quot;:492},&quot;large&quot;:{&quot;url&quot;:&quot;https:\\\/\\\/keyna.dz\\\/739-thickbox_default\\\/marteau-perforateur-rotatif-stanley-26mm-850w-sthr272ks.jpg&quot;,&quot;width&quot;:1100,&quot;height&quot;:1422},&quot;legend&quot;:&quot;&quot;,&quot;cover&quot;:null,&quot;id_image&quot;:&quot;739&quot;,&quot;position&quot;:&quot;3&quot;,&quot;associatedVariants&quot;:[]},{&quot;bySize&quot;:{&quot;small_default&quot;:{&quot;url&quot;:&quot;https:\\\/\\\/keyna.dz\\\/740-small_default\\\/marteau-perforateur-rotatif-stanley-26mm-850w-sthr272ks.jpg&quot;,&quot;width&quot;:98,&quot;height&quot;:127},&quot;cart_default&quot;:{&quot;url&quot;:&quot;https:\\\/\\\/keyna.dz\\\/740-cart_default\\\/marteau-perforateur-rotatif-stanley-26mm-850w-sthr272ks.jpg&quot;,&quot;width&quot;:125,&quot;height&quot;:162},&quot;home_default&quot;:{&quot;url&quot;:&quot;https:\\\/\\\/keyna.dz\\\/740-home_default\\\/marteau-perforateur-rotatif-stanley-26mm-850w-sthr272ks.jpg&quot;,&quot;width&quot;:236,&quot;height&quot;:305},&quot;large_default&quot;:{&quot;url&quot;:&quot;https:\\\/\\\/keyna.dz\\\/740-large_default\\\/marteau-perforateur-rotatif-stanley-26mm-850w-sthr272ks.jpg&quot;,&quot;width&quot;:381,&quot;height&quot;:492},&quot;medium_default&quot;:{&quot;url&quot;:&quot;https:\\\/\\\/keyna.dz\\\/740-medium_default\\\/marteau-perforateur-rotatif-stanley-26mm-850w-sthr272ks.jpg&quot;,&quot;width&quot;:452,&quot;height&quot;:584},&quot;thickbox_default&quot;:{&quot;url&quot;:&quot;https:\\\/\\\/keyna.dz\\\/740-thickbox_default\\\/marteau-perforateur-rotatif-stanley-26mm-850w-sthr272ks.jpg&quot;,&quot;width&quot;:1100,&quot;height&quot;:1422}},&quot;small&quot;:{&quot;url&quot;:&quot;https:\\\/\\\/keyna.dz\\\/740-small_default\\\/marteau-perforateur-rotatif-stanley-26mm-850w-sthr272ks.jpg&quot;,&quot;width&quot;:98,&quot;height&quot;:127},&quot;medium&quot;:{&quot;url&quot;:&quot;https:\\\/\\\/keyna.dz\\\/740-large_default\\\/marteau-perforateur-rotatif-stanley-26mm-850w-sthr272ks.jpg&quot;,&quot;width&quot;:381,&quot;height&quot;:492},&quot;large&quot;:{&quot;url&quot;:&quot;https:\\\/\\\/keyna.dz\\\/740-thickbox_default\\\/marteau-perforateur-rotatif-stanley-26mm-850w-sthr272ks.jpg&quot;,&quot;width&quot;:1100,&quot;height&quot;:1422},&quot;legend&quot;:&quot;&quot;,&quot;cover&quot;:null,&quot;id_image&quot;:&quot;740&quot;,&quot;position&quot;:&quot;4&quot;,&quot;associatedVariants&quot;:[]}],&quot;cover&quot;:{&quot;bySize&quot;:{&quot;small_default&quot;:{&quot;url&quot;:&quot;https:\\\/\\\/keyna.dz\\\/737-small_default\\\/marteau-perforateur-rotatif-stanley-26mm-850w-sthr272ks.jpg&quot;,&quot;width&quot;:98,&quot;height&quot;:127},&quot;cart_default&quot;:{&quot;url&quot;:&quot;https:\\\/\\\/keyna.dz\\\/737-cart_default\\\/marteau-perforateur-rotatif-stanley-26mm-850w-sthr272ks.jpg&quot;,&quot;width&quot;:125,&quot;height&quot;:162},&quot;home_default&quot;:{&quot;url&quot;:&quot;https:\\\/\\\/keyna.dz\\\/737-home_default\\\/marteau-perforateur-rotatif-stanley-26mm-850w-sthr272ks.jpg&quot;,&quot;width&quot;:236,&quot;height&quot;:305},&quot;large_default&quot;:{&quot;url&quot;:&quot;https:\\\/\\\/keyna.dz\\\/737-large_default\\\/marteau-perforateur-rotatif-stanley-26mm-850w-sthr272ks.jpg&quot;,&quot;width&quot;:381,&quot;height&quot;:492},&quot;medium_default&quot;:{&quot;url&quot;:&quot;https:\\\/\\\/keyna.dz\\\/737-medium_default\\\/marteau-perforateur-rotatif-stanley-26mm-850w-sthr272ks.jpg&quot;,&quot;width&quot;:452,&quot;height&quot;:584},&quot;thickbox_default&quot;:{&quot;url&quot;:&quot;https:\\\/\\\/keyna.dz\\\/737-thickbox_default\\\/marteau-perforateur-rotatif-stanley-26mm-850w-sthr272ks.jpg&quot;,&quot;width&quot;:1100,&quot;height&quot;:1422}},&quot;small&quot;:{&quot;url&quot;:&quot;https:\\\/\\\/keyna.dz\\\/737-small_default\\\/marteau-perforateur-rotatif-stanley-26mm-850w-sthr272ks.jpg&quot;,&quot;width&quot;:98,&quot;height&quot;:127},&quot;medium&quot;:{&quot;url&quot;:&quot;https:\\\/\\\/keyna.dz\\\/737-large_default\\\/marteau-perforateur-rotatif-stanley-26mm-850w-sthr272ks.jpg&quot;,&quot;width&quot;:381,&quot;height&quot;:492},&quot;large&quot;:{&quot;url&quot;:&quot;https:\\\/\\\/keyna.dz\\\/737-thickbox_default\\\/marteau-perforateur-rotatif-stanley-26mm-850w-sthr272ks.jpg&quot;,&quot;width&quot;:1100,&quot;height&quot;:1422},&quot;legend&quot;:&quot;&quot;,&quot;cover&quot;:&quot;1&quot;,&quot;id_image&quot;:&quot;737&quot;,&quot;position&quot;:&quot;1&quot;,&quot;associatedVariants&quot;:[]},&quot;has_discount&quot;:false,&quot;discount_type&quot;:null,&quot;discount_percentage&quot;:null,&quot;discount_percentage_absolute&quot;:null,&quot;discount_amount&quot;:null,&quot;discount_amount_to_display&quot;:null,&quot;price_amount&quot;:14200,&quot;unit_price_full&quot;:&quot;&quot;,&quot;show_availability&quot;:false,&quot;availability_message&quot;:null,&quot;availability_date&quot;:null,&quot;availability&quot;:null}\"><\/div>\n<\/div>\n","protected":false},"featured_media":1457,"comment_status":"closed","ping_status":"closed","template":"","meta":{"site-sidebar-layout":"default","site-content-layout":"default","ast-global-header-display":"","ast-banner-title-visibility":"","ast-main-header-display":"","ast-hfb-above-header-display":"","ast-hfb-below-header-display":"","ast-hfb-mobile-header-display":"","site-post-title":"","ast-breadcrumbs-content":"","ast-featured-img":"","footer-sml-layout":"","theme-transparent-header-meta":"default","adv-header-id-meta":"","stick-header-meta":"","header-above-stick-meta":"","header-main-stick-meta":"","header-below-stick-meta":""},"product_cat":[53],"product_tag":[140,161,81,159,163,162],"jetpack_sharing_enabled":true,"_links":{"self":[{"href":"https:\/\/zdepot-dz.com\/index.php?rest_route=\/wp\/v2\/product\/1456"}],"collection":[{"href":"https:\/\/zdepot-dz.com\/index.php?rest_route=\/wp\/v2\/product"}],"about":[{"href":"https:\/\/zdepot-dz.com\/index.php?rest_route=\/wp\/v2\/types\/product"}],"replies":[{"embeddable":true,"href":"https:\/\/zdepot-dz.com\/index.php?rest_route=%2Fwp%2Fv2%2Fcomments&post=1456"}],"wp:featuredmedia":[{"embeddable":true,"href":"https:\/\/zdepot-dz.com\/index.php?rest_route=\/wp\/v2\/media\/1457"}],"wp:attachment":[{"href":"https:\/\/zdepot-dz.com\/index.php?rest_route=%2Fwp%2Fv2%2Fmedia&parent=1456"}],"wp:term":[{"taxonomy":"product_cat","embeddable":true,"href":"https:\/\/zdepot-dz.com\/index.php?rest_route=%2Fwp%2Fv2%2Fproduct_cat&post=1456"},{"taxonomy":"product_tag","embeddable":true,"href":"https:\/\/zdepot-dz.com\/index.php?rest_route=%2Fwp%2Fv2%2Fproduct_tag&post=1456"}],"curies":[{"name":"wp","href":"https:\/\/api.w.org\/{rel}","templated":true}]}}