{"id":1453,"date":"2022-12-11T14:42:10","date_gmt":"2022-12-11T13:42:10","guid":{"rendered":"https:\/\/zdepot-dz.com\/?post_type=product&#038;p=1453"},"modified":"2023-04-09T11:20:42","modified_gmt":"2023-04-09T10:20:42","slug":"stanley-perseuse-a-percussion-600w-650w-13mm-sdh600-stdh6513","status":"publish","type":"product","link":"https:\/\/zdepot-dz.com\/?product=stanley-perseuse-a-percussion-600w-650w-13mm-sdh600-stdh6513","title":{"rendered":"Stanley Perseuse A Percussion 600W\/650W 13mm SDH600\/STDH6513"},"content":{"rendered":"<h3>Stanley Perseuse A Percussion 600W\/650W 13mm SDH600\/STDH6513<\/h3>\n<div class=\"description\">\n<div dir=\"auto\">La perceuse \u00e0 percussion robuste de STANLEY a \u00e9t\u00e9 con\u00e7ue pour des performances constantes et sans faille. Il est \u00e0 la fois pr\u00e9cis et fiable pour une utilisation \u00e0 long terme.<\/div>\n<\/div>\n<form class=\"cart\" action=\"https:\/\/lebricolage.ma\/produit\/stanley-sdh600-600w-13mm-impact-hammer-drill-sdh600-in\/\" enctype=\"multipart\/form-data\" method=\"post\">\n<div class=\"addcart-wrapper single-buynow clearfix\">\n<div class=\"qty\">Quantit\u00e9:<\/div>\n<\/div>\n<\/form>\n","protected":false},"excerpt":{"rendered":"<p>Stanley Perseuse A Percussion 600W\/650W 13mm SDH600\/STDH6513 La perceuse \u00e0 percussion robuste de STANLEY a \u00e9t\u00e9 con\u00e7ue pour des performances constantes et sans faille. Il est \u00e0 la fois pr\u00e9cis et fiable pour une utilisation \u00e0 long terme. Quantit\u00e9:<\/p>\n","protected":false},"featured_media":1450,"comment_status":"closed","ping_status":"closed","template":"","meta":{"site-sidebar-layout":"default","site-content-layout":"default","ast-global-header-display":"","ast-banner-title-visibility":"","ast-main-header-display":"","ast-hfb-above-header-display":"","ast-hfb-below-header-display":"","ast-hfb-mobile-header-display":"","site-post-title":"","ast-breadcrumbs-content":"","ast-featured-img":"","footer-sml-layout":"","theme-transparent-header-meta":"default","adv-header-id-meta":"","stick-header-meta":"","header-above-stick-meta":"","header-main-stick-meta":"","header-below-stick-meta":""},"product_cat":[53],"product_tag":[28,158,160],"jetpack_sharing_enabled":true,"_links":{"self":[{"href":"https:\/\/zdepot-dz.com\/index.php?rest_route=\/wp\/v2\/product\/1453"}],"collection":[{"href":"https:\/\/zdepot-dz.com\/index.php?rest_route=\/wp\/v2\/product"}],"about":[{"href":"https:\/\/zdepot-dz.com\/index.php?rest_route=\/wp\/v2\/types\/product"}],"replies":[{"embeddable":true,"href":"https:\/\/zdepot-dz.com\/index.php?rest_route=%2Fwp%2Fv2%2Fcomments&post=1453"}],"wp:featuredmedia":[{"embeddable":true,"href":"https:\/\/zdepot-dz.com\/index.php?rest_route=\/wp\/v2\/media\/1450"}],"wp:attachment":[{"href":"https:\/\/zdepot-dz.com\/index.php?rest_route=%2Fwp%2Fv2%2Fmedia&parent=1453"}],"wp:term":[{"taxonomy":"product_cat","embeddable":true,"href":"https:\/\/zdepot-dz.com\/index.php?rest_route=%2Fwp%2Fv2%2Fproduct_cat&post=1453"},{"taxonomy":"product_tag","embeddable":true,"href":"https:\/\/zdepot-dz.com\/index.php?rest_route=%2Fwp%2Fv2%2Fproduct_tag&post=1453"}],"curies":[{"name":"wp","href":"https:\/\/api.w.org\/{rel}","templated":true}]}}