{"id":1449,"date":"2022-12-11T12:41:47","date_gmt":"2022-12-11T11:41:47","guid":{"rendered":"https:\/\/zdepot-dz.com\/?post_type=product&#038;p=1449"},"modified":"2023-04-09T11:21:49","modified_gmt":"2023-04-09T10:21:49","slug":"bosch-perseuse-a-percussion-stdh7213k-720w-13mm","status":"publish","type":"product","link":"https:\/\/zdepot-dz.com\/?product=bosch-perseuse-a-percussion-stdh7213k-720w-13mm","title":{"rendered":"Stanley Perseuse A Percussion STDH7213K 720W 13mm"},"content":{"rendered":"<h3>Stanley Perseuse A Percussion STDH7213K 720W 13mm<\/h3>\n<div class=\"electro-description clearfix\">\n<p><strong>Livr\u00e9 avec<br \/>\n<\/strong><\/p>\n<ul>\n<li>1 Cl\u00e9 du mandrin .<\/li>\n<li>1 But\u00e9e de profondeur.<\/li>\n<li>1 Poign\u00e9e lat\u00e9rale.<\/li>\n<li>1 Mallette de rangement avec dimension (420 x 310 x 130)mm .<\/li>\n<\/ul>\n<p><strong>Capacit\u00e9s<\/strong><\/p>\n<ul>\n<li>Moteur puissant de 720 W, vitesse de rotation \u00e0 commande \u00e9lectronique sans charge 0-3000 tr \/ min.<\/li>\n<li>Ils permettent au chargeur de commencer \u00e0 travailler et \u00e0 un forage contr\u00f4l\u00e9 dans tous les mat\u00e9riaux.<\/li>\n<li>M\u00e9canisme d\u2019impact 0-54000 coups \/ min.<\/li>\n<li>Permet un per\u00e7age rapide et efficace des mat\u00e9riaux durs.<\/li>\n<li>Poign\u00e9e en m\u00e9tal \u00e0 1 manchon \u00e0 serrage rapide de 13 mm.<\/li>\n<li>Prise puissante et \u00e9change simple d\u2019accessoires.<\/li>\n<li>Tourner le cordon d\u2019alimentation de 3 m vers la droite \/ la gauche, ainsi que le commutateur grand \/ robuste et le s\u00e9lecteur de mode de fonctionnement am\u00e9liorant le confort.<\/li>\n<\/ul>\n<\/div>\n","protected":false},"excerpt":{"rendered":"<p>Stanley Perseuse A Percussion STDH7213K 720W 13mm Livr\u00e9 avec 1 Cl\u00e9 du mandrin . 1 But\u00e9e de profondeur. 1 Poign\u00e9e lat\u00e9rale. 1 Mallette de rangement avec dimension (420 x 310 x 130)mm . Capacit\u00e9s Moteur puissant de 720 W, vitesse de rotation \u00e0 commande \u00e9lectronique sans charge 0-3000 tr \/ min. Ils permettent au chargeur &hellip;<\/p>\n<p class=\"read-more\"> <a class=\"\" href=\"https:\/\/zdepot-dz.com\/?product=bosch-perseuse-a-percussion-stdh7213k-720w-13mm\"> <span class=\"screen-reader-text\">Stanley Perseuse A Percussion STDH7213K 720W 13mm<\/span> Lire la suite\u00a0\u00bb<\/a><\/p>\n","protected":false},"featured_media":1450,"comment_status":"closed","ping_status":"closed","template":"","meta":{"site-sidebar-layout":"default","site-content-layout":"default","ast-global-header-display":"","ast-banner-title-visibility":"","ast-main-header-display":"","ast-hfb-above-header-display":"","ast-hfb-below-header-display":"","ast-hfb-mobile-header-display":"","site-post-title":"","ast-breadcrumbs-content":"","ast-featured-img":"","footer-sml-layout":"","theme-transparent-header-meta":"default","adv-header-id-meta":"","stick-header-meta":"","header-above-stick-meta":"","header-main-stick-meta":"","header-below-stick-meta":""},"product_cat":[53],"product_tag":[158,79,157,159],"jetpack_sharing_enabled":true,"_links":{"self":[{"href":"https:\/\/zdepot-dz.com\/index.php?rest_route=\/wp\/v2\/product\/1449"}],"collection":[{"href":"https:\/\/zdepot-dz.com\/index.php?rest_route=\/wp\/v2\/product"}],"about":[{"href":"https:\/\/zdepot-dz.com\/index.php?rest_route=\/wp\/v2\/types\/product"}],"replies":[{"embeddable":true,"href":"https:\/\/zdepot-dz.com\/index.php?rest_route=%2Fwp%2Fv2%2Fcomments&post=1449"}],"wp:featuredmedia":[{"embeddable":true,"href":"https:\/\/zdepot-dz.com\/index.php?rest_route=\/wp\/v2\/media\/1450"}],"wp:attachment":[{"href":"https:\/\/zdepot-dz.com\/index.php?rest_route=%2Fwp%2Fv2%2Fmedia&parent=1449"}],"wp:term":[{"taxonomy":"product_cat","embeddable":true,"href":"https:\/\/zdepot-dz.com\/index.php?rest_route=%2Fwp%2Fv2%2Fproduct_cat&post=1449"},{"taxonomy":"product_tag","embeddable":true,"href":"https:\/\/zdepot-dz.com\/index.php?rest_route=%2Fwp%2Fv2%2Fproduct_tag&post=1449"}],"curies":[{"name":"wp","href":"https:\/\/api.w.org\/{rel}","templated":true}]}}