{"id":1438,"date":"2022-12-11T10:50:04","date_gmt":"2022-12-11T09:50:04","guid":{"rendered":"https:\/\/zdepot-dz.com\/?post_type=product&#038;p=1438"},"modified":"2023-04-09T11:22:24","modified_gmt":"2023-04-09T10:22:24","slug":"meuleuse-dangle-professionnel-orca-650w-900w-ag593-ag590","status":"publish","type":"product","link":"https:\/\/zdepot-dz.com\/?product=meuleuse-dangle-professionnel-orca-650w-900w-ag593-ag590","title":{"rendered":"Meuleuse d&rsquo;angle professionnel Orca 650W\/900W AG593\/AG590"},"content":{"rendered":"<h3>Meuleuse d&rsquo;angle professionnel Orca 115mm 650W\/900W AG593\/AG590<\/h3>\n<ul>\n<li>Moteur en aluminium moul\u00e9 pour plus de durabilit\u00e9<\/li>\n<li>Blocage de l&rsquo;arbre pour faciliter les changement de disque<\/li>\n<li>Toute construction sur roulement \u00e0 billes pour une longue dur\u00e9e de vie des outils<\/li>\n<\/ul>\n","protected":false},"excerpt":{"rendered":"<p>Meuleuse d&rsquo;angle professionnel Orca 115mm 650W\/900W AG593\/AG590 Moteur en aluminium moul\u00e9 pour plus de durabilit\u00e9 Blocage de l&rsquo;arbre pour faciliter les changement de disque Toute construction sur roulement \u00e0 billes pour une longue dur\u00e9e de vie des outils<\/p>\n","protected":false},"featured_media":1442,"comment_status":"closed","ping_status":"closed","template":"","meta":{"site-sidebar-layout":"default","site-content-layout":"default","ast-global-header-display":"","ast-banner-title-visibility":"","ast-main-header-display":"","ast-hfb-above-header-display":"","ast-hfb-below-header-display":"","ast-hfb-mobile-header-display":"","site-post-title":"","ast-breadcrumbs-content":"","ast-featured-img":"","footer-sml-layout":"","theme-transparent-header-meta":"default","adv-header-id-meta":"","stick-header-meta":"","header-above-stick-meta":"","header-main-stick-meta":"","header-below-stick-meta":""},"product_cat":[53],"product_tag":[106,156,30,155],"jetpack_sharing_enabled":true,"_links":{"self":[{"href":"https:\/\/zdepot-dz.com\/index.php?rest_route=\/wp\/v2\/product\/1438"}],"collection":[{"href":"https:\/\/zdepot-dz.com\/index.php?rest_route=\/wp\/v2\/product"}],"about":[{"href":"https:\/\/zdepot-dz.com\/index.php?rest_route=\/wp\/v2\/types\/product"}],"replies":[{"embeddable":true,"href":"https:\/\/zdepot-dz.com\/index.php?rest_route=%2Fwp%2Fv2%2Fcomments&post=1438"}],"wp:featuredmedia":[{"embeddable":true,"href":"https:\/\/zdepot-dz.com\/index.php?rest_route=\/wp\/v2\/media\/1442"}],"wp:attachment":[{"href":"https:\/\/zdepot-dz.com\/index.php?rest_route=%2Fwp%2Fv2%2Fmedia&parent=1438"}],"wp:term":[{"taxonomy":"product_cat","embeddable":true,"href":"https:\/\/zdepot-dz.com\/index.php?rest_route=%2Fwp%2Fv2%2Fproduct_cat&post=1438"},{"taxonomy":"product_tag","embeddable":true,"href":"https:\/\/zdepot-dz.com\/index.php?rest_route=%2Fwp%2Fv2%2Fproduct_tag&post=1438"}],"curies":[{"name":"wp","href":"https:\/\/api.w.org\/{rel}","templated":true}]}}