{"id":1436,"date":"2022-12-11T09:44:30","date_gmt":"2022-12-11T08:44:30","guid":{"rendered":"https:\/\/zdepot-dz.com\/?post_type=product&#038;p=1436"},"modified":"2023-04-09T11:22:51","modified_gmt":"2023-04-09T10:22:51","slug":"tronconneuse-a-table-orca-2700w-355mm-cos110","status":"publish","type":"product","link":"https:\/\/zdepot-dz.com\/?product=tronconneuse-a-table-orca-2700w-355mm-cos110","title":{"rendered":"Tron\u00e7onneuse \u00e0 Table Orca 2700W 355mm COS110"},"content":{"rendered":"<h3>Tron\u00e7onneuse \u00e0 Table Orca 2700W 355mm COS110<\/h3>\n<p>Tension 230V<br \/>\nPuissance d\u2019entr\u00e9e 2700W<br \/>\nVitesse a vide 3900Tr\/min<br \/>\nDiam\u00e8tre de disque 355mm<br \/>\nMode D\u00e9coupage<\/p>\n<ul>\n<li>Poign\u00e9e souple , confortable \u00e0 manipuler<\/li>\n<li>Coupe de pr\u00e9cision \u00e0 45\u00b0<\/li>\n<\/ul>\n","protected":false},"excerpt":{"rendered":"<p>Tron\u00e7onneuse \u00e0 Table Orca 2700W 355mm COS110 Tension 230V Puissance d\u2019entr\u00e9e 2700W Vitesse a vide 3900Tr\/min Diam\u00e8tre de disque 355mm Mode D\u00e9coupage Poign\u00e9e souple , confortable \u00e0 manipuler Coupe de pr\u00e9cision \u00e0 45\u00b0<\/p>\n","protected":false},"featured_media":1437,"comment_status":"closed","ping_status":"closed","template":"","meta":{"site-sidebar-layout":"default","site-content-layout":"default","ast-global-header-display":"","ast-banner-title-visibility":"","ast-main-header-display":"","ast-hfb-above-header-display":"","ast-hfb-below-header-display":"","ast-hfb-mobile-header-display":"","site-post-title":"","ast-breadcrumbs-content":"","ast-featured-img":"","footer-sml-layout":"","theme-transparent-header-meta":"default","adv-header-id-meta":"","stick-header-meta":"","header-above-stick-meta":"","header-main-stick-meta":"","header-below-stick-meta":""},"product_cat":[59,53],"product_tag":[126,109,154,104,152,153],"jetpack_sharing_enabled":true,"_links":{"self":[{"href":"https:\/\/zdepot-dz.com\/index.php?rest_route=\/wp\/v2\/product\/1436"}],"collection":[{"href":"https:\/\/zdepot-dz.com\/index.php?rest_route=\/wp\/v2\/product"}],"about":[{"href":"https:\/\/zdepot-dz.com\/index.php?rest_route=\/wp\/v2\/types\/product"}],"replies":[{"embeddable":true,"href":"https:\/\/zdepot-dz.com\/index.php?rest_route=%2Fwp%2Fv2%2Fcomments&post=1436"}],"wp:featuredmedia":[{"embeddable":true,"href":"https:\/\/zdepot-dz.com\/index.php?rest_route=\/wp\/v2\/media\/1437"}],"wp:attachment":[{"href":"https:\/\/zdepot-dz.com\/index.php?rest_route=%2Fwp%2Fv2%2Fmedia&parent=1436"}],"wp:term":[{"taxonomy":"product_cat","embeddable":true,"href":"https:\/\/zdepot-dz.com\/index.php?rest_route=%2Fwp%2Fv2%2Fproduct_cat&post=1436"},{"taxonomy":"product_tag","embeddable":true,"href":"https:\/\/zdepot-dz.com\/index.php?rest_route=%2Fwp%2Fv2%2Fproduct_tag&post=1436"}],"curies":[{"name":"wp","href":"https:\/\/api.w.org\/{rel}","templated":true}]}}