{"id":1402,"date":"2022-12-09T13:36:39","date_gmt":"2022-12-09T12:36:39","guid":{"rendered":"https:\/\/zdepot-dz.com\/?post_type=product&#038;p=1402"},"modified":"2023-04-09T11:08:09","modified_gmt":"2023-04-09T10:08:09","slug":"monte-charge-electrique-orca-pa200-pa300-pa1000","status":"publish","type":"product","link":"https:\/\/zdepot-dz.com\/?product=monte-charge-electrique-orca-pa200-pa300-pa1000","title":{"rendered":"Monte Charge \u00c9lectrique Orca PA200\/PA300\/PA1000"},"content":{"rendered":"<h3>Monte Charge \u00c9lectrique Orca PA200\/PA300\/PA1000<\/h3>\n<p><span class=\"ILfuVd\" lang=\"fr\"><span class=\"hgKElc\"><b>Palan \u00e9lectrique \u00e0 haute capacit\u00e9 portante<\/b> est polyvalent dans vos travaux lourds car il est con\u00e7u avec de l&rsquo;acier et de la r\u00e9sistance, utilis\u00e9 pour soulever des machines et des \u00e9quipements de construction de petite taille, et convient \u00e9galement aux ateliers et entrep\u00f4ts de petite taille, et autres.<\/span><\/span><\/p>\n","protected":false},"excerpt":{"rendered":"<p>Monte Charge \u00c9lectrique Orca PA200\/PA300\/PA1000 Palan \u00e9lectrique \u00e0 haute capacit\u00e9 portante est polyvalent dans vos travaux lourds car il est con\u00e7u avec de l&rsquo;acier et de la r\u00e9sistance, utilis\u00e9 pour soulever des machines et des \u00e9quipements de construction de petite taille, et convient \u00e9galement aux ateliers et entrep\u00f4ts de petite taille, et autres.<\/p>\n","protected":false},"featured_media":1406,"comment_status":"closed","ping_status":"closed","template":"","meta":{"site-sidebar-layout":"default","site-content-layout":"default","ast-global-header-display":"","ast-banner-title-visibility":"","ast-main-header-display":"","ast-hfb-above-header-display":"","ast-hfb-below-header-display":"","ast-hfb-mobile-header-display":"","site-post-title":"","ast-breadcrumbs-content":"","ast-featured-img":"","footer-sml-layout":"","theme-transparent-header-meta":"default","adv-header-id-meta":"","stick-header-meta":"","header-above-stick-meta":"","header-main-stick-meta":"","header-below-stick-meta":""},"product_cat":[53],"product_tag":[],"jetpack_sharing_enabled":true,"_links":{"self":[{"href":"https:\/\/zdepot-dz.com\/index.php?rest_route=\/wp\/v2\/product\/1402"}],"collection":[{"href":"https:\/\/zdepot-dz.com\/index.php?rest_route=\/wp\/v2\/product"}],"about":[{"href":"https:\/\/zdepot-dz.com\/index.php?rest_route=\/wp\/v2\/types\/product"}],"replies":[{"embeddable":true,"href":"https:\/\/zdepot-dz.com\/index.php?rest_route=%2Fwp%2Fv2%2Fcomments&post=1402"}],"wp:featuredmedia":[{"embeddable":true,"href":"https:\/\/zdepot-dz.com\/index.php?rest_route=\/wp\/v2\/media\/1406"}],"wp:attachment":[{"href":"https:\/\/zdepot-dz.com\/index.php?rest_route=%2Fwp%2Fv2%2Fmedia&parent=1402"}],"wp:term":[{"taxonomy":"product_cat","embeddable":true,"href":"https:\/\/zdepot-dz.com\/index.php?rest_route=%2Fwp%2Fv2%2Fproduct_cat&post=1402"},{"taxonomy":"product_tag","embeddable":true,"href":"https:\/\/zdepot-dz.com\/index.php?rest_route=%2Fwp%2Fv2%2Fproduct_tag&post=1402"}],"curies":[{"name":"wp","href":"https:\/\/api.w.org\/{rel}","templated":true}]}}