{"id":1382,"date":"2022-12-09T10:08:12","date_gmt":"2022-12-09T09:08:12","guid":{"rendered":"https:\/\/zdepot-dz.com\/?post_type=product&#038;p=1382"},"modified":"2023-04-09T11:08:48","modified_gmt":"2023-04-09T10:08:48","slug":"malaxeur-electrique-orca-1200w-emm1200","status":"publish","type":"product","link":"https:\/\/zdepot-dz.com\/?product=malaxeur-electrique-orca-1200w-emm1200","title":{"rendered":"Malaxeur \u00c9lectrique Orca 1200W EMM1200"},"content":{"rendered":"<h3>Malaxeur \u00c9lectrique Orca 1200W EMM1200<\/h3>\n<p>R\u00c9F\u00c9RENCE EMM1200<br \/>\nPUISSANCE 1200W<br \/>\nVITESSE 1100 Tr\/min<br \/>\nDIAM\u00c8TRE DE MIXAGE 120mm<\/p>\n","protected":false},"excerpt":{"rendered":"<p>Malaxeur \u00c9lectrique Orca 1200W EMM1200 R\u00c9F\u00c9RENCE EMM1200 PUISSANCE 1200W VITESSE 1100 Tr\/min DIAM\u00c8TRE DE MIXAGE 120mm<\/p>\n","protected":false},"featured_media":1384,"comment_status":"closed","ping_status":"closed","template":"","meta":{"site-sidebar-layout":"default","site-content-layout":"default","ast-global-header-display":"","ast-banner-title-visibility":"","ast-main-header-display":"","ast-hfb-above-header-display":"","ast-hfb-below-header-display":"","ast-hfb-mobile-header-display":"","site-post-title":"","ast-breadcrumbs-content":"","ast-featured-img":"","footer-sml-layout":"","theme-transparent-header-meta":"default","adv-header-id-meta":"","stick-header-meta":"","header-above-stick-meta":"","header-main-stick-meta":"","header-below-stick-meta":""},"product_cat":[53,57],"product_tag":[137,138,126],"jetpack_sharing_enabled":true,"_links":{"self":[{"href":"https:\/\/zdepot-dz.com\/index.php?rest_route=\/wp\/v2\/product\/1382"}],"collection":[{"href":"https:\/\/zdepot-dz.com\/index.php?rest_route=\/wp\/v2\/product"}],"about":[{"href":"https:\/\/zdepot-dz.com\/index.php?rest_route=\/wp\/v2\/types\/product"}],"replies":[{"embeddable":true,"href":"https:\/\/zdepot-dz.com\/index.php?rest_route=%2Fwp%2Fv2%2Fcomments&post=1382"}],"wp:featuredmedia":[{"embeddable":true,"href":"https:\/\/zdepot-dz.com\/index.php?rest_route=\/wp\/v2\/media\/1384"}],"wp:attachment":[{"href":"https:\/\/zdepot-dz.com\/index.php?rest_route=%2Fwp%2Fv2%2Fmedia&parent=1382"}],"wp:term":[{"taxonomy":"product_cat","embeddable":true,"href":"https:\/\/zdepot-dz.com\/index.php?rest_route=%2Fwp%2Fv2%2Fproduct_cat&post=1382"},{"taxonomy":"product_tag","embeddable":true,"href":"https:\/\/zdepot-dz.com\/index.php?rest_route=%2Fwp%2Fv2%2Fproduct_tag&post=1382"}],"curies":[{"name":"wp","href":"https:\/\/api.w.org\/{rel}","templated":true}]}}