{"id":1361,"date":"2022-12-06T09:57:28","date_gmt":"2022-12-06T08:57:28","guid":{"rendered":"https:\/\/zdepot-dz.com\/?post_type=product&#038;p=1361"},"modified":"2023-04-09T11:09:42","modified_gmt":"2023-04-09T10:09:42","slug":"visseuse-orca-18v-double-batterie-avec-afficheur-cd318","status":"publish","type":"product","link":"https:\/\/zdepot-dz.com\/?product=visseuse-orca-18v-double-batterie-avec-afficheur-cd318","title":{"rendered":"Visseuse Orca 18V Double Batterie Avec Afficheur CD318"},"content":{"rendered":"<h3>Visseuse Orca 18V Double Batterie Avec Afficheur CD318<\/h3>\n<div class=\"woocommerce-product-details__short-description\">\n<ul>\n<li>Partenaire pratique pour les travaux l\u00e9gers dans et autour de la maison<\/li>\n<li>Id\u00e9al pour le jeune d\u00e9butant qui va vivre seul<\/li>\n<li>Permet de passer ais\u00e9ment de la fonction per\u00e7age \u00e0 celle de vissage<\/li>\n<li>Permet le vissage contr\u00f4l\u00e9 d\u2018un grand nombre de vis<\/li>\n<li>Double batterie en Lithium-ion d\u2019une capacit\u00e9 1500 mAh<\/li>\n<li>TYPE Visseuse<\/li>\n<li>MARQUE Orca<\/li>\n<li>R\u00c9F\u00c9RENCE CD318<\/li>\n<li>COULEUR Orange, Noir<\/li>\n<li>TYPE DE BATTERIE Lithium-ion<\/li>\n<li>CAPACIT\u00c9 DE LA BATTERIE 1500 mAh<\/li>\n<li>TENSION 18 V<\/li>\n<\/ul>\n<\/div>\n","protected":false},"excerpt":{"rendered":"<p>Visseuse Orca 18V Double Batterie Avec Afficheur CD318 Partenaire pratique pour les travaux l\u00e9gers dans et autour de la maison Id\u00e9al pour le jeune d\u00e9butant qui va vivre seul Permet de passer ais\u00e9ment de la fonction per\u00e7age \u00e0 celle de vissage Permet le vissage contr\u00f4l\u00e9 d\u2018un grand nombre de vis Double batterie en Lithium-ion d\u2019une &hellip;<\/p>\n<p class=\"read-more\"> <a class=\"\" href=\"https:\/\/zdepot-dz.com\/?product=visseuse-orca-18v-double-batterie-avec-afficheur-cd318\"> <span class=\"screen-reader-text\">Visseuse Orca 18V Double Batterie Avec Afficheur CD318<\/span> Lire la suite\u00a0\u00bb<\/a><\/p>\n","protected":false},"featured_media":1362,"comment_status":"closed","ping_status":"closed","template":"","meta":{"site-sidebar-layout":"default","site-content-layout":"default","ast-global-header-display":"","ast-banner-title-visibility":"","ast-main-header-display":"","ast-hfb-above-header-display":"","ast-hfb-below-header-display":"","ast-hfb-mobile-header-display":"","site-post-title":"","ast-breadcrumbs-content":"","ast-featured-img":"","footer-sml-layout":"","theme-transparent-header-meta":"default","adv-header-id-meta":"","stick-header-meta":"","header-above-stick-meta":"","header-main-stick-meta":"","header-below-stick-meta":""},"product_cat":[53],"product_tag":[126,100,128,130],"jetpack_sharing_enabled":true,"_links":{"self":[{"href":"https:\/\/zdepot-dz.com\/index.php?rest_route=\/wp\/v2\/product\/1361"}],"collection":[{"href":"https:\/\/zdepot-dz.com\/index.php?rest_route=\/wp\/v2\/product"}],"about":[{"href":"https:\/\/zdepot-dz.com\/index.php?rest_route=\/wp\/v2\/types\/product"}],"replies":[{"embeddable":true,"href":"https:\/\/zdepot-dz.com\/index.php?rest_route=%2Fwp%2Fv2%2Fcomments&post=1361"}],"wp:featuredmedia":[{"embeddable":true,"href":"https:\/\/zdepot-dz.com\/index.php?rest_route=\/wp\/v2\/media\/1362"}],"wp:attachment":[{"href":"https:\/\/zdepot-dz.com\/index.php?rest_route=%2Fwp%2Fv2%2Fmedia&parent=1361"}],"wp:term":[{"taxonomy":"product_cat","embeddable":true,"href":"https:\/\/zdepot-dz.com\/index.php?rest_route=%2Fwp%2Fv2%2Fproduct_cat&post=1361"},{"taxonomy":"product_tag","embeddable":true,"href":"https:\/\/zdepot-dz.com\/index.php?rest_route=%2Fwp%2Fv2%2Fproduct_tag&post=1361"}],"curies":[{"name":"wp","href":"https:\/\/api.w.org\/{rel}","templated":true}]}}