{"id":1357,"date":"2022-12-06T09:07:09","date_gmt":"2022-12-06T08:07:09","guid":{"rendered":"https:\/\/zdepot-dz.com\/?post_type=product&#038;p=1357"},"modified":"2023-04-09T11:10:05","modified_gmt":"2023-04-09T10:10:05","slug":"bosch-polisseuse-gpo14ce-180mm-1400w","status":"publish","type":"product","link":"https:\/\/zdepot-dz.com\/?product=bosch-polisseuse-gpo14ce-180mm-1400w","title":{"rendered":"BOSCH Polisseuse GPO14CE 180mm 1400W"},"content":{"rendered":"<h3>BOSCH Polisseuse GPO14CE 180mm 1400W<\/h3>\n<ul>\n<li>Puissance absorb\u00e9e nominale 1\u00a0400 W<\/li>\n<li>R\u00e9gime \u00e0 vide 750 \u2013 3,000 t\/min<\/li>\n<li>Meule assiette, Diam\u00e8tre 180 mm<\/li>\n<li>Puissance restitu\u00e9e 800 W<\/li>\n<li>Filetage de la broche M14<\/li>\n<li>Plateau de pon\u00e7age souple, Diam\u00e8tre 180 mm<\/li>\n<li>Brosse boisseau, Diam\u00e8tre 100 mm<\/li>\n<li>\u00c9ponge de polissage, Diam\u00e8tre 160 mm<\/li>\n<li>Brosse de surface, Diam\u00e8tre 175 mm<\/li>\n<\/ul>\n","protected":false},"excerpt":{"rendered":"<p>BOSCH Polisseuse GPO14CE 180mm 1400W Puissance absorb\u00e9e nominale 1\u00a0400 W R\u00e9gime \u00e0 vide 750 \u2013 3,000 t\/min Meule assiette, Diam\u00e8tre 180 mm Puissance restitu\u00e9e 800 W Filetage de la broche M14 Plateau de pon\u00e7age souple, Diam\u00e8tre 180 mm Brosse boisseau, Diam\u00e8tre 100 mm \u00c9ponge de polissage, Diam\u00e8tre 160 mm Brosse de surface, Diam\u00e8tre 175 mm<\/p>\n","protected":false},"featured_media":1358,"comment_status":"closed","ping_status":"closed","template":"","meta":{"site-sidebar-layout":"default","site-content-layout":"default","ast-global-header-display":"","ast-banner-title-visibility":"","ast-main-header-display":"","ast-hfb-above-header-display":"","ast-hfb-below-header-display":"","ast-hfb-mobile-header-display":"","site-post-title":"","ast-breadcrumbs-content":"","ast-featured-img":"","footer-sml-layout":"","theme-transparent-header-meta":"default","adv-header-id-meta":"","stick-header-meta":"","header-above-stick-meta":"","header-main-stick-meta":"","header-below-stick-meta":""},"product_cat":[59,53],"product_tag":[118,125,85,124],"jetpack_sharing_enabled":true,"_links":{"self":[{"href":"https:\/\/zdepot-dz.com\/index.php?rest_route=\/wp\/v2\/product\/1357"}],"collection":[{"href":"https:\/\/zdepot-dz.com\/index.php?rest_route=\/wp\/v2\/product"}],"about":[{"href":"https:\/\/zdepot-dz.com\/index.php?rest_route=\/wp\/v2\/types\/product"}],"replies":[{"embeddable":true,"href":"https:\/\/zdepot-dz.com\/index.php?rest_route=%2Fwp%2Fv2%2Fcomments&post=1357"}],"wp:featuredmedia":[{"embeddable":true,"href":"https:\/\/zdepot-dz.com\/index.php?rest_route=\/wp\/v2\/media\/1358"}],"wp:attachment":[{"href":"https:\/\/zdepot-dz.com\/index.php?rest_route=%2Fwp%2Fv2%2Fmedia&parent=1357"}],"wp:term":[{"taxonomy":"product_cat","embeddable":true,"href":"https:\/\/zdepot-dz.com\/index.php?rest_route=%2Fwp%2Fv2%2Fproduct_cat&post=1357"},{"taxonomy":"product_tag","embeddable":true,"href":"https:\/\/zdepot-dz.com\/index.php?rest_route=%2Fwp%2Fv2%2Fproduct_tag&post=1357"}],"curies":[{"name":"wp","href":"https:\/\/api.w.org\/{rel}","templated":true}]}}