{"id":1353,"date":"2022-12-06T08:27:07","date_gmt":"2022-12-06T07:27:07","guid":{"rendered":"https:\/\/zdepot-dz.com\/?post_type=product&#038;p=1353"},"modified":"2023-04-09T11:10:53","modified_gmt":"2023-04-09T10:10:53","slug":"bosch-marteau-perforateur-2-7j-830w-gbh2-26","status":"publish","type":"product","link":"https:\/\/zdepot-dz.com\/?product=bosch-marteau-perforateur-2-7j-830w-gbh2-26","title":{"rendered":"BOSCH Marteau Perforateur 2.7J 830W GBH2-26"},"content":{"rendered":"<h3>BOSCH Marteau Perforateur 2.7J 830W GBH2-26<\/h3>\n<ul>\n<li>Fr\u00e9quence de frappe \u00e0 vitesse de rotation nominale* 0 \u2013 4.000 cps\/min<\/li>\n<li>Vitesse de rotation nominale* 0 \u2013 900 tr\/min<\/li>\n<li>Donn\u00e9es les plus importantes<\/li>\n<li>Puissance absorb\u00e9e nominale* 830 W<\/li>\n<li>Force de frappe2,7 J<\/li>\n<li>Porte-outils SDS plus<\/li>\n<li>Poids* 2,7 kg<\/li>\n<li>Plage de per\u00e7age<\/li>\n<li>Diam\u00e8tre per\u00e7age dans b\u00e9ton, forets pour perforateur 4 \u2013 26 mm<\/li>\n<li>Diam\u00e8tre de per\u00e7age dans le b\u00e9ton avec couronnes-tr\u00e9pans 16 \u2013 68 mm<\/li>\n<li>Diam\u00e8tre per\u00e7age maxi dans ma\u00e7onnerie, couronnes-tr\u00e9pans 68 mm<\/li>\n<li>Diam\u00e8tre de per\u00e7age maxi. dans le m\u00e9tal 13 mm<\/li>\n<li>Diam\u00e8tre de per\u00e7age maxi. dans le bois 30 mm<\/li>\n<\/ul>\n","protected":false},"excerpt":{"rendered":"<p>BOSCH Marteau Perforateur 2.7J 830W GBH2-26 Fr\u00e9quence de frappe \u00e0 vitesse de rotation nominale* 0 \u2013 4.000 cps\/min Vitesse de rotation nominale* 0 \u2013 900 tr\/min Donn\u00e9es les plus importantes Puissance absorb\u00e9e nominale* 830 W Force de frappe2,7 J Porte-outils SDS plus Poids* 2,7 kg Plage de per\u00e7age Diam\u00e8tre per\u00e7age dans b\u00e9ton, forets pour perforateur &hellip;<\/p>\n<p class=\"read-more\"> <a class=\"\" href=\"https:\/\/zdepot-dz.com\/?product=bosch-marteau-perforateur-2-7j-830w-gbh2-26\"> <span class=\"screen-reader-text\">BOSCH Marteau Perforateur 2.7J 830W GBH2-26<\/span> Lire la suite\u00a0\u00bb<\/a><\/p>\n","protected":false},"featured_media":1354,"comment_status":"closed","ping_status":"closed","template":"","meta":{"site-sidebar-layout":"default","site-content-layout":"default","ast-global-header-display":"","ast-banner-title-visibility":"","ast-main-header-display":"","ast-hfb-above-header-display":"","ast-hfb-below-header-display":"","ast-hfb-mobile-header-display":"","site-post-title":"","ast-breadcrumbs-content":"","ast-featured-img":"","footer-sml-layout":"","theme-transparent-header-meta":"default","adv-header-id-meta":"","stick-header-meta":"","header-above-stick-meta":"","header-main-stick-meta":"","header-below-stick-meta":""},"product_cat":[53],"product_tag":[118,119,26,81,120],"jetpack_sharing_enabled":true,"_links":{"self":[{"href":"https:\/\/zdepot-dz.com\/index.php?rest_route=\/wp\/v2\/product\/1353"}],"collection":[{"href":"https:\/\/zdepot-dz.com\/index.php?rest_route=\/wp\/v2\/product"}],"about":[{"href":"https:\/\/zdepot-dz.com\/index.php?rest_route=\/wp\/v2\/types\/product"}],"replies":[{"embeddable":true,"href":"https:\/\/zdepot-dz.com\/index.php?rest_route=%2Fwp%2Fv2%2Fcomments&post=1353"}],"wp:featuredmedia":[{"embeddable":true,"href":"https:\/\/zdepot-dz.com\/index.php?rest_route=\/wp\/v2\/media\/1354"}],"wp:attachment":[{"href":"https:\/\/zdepot-dz.com\/index.php?rest_route=%2Fwp%2Fv2%2Fmedia&parent=1353"}],"wp:term":[{"taxonomy":"product_cat","embeddable":true,"href":"https:\/\/zdepot-dz.com\/index.php?rest_route=%2Fwp%2Fv2%2Fproduct_cat&post=1353"},{"taxonomy":"product_tag","embeddable":true,"href":"https:\/\/zdepot-dz.com\/index.php?rest_route=%2Fwp%2Fv2%2Fproduct_tag&post=1353"}],"curies":[{"name":"wp","href":"https:\/\/api.w.org\/{rel}","templated":true}]}}