{"id":1346,"date":"2022-12-04T17:11:12","date_gmt":"2022-12-04T16:11:12","guid":{"rendered":"https:\/\/zdepot-dz.com\/?post_type=product&#038;p=1346"},"modified":"2023-06-10T09:44:18","modified_gmt":"2023-06-10T08:44:18","slug":"bosch-meuleuse-115mm-gsw700-gsw9","status":"publish","type":"product","link":"https:\/\/zdepot-dz.com\/?product=bosch-meuleuse-115mm-gsw700-gsw9","title":{"rendered":"BOSCH Meuleuse 115mm GSW700\/GSW9"},"content":{"rendered":"<h3>BOSCH Meuleuse 115mm GSW700\/GSW9<\/h3>\n<ul>\n<li class=\"product-detail-stage__headline\">La qualit\u00e9 \u00e0 prix abordable<\/li>\n<li class=\"product-detail-stage__headline\">Performances fiables avec la qualit\u00e9 BOSCH<\/li>\n<li class=\"product-detail-stage__headline\">Grande capacit\u00e9 de surcharge pour les travaux exigeants<\/li>\n<li class=\"product-detail-stage__headline\">Forme compacte et mince pour un maniement facile<\/li>\n<\/ul>\n","protected":false},"excerpt":{"rendered":"<p>BOSCH Meuleuse 115mm GSW700\/GSW9 La qualit\u00e9 \u00e0 prix abordable Performances fiables avec la qualit\u00e9 BOSCH Grande capacit\u00e9 de surcharge pour les travaux exigeants Forme compacte et mince pour un maniement facile<\/p>\n","protected":false},"featured_media":1351,"comment_status":"closed","ping_status":"closed","template":"","meta":{"site-sidebar-layout":"default","site-content-layout":"default","ast-global-header-display":"","ast-banner-title-visibility":"","ast-main-header-display":"","ast-hfb-above-header-display":"","ast-hfb-below-header-display":"","ast-hfb-mobile-header-display":"","site-post-title":"","ast-breadcrumbs-content":"","ast-featured-img":"","footer-sml-layout":"","theme-transparent-header-meta":"default","adv-header-id-meta":"","stick-header-meta":"","header-above-stick-meta":"","header-main-stick-meta":"","header-below-stick-meta":""},"product_cat":[53],"product_tag":[118,106,30,123],"jetpack_sharing_enabled":true,"_links":{"self":[{"href":"https:\/\/zdepot-dz.com\/index.php?rest_route=\/wp\/v2\/product\/1346"}],"collection":[{"href":"https:\/\/zdepot-dz.com\/index.php?rest_route=\/wp\/v2\/product"}],"about":[{"href":"https:\/\/zdepot-dz.com\/index.php?rest_route=\/wp\/v2\/types\/product"}],"replies":[{"embeddable":true,"href":"https:\/\/zdepot-dz.com\/index.php?rest_route=%2Fwp%2Fv2%2Fcomments&post=1346"}],"wp:featuredmedia":[{"embeddable":true,"href":"https:\/\/zdepot-dz.com\/index.php?rest_route=\/wp\/v2\/media\/1351"}],"wp:attachment":[{"href":"https:\/\/zdepot-dz.com\/index.php?rest_route=%2Fwp%2Fv2%2Fmedia&parent=1346"}],"wp:term":[{"taxonomy":"product_cat","embeddable":true,"href":"https:\/\/zdepot-dz.com\/index.php?rest_route=%2Fwp%2Fv2%2Fproduct_cat&post=1346"},{"taxonomy":"product_tag","embeddable":true,"href":"https:\/\/zdepot-dz.com\/index.php?rest_route=%2Fwp%2Fv2%2Fproduct_tag&post=1346"}],"curies":[{"name":"wp","href":"https:\/\/api.w.org\/{rel}","templated":true}]}}