{"id":1339,"date":"2022-12-04T15:38:24","date_gmt":"2022-12-04T14:38:24","guid":{"rendered":"https:\/\/zdepot-dz.com\/?post_type=product&#038;p=1339"},"modified":"2023-04-09T11:11:52","modified_gmt":"2023-04-09T10:11:52","slug":"tournevis-electrique-go-bosch-3-6v","status":"publish","type":"product","link":"https:\/\/zdepot-dz.com\/?product=tournevis-electrique-go-bosch-3-6v","title":{"rendered":"Tournevis \u00c9lectrique Go BOSCH 3.6V"},"content":{"rendered":"<h3>Tournevis \u00c9lectrique Go BOSCH 3.6V<\/h3>\n<ul>\n<li>Deux possibilit\u00e9s d\u2019activation : en exer\u00e7ant une pression sur l\u2019outil ou en actionnant le bouton \u00ab ON \u00bb<\/li>\n<li>Embrayage m\u00e9canique : offre le choix entre 5 positions de pr\u00e9s\u00e9lection de couple de couple et le \u00ab mode performance maximale \u00bb<\/li>\n<li>Ma\u00eetrise parfaite : l\u2019outil s\u2019arr\u00eate aussit\u00f4t apr\u00e8s l\u2019avoir d\u00e9sactiv\u00e9 gr\u00e2ce au frein \u00e9lectronique<\/li>\n<\/ul>\n<h4>Caract\u00e9ristiques techniques<\/h4>\n<ul>\n<li>Tension de la batterie : 3,6 V<\/li>\n<li>Poids sans batterie : 0,28 kg<\/li>\n<li>Type de batterie : Lithium-Ion<\/li>\n<li>R\u00e9gime \u00e0 vide (1\u00e8re vitesse \/ 2\u00e8me vitesse) : 360 \u2013 360 t\/min<\/li>\n<li>Plage de serrage du mandrin, min.\/max. : 6.35 \/ 6.35 mm<\/li>\n<li>R\u00e9glages de couple : 6<\/li>\n<li>Couple (tendre\/dur\/maxi) : 2.5\/5\/- Nm<\/li>\n<\/ul>\n<h4>Livr\u00e9 dans un boitier en plastique avec<\/h4>\n<ul>\n<li>1 c\u00e2ble micro-USB<\/li>\n<li>1 chargeur USB<\/li>\n<li>Set de vissage 33 pi\u00e8ces (porte-embout, 3x PH1, 3x PH2, 3x PZ1, 3x PZ2, 2x Plat3, 2x Plat4, 2x SQ0, 2x SQ1, 2x SQ2, 2x HEX3, 2x HEX4, 2x T10, 2x T15, 2x T20)<\/li>\n<\/ul>\n","protected":false},"excerpt":{"rendered":"<p>Tournevis \u00c9lectrique Go BOSCH 3.6V Deux possibilit\u00e9s d\u2019activation : en exer\u00e7ant une pression sur l\u2019outil ou en actionnant le bouton \u00ab ON \u00bb Embrayage m\u00e9canique : offre le choix entre 5 positions de pr\u00e9s\u00e9lection de couple de couple et le \u00ab mode performance maximale \u00bb Ma\u00eetrise parfaite : l\u2019outil s\u2019arr\u00eate aussit\u00f4t apr\u00e8s l\u2019avoir d\u00e9sactiv\u00e9 gr\u00e2ce &hellip;<\/p>\n<p class=\"read-more\"> <a class=\"\" href=\"https:\/\/zdepot-dz.com\/?product=tournevis-electrique-go-bosch-3-6v\"> <span class=\"screen-reader-text\">Tournevis \u00c9lectrique Go BOSCH 3.6V<\/span> Lire la suite\u00a0\u00bb<\/a><\/p>\n","protected":false},"featured_media":1340,"comment_status":"closed","ping_status":"closed","template":"","meta":{"site-sidebar-layout":"default","site-content-layout":"default","ast-global-header-display":"","ast-banner-title-visibility":"","ast-main-header-display":"","ast-hfb-above-header-display":"","ast-hfb-below-header-display":"","ast-hfb-mobile-header-display":"","site-post-title":"","ast-breadcrumbs-content":"","ast-featured-img":"","footer-sml-layout":"","theme-transparent-header-meta":"default","adv-header-id-meta":"","stick-header-meta":"","header-above-stick-meta":"","header-main-stick-meta":"","header-below-stick-meta":""},"product_cat":[53],"product_tag":[118,101,122,100,115],"jetpack_sharing_enabled":true,"_links":{"self":[{"href":"https:\/\/zdepot-dz.com\/index.php?rest_route=\/wp\/v2\/product\/1339"}],"collection":[{"href":"https:\/\/zdepot-dz.com\/index.php?rest_route=\/wp\/v2\/product"}],"about":[{"href":"https:\/\/zdepot-dz.com\/index.php?rest_route=\/wp\/v2\/types\/product"}],"replies":[{"embeddable":true,"href":"https:\/\/zdepot-dz.com\/index.php?rest_route=%2Fwp%2Fv2%2Fcomments&post=1339"}],"wp:featuredmedia":[{"embeddable":true,"href":"https:\/\/zdepot-dz.com\/index.php?rest_route=\/wp\/v2\/media\/1340"}],"wp:attachment":[{"href":"https:\/\/zdepot-dz.com\/index.php?rest_route=%2Fwp%2Fv2%2Fmedia&parent=1339"}],"wp:term":[{"taxonomy":"product_cat","embeddable":true,"href":"https:\/\/zdepot-dz.com\/index.php?rest_route=%2Fwp%2Fv2%2Fproduct_cat&post=1339"},{"taxonomy":"product_tag","embeddable":true,"href":"https:\/\/zdepot-dz.com\/index.php?rest_route=%2Fwp%2Fv2%2Fproduct_tag&post=1339"}],"curies":[{"name":"wp","href":"https:\/\/api.w.org\/{rel}","templated":true}]}}