{"id":1337,"date":"2022-12-04T15:08:09","date_gmt":"2022-12-04T14:08:09","guid":{"rendered":"https:\/\/zdepot-dz.com\/?post_type=product&#038;p=1337"},"modified":"2023-04-09T11:12:06","modified_gmt":"2023-04-09T10:12:06","slug":"bosch-set-pro-line-special-beton-35pcs","status":"publish","type":"product","link":"https:\/\/zdepot-dz.com\/?product=bosch-set-pro-line-special-beton-35pcs","title":{"rendered":"BOSCH Set-Pro-line Sp\u00e9cial B\u00e9ton 35PCS"},"content":{"rendered":"<h3>BOSCH Set-Pro-line Sp\u00e9cial B\u00e9ton 35PCS<\/h3>\n<ul class=\"product-detail-stage__list a-list\">\n<li>Excellente r\u00e9sistance \u00e0 l&rsquo;usure gr\u00e2ce \u00e0 l&rsquo;utilisation d&rsquo;un m\u00e9lange de carbure endurant d\u00e9velopp\u00e9 et fabriqu\u00e9 par Bosch<\/li>\n<li>La double h\u00e9lice en U permet une bonne \u00e9vacuation de la poussi\u00e8re, pour une friction r\u00e9duite et une dur\u00e9e de vie accrue<\/li>\n<li>Emmanchement cylindrique compatible avec les mandrins porte-foret \u00e0 trois mors.<\/li>\n<\/ul>\n","protected":false},"excerpt":{"rendered":"<p>BOSCH Set-Pro-line Sp\u00e9cial B\u00e9ton 35PCS Excellente r\u00e9sistance \u00e0 l&rsquo;usure gr\u00e2ce \u00e0 l&rsquo;utilisation d&rsquo;un m\u00e9lange de carbure endurant d\u00e9velopp\u00e9 et fabriqu\u00e9 par Bosch La double h\u00e9lice en U permet une bonne \u00e9vacuation de la poussi\u00e8re, pour une friction r\u00e9duite et une dur\u00e9e de vie accrue Emmanchement cylindrique compatible avec les mandrins porte-foret \u00e0 trois mors.<\/p>\n","protected":false},"featured_media":1338,"comment_status":"closed","ping_status":"closed","template":"","meta":{"site-sidebar-layout":"default","site-content-layout":"default","ast-global-header-display":"","ast-banner-title-visibility":"","ast-main-header-display":"","ast-hfb-above-header-display":"","ast-hfb-below-header-display":"","ast-hfb-mobile-header-display":"","site-post-title":"","ast-breadcrumbs-content":"","ast-featured-img":"","footer-sml-layout":"","theme-transparent-header-meta":"default","adv-header-id-meta":"","stick-header-meta":"","header-above-stick-meta":"","header-main-stick-meta":"","header-below-stick-meta":""},"product_cat":[53],"product_tag":[],"jetpack_sharing_enabled":true,"_links":{"self":[{"href":"https:\/\/zdepot-dz.com\/index.php?rest_route=\/wp\/v2\/product\/1337"}],"collection":[{"href":"https:\/\/zdepot-dz.com\/index.php?rest_route=\/wp\/v2\/product"}],"about":[{"href":"https:\/\/zdepot-dz.com\/index.php?rest_route=\/wp\/v2\/types\/product"}],"replies":[{"embeddable":true,"href":"https:\/\/zdepot-dz.com\/index.php?rest_route=%2Fwp%2Fv2%2Fcomments&post=1337"}],"wp:featuredmedia":[{"embeddable":true,"href":"https:\/\/zdepot-dz.com\/index.php?rest_route=\/wp\/v2\/media\/1338"}],"wp:attachment":[{"href":"https:\/\/zdepot-dz.com\/index.php?rest_route=%2Fwp%2Fv2%2Fmedia&parent=1337"}],"wp:term":[{"taxonomy":"product_cat","embeddable":true,"href":"https:\/\/zdepot-dz.com\/index.php?rest_route=%2Fwp%2Fv2%2Fproduct_cat&post=1337"},{"taxonomy":"product_tag","embeddable":true,"href":"https:\/\/zdepot-dz.com\/index.php?rest_route=%2Fwp%2Fv2%2Fproduct_tag&post=1337"}],"curies":[{"name":"wp","href":"https:\/\/api.w.org\/{rel}","templated":true}]}}