{"id":1334,"date":"2022-12-04T14:49:39","date_gmt":"2022-12-04T13:49:39","guid":{"rendered":"https:\/\/zdepot-dz.com\/?post_type=product&#038;p=1334"},"modified":"2023-04-09T11:12:27","modified_gmt":"2023-04-09T10:12:27","slug":"bosch-rabot-electrique-0-2-6mm-650w-gho6500","status":"publish","type":"product","link":"https:\/\/zdepot-dz.com\/?product=bosch-rabot-electrique-0-2-6mm-650w-gho6500","title":{"rendered":"BOSCH Rabot \u00c9lectrique 0-2.6mm 650W GHO6500"},"content":{"rendered":"<h3>BOSCH Rabot \u00c9lectrique 0-2.6mm 650W GHO6500<\/h3>\n<ul class=\"product-detail-stage__list a-list\">\n<li>Puissant moteur de 650 W pour une progression de travail rapide<\/li>\n<li>Nouveau m\u00e9canisme d&rsquo;ajustement de la profondeur de rabotage (jusqu&rsquo;\u00e0 2,6 mm)<\/li>\n<li>Flux d&rsquo;air optimis\u00e9 pour l&rsquo;\u00e9jection des copeaux<\/li>\n<\/ul>\n<h3>Caract\u00e9ristiques techniques<\/h3>\n<ul>\n<li>Puissance absorb\u00e9e nominale 650 W<\/li>\n<li>Largeur de rabotage 82 mm<\/li>\n<li>Profondeur de rabotage 0 mm<\/li>\n<li>Poids 2,8 kg<\/li>\n<li>\u00c9paisseur de feuillure r\u00e9glable 0 \u2013 9 mm<\/li>\n<li>R\u00e9gime \u00e0 vide 16\u00a0500 t\/min<\/li>\n<\/ul>\n","protected":false},"excerpt":{"rendered":"<p>BOSCH Rabot \u00c9lectrique 0-2.6mm 650W GHO6500 Puissant moteur de 650 W pour une progression de travail rapide Nouveau m\u00e9canisme d&rsquo;ajustement de la profondeur de rabotage (jusqu&rsquo;\u00e0 2,6 mm) Flux d&rsquo;air optimis\u00e9 pour l&rsquo;\u00e9jection des copeaux Caract\u00e9ristiques techniques Puissance absorb\u00e9e nominale 650 W Largeur de rabotage 82 mm Profondeur de rabotage 0 mm Poids 2,8 kg &hellip;<\/p>\n<p class=\"read-more\"> <a class=\"\" href=\"https:\/\/zdepot-dz.com\/?product=bosch-rabot-electrique-0-2-6mm-650w-gho6500\"> <span class=\"screen-reader-text\">BOSCH Rabot \u00c9lectrique 0-2.6mm 650W GHO6500<\/span> Lire la suite\u00a0\u00bb<\/a><\/p>\n","protected":false},"featured_media":1345,"comment_status":"closed","ping_status":"closed","template":"","meta":{"site-sidebar-layout":"default","site-content-layout":"default","ast-global-header-display":"","ast-banner-title-visibility":"","ast-main-header-display":"","ast-hfb-above-header-display":"","ast-hfb-below-header-display":"","ast-hfb-mobile-header-display":"","site-post-title":"","ast-breadcrumbs-content":"","ast-featured-img":"","footer-sml-layout":"","theme-transparent-header-meta":"default","adv-header-id-meta":"","stick-header-meta":"","header-above-stick-meta":"","header-main-stick-meta":"","header-below-stick-meta":""},"product_cat":[53],"product_tag":[118,89,90],"jetpack_sharing_enabled":true,"_links":{"self":[{"href":"https:\/\/zdepot-dz.com\/index.php?rest_route=\/wp\/v2\/product\/1334"}],"collection":[{"href":"https:\/\/zdepot-dz.com\/index.php?rest_route=\/wp\/v2\/product"}],"about":[{"href":"https:\/\/zdepot-dz.com\/index.php?rest_route=\/wp\/v2\/types\/product"}],"replies":[{"embeddable":true,"href":"https:\/\/zdepot-dz.com\/index.php?rest_route=%2Fwp%2Fv2%2Fcomments&post=1334"}],"wp:featuredmedia":[{"embeddable":true,"href":"https:\/\/zdepot-dz.com\/index.php?rest_route=\/wp\/v2\/media\/1345"}],"wp:attachment":[{"href":"https:\/\/zdepot-dz.com\/index.php?rest_route=%2Fwp%2Fv2%2Fmedia&parent=1334"}],"wp:term":[{"taxonomy":"product_cat","embeddable":true,"href":"https:\/\/zdepot-dz.com\/index.php?rest_route=%2Fwp%2Fv2%2Fproduct_cat&post=1334"},{"taxonomy":"product_tag","embeddable":true,"href":"https:\/\/zdepot-dz.com\/index.php?rest_route=%2Fwp%2Fv2%2Fproduct_tag&post=1334"}],"curies":[{"name":"wp","href":"https:\/\/api.w.org\/{rel}","templated":true}]}}