{"id":1332,"date":"2022-12-04T14:33:24","date_gmt":"2022-12-04T13:33:24","guid":{"rendered":"https:\/\/zdepot-dz.com\/?post_type=product&#038;p=1332"},"modified":"2023-04-09T11:12:41","modified_gmt":"2023-04-09T10:12:41","slug":"bosch-penseuse-vibrante-gss140-220w","status":"publish","type":"product","link":"https:\/\/zdepot-dz.com\/?product=bosch-penseuse-vibrante-gss140-220w","title":{"rendered":"BOSCH Penseuse Vibrante GSS140-220W"},"content":{"rendered":"<h3>BOSCH Penseuse Vibrante GSS140-220W<\/h3>\n<ul class=\"product-detail-stage__list a-list\">\n<li>Flexibilit\u00e9 et absence de fatigue lors d&rsquo;une utilisation prolong\u00e9e, m\u00eame en hauteur<\/li>\n<li>Tr\u00e8s bonne ergonomie et nombreuses positions de pr\u00e9hension<\/li>\n<li>Faibles vibrations et faible poids<\/li>\n<\/ul>\n<h3>Caract\u00e9ristiques techniques<\/h3>\n<ul>\n<li>Puissance absorb\u00e9e nominale 220 W<\/li>\n<li>Poids 1,2 kg<\/li>\n<li>R\u00e9gime \u00e0 vide 14,000 t\/min<\/li>\n<li>Mouvements orbitaux \u00e0 vide 28,000 osc\/min<\/li>\n<li>Diam\u00e8tre d\u2019amplitude 1,5 mm<\/li>\n<\/ul>\n<p>Surface de pon\u00e7age<\/p>\n<ul>\n<li>Largeur du plateau de pon\u00e7age 101 mm<\/li>\n<li>Longueur du plateau de pon\u00e7age 112 mm<\/li>\n<li>Feuille abrasive pour fixation par \u00e9trier, largeur 114 mm<\/li>\n<li>Feuille abrasive pour fixation par \u00e9trier, longueur 140 mm<\/li>\n<\/ul>\n<p>Valeurs totales des vibrations (Pon\u00e7age de panneaux)<\/p>\n<ul>\n<li>Valeur d\u2019\u00e9mission vibratoire ah 7 m\/s\u00b2<\/li>\n<\/ul>\n","protected":false},"excerpt":{"rendered":"<p>BOSCH Penseuse Vibrante GSS140-220W Flexibilit\u00e9 et absence de fatigue lors d&rsquo;une utilisation prolong\u00e9e, m\u00eame en hauteur Tr\u00e8s bonne ergonomie et nombreuses positions de pr\u00e9hension Faibles vibrations et faible poids Caract\u00e9ristiques techniques Puissance absorb\u00e9e nominale 220 W Poids 1,2 kg R\u00e9gime \u00e0 vide 14,000 t\/min Mouvements orbitaux \u00e0 vide 28,000 osc\/min Diam\u00e8tre d\u2019amplitude 1,5 mm Surface &hellip;<\/p>\n<p class=\"read-more\"> <a class=\"\" href=\"https:\/\/zdepot-dz.com\/?product=bosch-penseuse-vibrante-gss140-220w\"> <span class=\"screen-reader-text\">BOSCH Penseuse Vibrante GSS140-220W<\/span> Lire la suite\u00a0\u00bb<\/a><\/p>\n","protected":false},"featured_media":1333,"comment_status":"closed","ping_status":"closed","template":"","meta":{"site-sidebar-layout":"default","site-content-layout":"default","ast-global-header-display":"","ast-banner-title-visibility":"","ast-main-header-display":"","ast-hfb-above-header-display":"","ast-hfb-below-header-display":"","ast-hfb-mobile-header-display":"","site-post-title":"","ast-breadcrumbs-content":"","ast-featured-img":"","footer-sml-layout":"","theme-transparent-header-meta":"default","adv-header-id-meta":"","stick-header-meta":"","header-above-stick-meta":"","header-main-stick-meta":"","header-below-stick-meta":""},"product_cat":[53],"product_tag":[118,85,86],"jetpack_sharing_enabled":true,"_links":{"self":[{"href":"https:\/\/zdepot-dz.com\/index.php?rest_route=\/wp\/v2\/product\/1332"}],"collection":[{"href":"https:\/\/zdepot-dz.com\/index.php?rest_route=\/wp\/v2\/product"}],"about":[{"href":"https:\/\/zdepot-dz.com\/index.php?rest_route=\/wp\/v2\/types\/product"}],"replies":[{"embeddable":true,"href":"https:\/\/zdepot-dz.com\/index.php?rest_route=%2Fwp%2Fv2%2Fcomments&post=1332"}],"wp:featuredmedia":[{"embeddable":true,"href":"https:\/\/zdepot-dz.com\/index.php?rest_route=\/wp\/v2\/media\/1333"}],"wp:attachment":[{"href":"https:\/\/zdepot-dz.com\/index.php?rest_route=%2Fwp%2Fv2%2Fmedia&parent=1332"}],"wp:term":[{"taxonomy":"product_cat","embeddable":true,"href":"https:\/\/zdepot-dz.com\/index.php?rest_route=%2Fwp%2Fv2%2Fproduct_cat&post=1332"},{"taxonomy":"product_tag","embeddable":true,"href":"https:\/\/zdepot-dz.com\/index.php?rest_route=%2Fwp%2Fv2%2Fproduct_tag&post=1332"}],"curies":[{"name":"wp","href":"https:\/\/api.w.org\/{rel}","templated":true}]}}