{"id":1324,"date":"2022-12-04T12:12:57","date_gmt":"2022-12-04T11:12:57","guid":{"rendered":"https:\/\/zdepot-dz.com\/?post_type=product&#038;p=1324"},"modified":"2023-04-09T11:00:28","modified_gmt":"2023-04-09T10:00:28","slug":"bosch-perseuse-a-percussion-gsb1300-550w-13mm","status":"publish","type":"product","link":"https:\/\/zdepot-dz.com\/?product=bosch-perseuse-a-percussion-gsb1300-550w-13mm","title":{"rendered":"BOSCH Perseuse A Percussion GSB1300 550W 13mm"},"content":{"rendered":"<h3>BOSCH Perseuse A Percussion GSB1300 550W 13mm<\/h3>\n<ul>\n<li>Puissant moteur de 550 W<\/li>\n<li>Mandrin \u00e0 cl\u00e9 13 mm, poign\u00e9e suppl\u00e9mentaire et but\u00e9e de profondeur<\/li>\n<li>Moteur et engrenage enti\u00e8rement mont\u00e9s sur roulements \u00e0 billes pour une longue dur\u00e9e de vie<\/li>\n<\/ul>\n<h3>Caract\u00e9ristiques techniques<\/h3>\n<ul>\n<li>Puissance absorb\u00e9e nominale 550 W<\/li>\n<li>R\u00e9gime \u00e0 vide 0 \u2013 2800 t\/min<\/li>\n<li>Puissance restitu\u00e9e 270 W<\/li>\n<li>Poids 1.8 kg<\/li>\n<li>Couple nominal 1,5 Nm<\/li>\n<li>Filetage de la broche de per\u00e7age 43<\/li>\n<li>Plage de serrage du mandrin, mini.\/maxi. 1,5 \u2013 13 mm<\/li>\n<li>Dimension de l\u2019outil 65.5 mm*262 mm*253 mm<\/li>\n<li>Fr\u00e9quence de frappe \u00e0 vide 0 \u2013 41800 cps\/min<\/li>\n<li>Plage de per\u00e7age<br \/>\nDiam\u00e8tre de per\u00e7age dans le b\u00e9ton 13 mm<br \/>\nDiam\u00e8tre de per\u00e7age dans le bois 25 mm<br \/>\nDiam\u00e8tre de per\u00e7age dans l\u2019acier 10 mm<br \/>\nDiam\u00e8tre de per\u00e7age dans la ma\u00e7onnerie 13 mm<\/li>\n<\/ul>\n<p>&nbsp;<\/p>\n","protected":false},"excerpt":{"rendered":"<p>BOSCH Perseuse A Percussion GSB1300 550W 13mm Puissant moteur de 550 W Mandrin \u00e0 cl\u00e9 13 mm, poign\u00e9e suppl\u00e9mentaire et but\u00e9e de profondeur Moteur et engrenage enti\u00e8rement mont\u00e9s sur roulements \u00e0 billes pour une longue dur\u00e9e de vie Caract\u00e9ristiques techniques Puissance absorb\u00e9e nominale 550 W R\u00e9gime \u00e0 vide 0 \u2013 2800 t\/min Puissance restitu\u00e9e 270 &hellip;<\/p>\n<p class=\"read-more\"> <a class=\"\" href=\"https:\/\/zdepot-dz.com\/?product=bosch-perseuse-a-percussion-gsb1300-550w-13mm\"> <span class=\"screen-reader-text\">BOSCH Perseuse A Percussion GSB1300 550W 13mm<\/span> Lire la suite\u00a0\u00bb<\/a><\/p>\n","protected":false},"featured_media":1325,"comment_status":"closed","ping_status":"closed","template":"","meta":{"site-sidebar-layout":"default","site-content-layout":"default","ast-global-header-display":"","ast-banner-title-visibility":"","ast-main-header-display":"","ast-hfb-above-header-display":"","ast-hfb-below-header-display":"","ast-hfb-mobile-header-display":"","site-post-title":"","ast-breadcrumbs-content":"","ast-featured-img":"","footer-sml-layout":"","theme-transparent-header-meta":"default","adv-header-id-meta":"","stick-header-meta":"","header-above-stick-meta":"","header-main-stick-meta":"","header-below-stick-meta":""},"product_cat":[15],"product_tag":[118,121,28],"jetpack_sharing_enabled":true,"_links":{"self":[{"href":"https:\/\/zdepot-dz.com\/index.php?rest_route=\/wp\/v2\/product\/1324"}],"collection":[{"href":"https:\/\/zdepot-dz.com\/index.php?rest_route=\/wp\/v2\/product"}],"about":[{"href":"https:\/\/zdepot-dz.com\/index.php?rest_route=\/wp\/v2\/types\/product"}],"replies":[{"embeddable":true,"href":"https:\/\/zdepot-dz.com\/index.php?rest_route=%2Fwp%2Fv2%2Fcomments&post=1324"}],"wp:featuredmedia":[{"embeddable":true,"href":"https:\/\/zdepot-dz.com\/index.php?rest_route=\/wp\/v2\/media\/1325"}],"wp:attachment":[{"href":"https:\/\/zdepot-dz.com\/index.php?rest_route=%2Fwp%2Fv2%2Fmedia&parent=1324"}],"wp:term":[{"taxonomy":"product_cat","embeddable":true,"href":"https:\/\/zdepot-dz.com\/index.php?rest_route=%2Fwp%2Fv2%2Fproduct_cat&post=1324"},{"taxonomy":"product_tag","embeddable":true,"href":"https:\/\/zdepot-dz.com\/index.php?rest_route=%2Fwp%2Fv2%2Fproduct_tag&post=1324"}],"curies":[{"name":"wp","href":"https:\/\/api.w.org\/{rel}","templated":true}]}}