{"id":1322,"date":"2022-12-04T11:52:49","date_gmt":"2022-12-04T10:52:49","guid":{"rendered":"https:\/\/zdepot-dz.com\/?post_type=product&#038;p=1322"},"modified":"2023-04-09T10:59:55","modified_gmt":"2023-04-09T09:59:55","slug":"bosch-perseuse-a-percussion-gsb16re-700w-13mm","status":"publish","type":"product","link":"https:\/\/zdepot-dz.com\/?product=bosch-perseuse-a-percussion-gsb16re-700w-13mm","title":{"rendered":"BOSCH Perseuse A Percussion GSB16RE 700W 13mm"},"content":{"rendered":"<h3>BOSCH Perseuse A Percussion GSB16RE 700W 13mm<\/h3>\n<ul class=\"product-detail-stage__list a-list\">\n<li>Carter d\u2019engrenage cylindrique et carter de moteur avec collier de fixation pour r\u00e9sister aux conditions de travail les plus difficiles<\/li>\n<li>Un moteur puissant de 700 W pour s\u2019adapter \u00e0 tous les besoins professionnels<\/li>\n<li>Conception compacte et ergonomique pour une utilisation sans fatigue<\/li>\n<\/ul>\n<h3>Caract\u00e9ristiques techniques<\/h3>\n<ul>\n<li>Puissance absorb\u00e9e nominale 750 W<\/li>\n<li>Poids 1,8 kg<\/li>\n<li>R\u00e9gime \u00e0 vide, 1\u00e8re vitesse 0 \u2013 3,250 t\/min<\/li>\n<li>Fr\u00e9quence de frappe \u00e0 vide 0 \u2013 48,500 cps\/min<\/li>\n<li>Couple nominal 2.1 Nm<\/li>\n<li>Plage de serrage du mandrin, min.\/max. 1.5 \u2013 13 mm<\/li>\n<\/ul>\n<p>Plage de per\u00e7age<\/p>\n<ul>\n<li>Diam\u00e8tre per\u00e7age bois 25 mm<\/li>\n<li>Diam\u00e8tre per\u00e7age b\u00e9ton 16 mm<\/li>\n<li>Diam\u00e8tre per\u00e7age acier 12 mm<\/li>\n<\/ul>\n","protected":false},"excerpt":{"rendered":"<p>BOSCH Perseuse A Percussion GSB16RE 700W 13mm Carter d\u2019engrenage cylindrique et carter de moteur avec collier de fixation pour r\u00e9sister aux conditions de travail les plus difficiles Un moteur puissant de 700 W pour s\u2019adapter \u00e0 tous les besoins professionnels Conception compacte et ergonomique pour une utilisation sans fatigue Caract\u00e9ristiques techniques Puissance absorb\u00e9e nominale 750 &hellip;<\/p>\n<p class=\"read-more\"> <a class=\"\" href=\"https:\/\/zdepot-dz.com\/?product=bosch-perseuse-a-percussion-gsb16re-700w-13mm\"> <span class=\"screen-reader-text\">BOSCH Perseuse A Percussion GSB16RE 700W 13mm<\/span> Lire la suite\u00a0\u00bb<\/a><\/p>\n","protected":false},"featured_media":1323,"comment_status":"closed","ping_status":"closed","template":"","meta":{"site-sidebar-layout":"default","site-content-layout":"default","ast-global-header-display":"","ast-banner-title-visibility":"","ast-main-header-display":"","ast-hfb-above-header-display":"","ast-hfb-below-header-display":"","ast-hfb-mobile-header-display":"","site-post-title":"","ast-breadcrumbs-content":"","ast-featured-img":"","footer-sml-layout":"","theme-transparent-header-meta":"default","adv-header-id-meta":"","stick-header-meta":"","header-above-stick-meta":"","header-main-stick-meta":"","header-below-stick-meta":""},"product_cat":[53],"product_tag":[118,121,79],"jetpack_sharing_enabled":true,"_links":{"self":[{"href":"https:\/\/zdepot-dz.com\/index.php?rest_route=\/wp\/v2\/product\/1322"}],"collection":[{"href":"https:\/\/zdepot-dz.com\/index.php?rest_route=\/wp\/v2\/product"}],"about":[{"href":"https:\/\/zdepot-dz.com\/index.php?rest_route=\/wp\/v2\/types\/product"}],"replies":[{"embeddable":true,"href":"https:\/\/zdepot-dz.com\/index.php?rest_route=%2Fwp%2Fv2%2Fcomments&post=1322"}],"wp:featuredmedia":[{"embeddable":true,"href":"https:\/\/zdepot-dz.com\/index.php?rest_route=\/wp\/v2\/media\/1323"}],"wp:attachment":[{"href":"https:\/\/zdepot-dz.com\/index.php?rest_route=%2Fwp%2Fv2%2Fmedia&parent=1322"}],"wp:term":[{"taxonomy":"product_cat","embeddable":true,"href":"https:\/\/zdepot-dz.com\/index.php?rest_route=%2Fwp%2Fv2%2Fproduct_cat&post=1322"},{"taxonomy":"product_tag","embeddable":true,"href":"https:\/\/zdepot-dz.com\/index.php?rest_route=%2Fwp%2Fv2%2Fproduct_tag&post=1322"}],"curies":[{"name":"wp","href":"https:\/\/api.w.org\/{rel}","templated":true}]}}