{"id":1317,"date":"2022-12-04T10:48:45","date_gmt":"2022-12-04T09:48:45","guid":{"rendered":"https:\/\/zdepot-dz.com\/?post_type=product&#038;p=1317"},"modified":"2023-04-09T10:58:45","modified_gmt":"2023-04-09T09:58:45","slug":"bosch-marteau-perforateur-gbh200-2kg-600w-1-7j-20mm-mandrain","status":"publish","type":"product","link":"https:\/\/zdepot-dz.com\/?product=bosch-marteau-perforateur-gbh200-2kg-600w-1-7j-20mm-mandrain","title":{"rendered":"BOSCH Marteau Perforateur GBH200 2KG 600W 1.7J 20mm Mandrain"},"content":{"rendered":"<h3 class=\"product_title entry-title\">BOSCH Marteau Perforateur GBH200 2KG 600W 1.7J 20mm Mandrain<\/h3>\n<ul class=\"product-detail-stage__list a-list\">\n<li>Bloc robuste \u2013 construction modulaire cylindrique pour une fiabilit\u00e9 et une durabilit\u00e9 sup\u00e9rieures<\/li>\n<li>Flexibilit\u00e9 accrue pour les t\u00e2ches de burinage usuelles<\/li>\n<li>Compact, avec un poids de 2,3\u00a0kg pour une utilisation confortable et pratique. Adapt\u00e9 aux applications en hauteur<\/li>\n<\/ul>\n<h3>Caract\u00e9ristiques techniques<\/h3>\n<ul>\n<li>Donn\u00e9es de performance<\/li>\n<li>Fr\u00e9quence de frappe \u00e0 vitesse de rotation nominale 0 \u2013 4,400 cps\/min<\/li>\n<li>Vitesse de rotation nominale 0 \u2013 1,400 t\/min<\/li>\n<li>Donn\u00e9es suppl\u00e9mentaires<\/li>\n<li>Puissance absorb\u00e9e nominale 600 W<\/li>\n<li>Force de frappe, jusqu\u2019\u00e0 1,7 J<\/li>\n<li>Poids 2,3 kg<\/li>\n<li>Porte-outils SDS plus<\/li>\n<li>Plage de per\u00e7age<\/li>\n<li>Diam\u00e8tre de per\u00e7age dans le b\u00e9ton avec forets pour perforateur 4 \u2013 20 mm<\/li>\n<li>Diam\u00e8tre per\u00e7age maxi dans ma\u00e7onnerie, couronnes-tr\u00e9pans 68 mm<\/li>\n<li>Diam\u00e8tre de per\u00e7age maxi. dans le m\u00e9tal 13 mm<\/li>\n<\/ul>\n","protected":false},"excerpt":{"rendered":"<p>BOSCH Marteau Perforateur GBH200 2KG 600W 1.7J 20mm Mandrain Bloc robuste \u2013 construction modulaire cylindrique pour une fiabilit\u00e9 et une durabilit\u00e9 sup\u00e9rieures Flexibilit\u00e9 accrue pour les t\u00e2ches de burinage usuelles Compact, avec un poids de 2,3\u00a0kg pour une utilisation confortable et pratique. Adapt\u00e9 aux applications en hauteur Caract\u00e9ristiques techniques Donn\u00e9es de performance Fr\u00e9quence de frappe &hellip;<\/p>\n<p class=\"read-more\"> <a class=\"\" href=\"https:\/\/zdepot-dz.com\/?product=bosch-marteau-perforateur-gbh200-2kg-600w-1-7j-20mm-mandrain\"> <span class=\"screen-reader-text\">BOSCH Marteau Perforateur GBH200 2KG 600W 1.7J 20mm Mandrain<\/span> Lire la suite\u00a0\u00bb<\/a><\/p>\n","protected":false},"featured_media":1318,"comment_status":"closed","ping_status":"closed","template":"","meta":{"site-sidebar-layout":"default","site-content-layout":"default","ast-global-header-display":"","ast-banner-title-visibility":"","ast-main-header-display":"","ast-hfb-above-header-display":"","ast-hfb-below-header-display":"","ast-hfb-mobile-header-display":"","site-post-title":"","ast-breadcrumbs-content":"","ast-featured-img":"","footer-sml-layout":"","theme-transparent-header-meta":"default","adv-header-id-meta":"","stick-header-meta":"","header-above-stick-meta":"","header-main-stick-meta":"","header-below-stick-meta":""},"product_cat":[53],"product_tag":[118,119,81,120],"jetpack_sharing_enabled":true,"_links":{"self":[{"href":"https:\/\/zdepot-dz.com\/index.php?rest_route=\/wp\/v2\/product\/1317"}],"collection":[{"href":"https:\/\/zdepot-dz.com\/index.php?rest_route=\/wp\/v2\/product"}],"about":[{"href":"https:\/\/zdepot-dz.com\/index.php?rest_route=\/wp\/v2\/types\/product"}],"replies":[{"embeddable":true,"href":"https:\/\/zdepot-dz.com\/index.php?rest_route=%2Fwp%2Fv2%2Fcomments&post=1317"}],"wp:featuredmedia":[{"embeddable":true,"href":"https:\/\/zdepot-dz.com\/index.php?rest_route=\/wp\/v2\/media\/1318"}],"wp:attachment":[{"href":"https:\/\/zdepot-dz.com\/index.php?rest_route=%2Fwp%2Fv2%2Fmedia&parent=1317"}],"wp:term":[{"taxonomy":"product_cat","embeddable":true,"href":"https:\/\/zdepot-dz.com\/index.php?rest_route=%2Fwp%2Fv2%2Fproduct_cat&post=1317"},{"taxonomy":"product_tag","embeddable":true,"href":"https:\/\/zdepot-dz.com\/index.php?rest_route=%2Fwp%2Fv2%2Fproduct_tag&post=1317"}],"curies":[{"name":"wp","href":"https:\/\/api.w.org\/{rel}","templated":true}]}}