{"id":1315,"date":"2022-12-04T10:37:49","date_gmt":"2022-12-04T09:37:49","guid":{"rendered":"https:\/\/zdepot-dz.com\/?post_type=product&#038;p=1315"},"modified":"2023-04-09T10:58:27","modified_gmt":"2023-04-09T09:58:27","slug":"bosch-gbh4-32dfr-4kg-900w-4-2j-32mm-mandrain","status":"publish","type":"product","link":"https:\/\/zdepot-dz.com\/?product=bosch-gbh4-32dfr-4kg-900w-4-2j-32mm-mandrain","title":{"rendered":"BOSCH Marteau Perforateur GBH4-32DFR 4KG 900W 4.2J 32mm Mandrain"},"content":{"rendered":"<h3>BOSCH Marteau Perforateur GBH4-32DFR 4KG 900W 4.2J 32mm Mandrain<\/h3>\n<p>Le GBH4-32DFR Professional est le mod\u00e8le le plus puissant de la gamme des perforateurs SDS plus filaires Bosch. Dot\u00e9 d\u2019un moteur de 900 W fournissant une force de frappe tr\u00e8s \u00e9lev\u00e9e de 4,2 J, il offre en mode burinage la capacit\u00e9 d\u2019enl\u00e8vement la plus \u00e9lev\u00e9e de la gamme SDS plus Bosch. Le perforateur est dot\u00e9 d\u2019un carter d\u2019engrenage m\u00e9tallique lui conf\u00e9rant une grande robustesse. Le syst\u00e8me Vibration Control permet une utilisation prolong\u00e9e sans fatigue lors de travaux de longue dur\u00e9e.<\/p>\n<h3>Caract\u00e9ristiques techniques<\/h3>\n<ul>\n<li>Fr\u00e9quence de frappe \u00e0 vitesse de rotation nominale 0 \u2013 3,600 cps\/min<\/li>\n<li>Puissance absorb\u00e9e nominale 900 W<\/li>\n<li>Force de frappe, jusqu\u2019\u00e0 4,2 J<\/li>\n<li>Poids 4,7 kg<\/li>\n<li>Porte-outils SDS plus<\/li>\n<li>Vitesse de rotation nominale 0 \u2013 800 t\/min<\/li>\n<li>Plage de per\u00e7age<\/li>\n<li>Diam\u00e8tre de per\u00e7age dans le b\u00e9ton avec forets pour perforateur 6 \u2013 32 mm<\/li>\n<li>Plage d\u2019utilisation optimale b\u00e9ton avec forets pour perforateur 14 \u2013 25 mm<\/li>\n<li>Diam\u00e8tre per\u00e7age maxi dans ma\u00e7onnerie, couronnes-tr\u00e9pans 90 mm<\/li>\n<li>Diam\u00e8tre de per\u00e7age maxi. dans le m\u00e9tal 13 mm<\/li>\n<li>Diam\u00e8tre de per\u00e7age maxi. dans le bois 32 mm<\/li>\n<li>Valeurs totales des vibrations (Per\u00e7age en frappe du b\u00e9ton)<\/li>\n<li>Valeur d\u2019\u00e9mission vibratoire ah 12,7 m\/s\u00b2<\/li>\n<li>Valeurs totales des vibrations (Burinage)<\/li>\n<li>Valeur d\u2019\u00e9mission vibratoire ah 11,4 m\/s\u00b2<\/li>\n<li>Per\u00e7age en frappe du b\u00e9ton<\/li>\n<li>Valeur d\u2019\u00e9mission vibratoire ah 12,7 m\/s<\/li>\n<li>Valeur d\u2019\u00e9mission vibratoire ah 11,4 m\/s\u00b2<\/li>\n<li>Incertitude K 1,5 m\/s\u00b2<\/li>\n<\/ul>\n","protected":false},"excerpt":{"rendered":"<p>BOSCH Marteau Perforateur GBH4-32DFR 4KG 900W 4.2J 32mm Mandrain Le GBH4-32DFR Professional est le mod\u00e8le le plus puissant de la gamme des perforateurs SDS plus filaires Bosch. Dot\u00e9 d\u2019un moteur de 900 W fournissant une force de frappe tr\u00e8s \u00e9lev\u00e9e de 4,2 J, il offre en mode burinage la capacit\u00e9 d\u2019enl\u00e8vement la plus \u00e9lev\u00e9e de &hellip;<\/p>\n<p class=\"read-more\"> <a class=\"\" href=\"https:\/\/zdepot-dz.com\/?product=bosch-gbh4-32dfr-4kg-900w-4-2j-32mm-mandrain\"> <span class=\"screen-reader-text\">BOSCH Marteau Perforateur GBH4-32DFR 4KG 900W 4.2J 32mm Mandrain<\/span> Lire la suite\u00a0\u00bb<\/a><\/p>\n","protected":false},"featured_media":1316,"comment_status":"closed","ping_status":"closed","template":"","meta":{"site-sidebar-layout":"default","site-content-layout":"default","ast-global-header-display":"","ast-banner-title-visibility":"","ast-main-header-display":"","ast-hfb-above-header-display":"","ast-hfb-below-header-display":"","ast-hfb-mobile-header-display":"","site-post-title":"","ast-breadcrumbs-content":"","ast-featured-img":"","footer-sml-layout":"","theme-transparent-header-meta":"default","adv-header-id-meta":"","stick-header-meta":"","header-above-stick-meta":"","header-main-stick-meta":"","header-below-stick-meta":""},"product_cat":[53],"product_tag":[118,119,81,120],"jetpack_sharing_enabled":true,"_links":{"self":[{"href":"https:\/\/zdepot-dz.com\/index.php?rest_route=\/wp\/v2\/product\/1315"}],"collection":[{"href":"https:\/\/zdepot-dz.com\/index.php?rest_route=\/wp\/v2\/product"}],"about":[{"href":"https:\/\/zdepot-dz.com\/index.php?rest_route=\/wp\/v2\/types\/product"}],"replies":[{"embeddable":true,"href":"https:\/\/zdepot-dz.com\/index.php?rest_route=%2Fwp%2Fv2%2Fcomments&post=1315"}],"wp:featuredmedia":[{"embeddable":true,"href":"https:\/\/zdepot-dz.com\/index.php?rest_route=\/wp\/v2\/media\/1316"}],"wp:attachment":[{"href":"https:\/\/zdepot-dz.com\/index.php?rest_route=%2Fwp%2Fv2%2Fmedia&parent=1315"}],"wp:term":[{"taxonomy":"product_cat","embeddable":true,"href":"https:\/\/zdepot-dz.com\/index.php?rest_route=%2Fwp%2Fv2%2Fproduct_cat&post=1315"},{"taxonomy":"product_tag","embeddable":true,"href":"https:\/\/zdepot-dz.com\/index.php?rest_route=%2Fwp%2Fv2%2Fproduct_tag&post=1315"}],"curies":[{"name":"wp","href":"https:\/\/api.w.org\/{rel}","templated":true}]}}