{"id":1313,"date":"2022-12-04T10:12:04","date_gmt":"2022-12-04T09:12:04","guid":{"rendered":"https:\/\/zdepot-dz.com\/?post_type=product&#038;p=1313"},"modified":"2023-04-09T10:57:15","modified_gmt":"2023-04-09T09:57:15","slug":"decapeur-thermique-bosch-ghg180-professionnel-1800w-3-position","status":"publish","type":"product","link":"https:\/\/zdepot-dz.com\/?product=decapeur-thermique-bosch-ghg180-professionnel-1800w-3-position","title":{"rendered":"D\u00e9capeur Thermique BOSCH GHG180 Professionnel 1800W 3 Position"},"content":{"rendered":"<h3>D\u00e9capeur Thermique BOSCH GHG180 Professionnel 1800W 3 Position<\/h3>\n<ul class=\"product-detail-stage__list a-list\">\n<li>Puissant 1 800 W avec 3 r\u00e9glages de temp\u00e9rature (60\/350\/550 \u00b0C) pour r\u00e9pondre aux besoins de multiples applications<\/li>\n<li>Endurant test\u00e9 selon les normes Bosch pour permettre une utilisation en continu pendant 500 heures<\/li>\n<li>S\u00fbr \u00e0 100 % protection contre la surchauffe assurant une utilisation sans risque en cas de blocage de la soufflerie<\/li>\n<\/ul>\n","protected":false},"excerpt":{"rendered":"<p>D\u00e9capeur Thermique BOSCH GHG180 Professionnel 1800W 3 Position Puissant 1 800 W avec 3 r\u00e9glages de temp\u00e9rature (60\/350\/550 \u00b0C) pour r\u00e9pondre aux besoins de multiples applications Endurant test\u00e9 selon les normes Bosch pour permettre une utilisation en continu pendant 500 heures S\u00fbr \u00e0 100 % protection contre la surchauffe assurant une utilisation sans risque en &hellip;<\/p>\n<p class=\"read-more\"> <a class=\"\" href=\"https:\/\/zdepot-dz.com\/?product=decapeur-thermique-bosch-ghg180-professionnel-1800w-3-position\"> <span class=\"screen-reader-text\">D\u00e9capeur Thermique BOSCH GHG180 Professionnel 1800W 3 Position<\/span> Lire la suite\u00a0\u00bb<\/a><\/p>\n","protected":false},"featured_media":1314,"comment_status":"closed","ping_status":"closed","template":"","meta":{"site-sidebar-layout":"default","site-content-layout":"default","ast-global-header-display":"","ast-banner-title-visibility":"","ast-main-header-display":"","ast-hfb-above-header-display":"","ast-hfb-below-header-display":"","ast-hfb-mobile-header-display":"","site-post-title":"","ast-breadcrumbs-content":"","ast-featured-img":"","footer-sml-layout":"","theme-transparent-header-meta":"default","adv-header-id-meta":"","stick-header-meta":"","header-above-stick-meta":"","header-main-stick-meta":"","header-below-stick-meta":""},"product_cat":[53],"product_tag":[118,74],"jetpack_sharing_enabled":true,"_links":{"self":[{"href":"https:\/\/zdepot-dz.com\/index.php?rest_route=\/wp\/v2\/product\/1313"}],"collection":[{"href":"https:\/\/zdepot-dz.com\/index.php?rest_route=\/wp\/v2\/product"}],"about":[{"href":"https:\/\/zdepot-dz.com\/index.php?rest_route=\/wp\/v2\/types\/product"}],"replies":[{"embeddable":true,"href":"https:\/\/zdepot-dz.com\/index.php?rest_route=%2Fwp%2Fv2%2Fcomments&post=1313"}],"wp:featuredmedia":[{"embeddable":true,"href":"https:\/\/zdepot-dz.com\/index.php?rest_route=\/wp\/v2\/media\/1314"}],"wp:attachment":[{"href":"https:\/\/zdepot-dz.com\/index.php?rest_route=%2Fwp%2Fv2%2Fmedia&parent=1313"}],"wp:term":[{"taxonomy":"product_cat","embeddable":true,"href":"https:\/\/zdepot-dz.com\/index.php?rest_route=%2Fwp%2Fv2%2Fproduct_cat&post=1313"},{"taxonomy":"product_tag","embeddable":true,"href":"https:\/\/zdepot-dz.com\/index.php?rest_route=%2Fwp%2Fv2%2Fproduct_tag&post=1313"}],"curies":[{"name":"wp","href":"https:\/\/api.w.org\/{rel}","templated":true}]}}