{"id":1304,"date":"2022-12-04T09:07:52","date_gmt":"2022-12-04T08:07:52","guid":{"rendered":"https:\/\/zdepot-dz.com\/?post_type=product&#038;p=1304"},"modified":"2023-04-09T10:56:32","modified_gmt":"2023-04-09T09:56:32","slug":"visseuse-crown-14-4v-10mm-3-8-mandarin-acier-ct21055-ct21055-1","status":"publish","type":"product","link":"https:\/\/zdepot-dz.com\/?product=visseuse-crown-14-4v-10mm-3-8-mandarin-acier-ct21055-ct21055-1","title":{"rendered":"Visseuse Crown 14.4V 10mm 3\/8 Mandarin Acier CT21055\/CT21055-1"},"content":{"rendered":"<h3>Visseuse Crown 14.4V 10mm 3\/8 Mandarin Acier CT21055\/CT21055-1<\/h3>\n<ul>\n<li>Batterie Li-Ion<\/li>\n<li>Cellule Samsung SDI<\/li>\n<li>Mandrin sans cl\u00e9 en acier<\/li>\n<li>2\u00a0<b>vitesses<\/b><\/li>\n<li>Vitesse \u00e9lectronique<\/li>\n<li>Couple variable<\/li>\n<li>2\u00a0<b>Fonction<\/b> vissage \/ per\u00e7age<\/li>\n<li>Chargeur rapide<\/li>\n<li>Type de batterie Lithium-ion<\/li>\n<li>Tension nominale 14,4 V<\/li>\n<li>Capacit\u00e9 de la batterie 1,5 Ah<\/li>\n<li>Temps de charge de la batterie 60 min<\/li>\n<li>Vitesse \u00e0 vide (vitesse I\/II) 0-400\/0-1400 tr\/min\u02c9\u00b9<\/li>\n<li>Plage de serrage du mandrin 0,8-10 mm<\/li>\n<li>Max couple (doux\/dur) 19\/30 Nm<\/li>\n<li>Sortie de per\u00e7age dans l\u2019acier 10 mm<\/li>\n<li>Sortie de per\u00e7age dans le bois 28 mm<\/li>\n<li>Max Diam\u00e8tre de la vis 7 mm<\/li>\n<\/ul>\n","protected":false},"excerpt":{"rendered":"<p>Visseuse Crown 14.4V 10mm 3\/8 Mandarin Acier CT21055\/CT21055-1 Batterie Li-Ion Cellule Samsung SDI Mandrin sans cl\u00e9 en acier 2\u00a0vitesses Vitesse \u00e9lectronique Couple variable 2\u00a0Fonction vissage \/ per\u00e7age Chargeur rapide Type de batterie Lithium-ion Tension nominale 14,4 V Capacit\u00e9 de la batterie 1,5 Ah Temps de charge de la batterie 60 min Vitesse \u00e0 vide (vitesse &hellip;<\/p>\n<p class=\"read-more\"> <a class=\"\" href=\"https:\/\/zdepot-dz.com\/?product=visseuse-crown-14-4v-10mm-3-8-mandarin-acier-ct21055-ct21055-1\"> <span class=\"screen-reader-text\">Visseuse Crown 14.4V 10mm 3\/8 Mandarin Acier CT21055\/CT21055-1<\/span> Lire la suite\u00a0\u00bb<\/a><\/p>\n","protected":false},"featured_media":1301,"comment_status":"closed","ping_status":"closed","template":"","meta":{"site-sidebar-layout":"default","site-content-layout":"default","ast-global-header-display":"","ast-banner-title-visibility":"","ast-main-header-display":"","ast-hfb-above-header-display":"","ast-hfb-below-header-display":"","ast-hfb-mobile-header-display":"","site-post-title":"","ast-breadcrumbs-content":"","ast-featured-img":"","footer-sml-layout":"","theme-transparent-header-meta":"default","adv-header-id-meta":"","stick-header-meta":"","header-above-stick-meta":"","header-main-stick-meta":"","header-below-stick-meta":""},"product_cat":[53],"product_tag":[100,116,111,115,113],"jetpack_sharing_enabled":true,"_links":{"self":[{"href":"https:\/\/zdepot-dz.com\/index.php?rest_route=\/wp\/v2\/product\/1304"}],"collection":[{"href":"https:\/\/zdepot-dz.com\/index.php?rest_route=\/wp\/v2\/product"}],"about":[{"href":"https:\/\/zdepot-dz.com\/index.php?rest_route=\/wp\/v2\/types\/product"}],"replies":[{"embeddable":true,"href":"https:\/\/zdepot-dz.com\/index.php?rest_route=%2Fwp%2Fv2%2Fcomments&post=1304"}],"wp:featuredmedia":[{"embeddable":true,"href":"https:\/\/zdepot-dz.com\/index.php?rest_route=\/wp\/v2\/media\/1301"}],"wp:attachment":[{"href":"https:\/\/zdepot-dz.com\/index.php?rest_route=%2Fwp%2Fv2%2Fmedia&parent=1304"}],"wp:term":[{"taxonomy":"product_cat","embeddable":true,"href":"https:\/\/zdepot-dz.com\/index.php?rest_route=%2Fwp%2Fv2%2Fproduct_cat&post=1304"},{"taxonomy":"product_tag","embeddable":true,"href":"https:\/\/zdepot-dz.com\/index.php?rest_route=%2Fwp%2Fv2%2Fproduct_tag&post=1304"}],"curies":[{"name":"wp","href":"https:\/\/api.w.org\/{rel}","templated":true}]}}