{"id":1300,"date":"2022-12-04T08:29:54","date_gmt":"2022-12-04T07:29:54","guid":{"rendered":"https:\/\/zdepot-dz.com\/?post_type=product&#038;p=1300"},"modified":"2023-04-09T10:55:51","modified_gmt":"2023-04-09T09:55:51","slug":"visseuse-crown-13mm-24v-pro-double-batterie-avec-valise-ct21074lh","status":"publish","type":"product","link":"https:\/\/zdepot-dz.com\/?product=visseuse-crown-13mm-24v-pro-double-batterie-avec-valise-ct21074lh","title":{"rendered":"Visseuse Crown 13mm 24V PRO Double Batterie avec Valise CT21074LH"},"content":{"rendered":"<div id=\"tab-description\" class=\"woocommerce-Tabs-panel woocommerce-Tabs-panel--description panel entry-content active\" role=\"tabpanel\" aria-labelledby=\"tab-title-description\">\n<h3>Visseuse Crown 13mm 24V PRO Double Batterie avec Valise CT21074LH<\/h3>\n<p>2 modes de fonctionnement (vissage \/ per\u00e7age) Permet de basculer entre 2 modes de fonctionnement: vissage (vissage \/ d\u00e9vissage des fixations filet\u00e9es) ou per\u00e7age (en bois, m\u00e9tal, plastique). R\u00e9glage \u00e9lectronique de la vitesse La vitesse est contr\u00f4l\u00e9e de 0 \u00e0 maximum en appuyant sur l\u2019interrupteur marche \/ arr\u00eat. Une faible pression entra\u00eene de faibles r\u00e9volutions, ce qui permet une mise en marche en douceur de l\u2019outil \u00e9lectrique.<\/p>\n<p>Charge Rapide<\/p>\n<p>Type De Batterie: Lithium-ion<\/p>\n<p>Tension Nominale: 24 V<\/p>\n<p>Capacit\u00e9 De La Batterie: 2 Ah<\/p>\n<p>Temps De Charge De La Batterie: 70 min<\/p>\n<p>Plage De Serrage Du Mandrin: 1.5-13mm<\/p>\n<p>Diam\u00e8tre De Per\u00e7age Maximal Dans L\u2019acier: 13 mm<\/p>\n<p>Diam\u00e8tre De Per\u00e7age Maximal Dans Le Bois: 40 mm<\/p>\n<\/div>\n","protected":false},"excerpt":{"rendered":"<p>Visseuse Crown 13mm 24V PRO Double Batterie avec Valise CT21074LH 2 modes de fonctionnement (vissage \/ per\u00e7age) Permet de basculer entre 2 modes de fonctionnement: vissage (vissage \/ d\u00e9vissage des fixations filet\u00e9es) ou per\u00e7age (en bois, m\u00e9tal, plastique). R\u00e9glage \u00e9lectronique de la vitesse La vitesse est contr\u00f4l\u00e9e de 0 \u00e0 maximum en appuyant sur l\u2019interrupteur &hellip;<\/p>\n<p class=\"read-more\"> <a class=\"\" href=\"https:\/\/zdepot-dz.com\/?product=visseuse-crown-13mm-24v-pro-double-batterie-avec-valise-ct21074lh\"> <span class=\"screen-reader-text\">Visseuse Crown 13mm 24V PRO Double Batterie avec Valise CT21074LH<\/span> Lire la suite\u00a0\u00bb<\/a><\/p>\n","protected":false},"featured_media":1301,"comment_status":"closed","ping_status":"closed","template":"","meta":{"site-sidebar-layout":"default","site-content-layout":"default","ast-global-header-display":"","ast-banner-title-visibility":"","ast-main-header-display":"","ast-hfb-above-header-display":"","ast-hfb-below-header-display":"","ast-hfb-mobile-header-display":"","site-post-title":"","ast-breadcrumbs-content":"","ast-featured-img":"","footer-sml-layout":"","theme-transparent-header-meta":"default","adv-header-id-meta":"","stick-header-meta":"","header-above-stick-meta":"","header-main-stick-meta":"","header-below-stick-meta":""},"product_cat":[53],"product_tag":[63,100,112,111,113],"jetpack_sharing_enabled":true,"_links":{"self":[{"href":"https:\/\/zdepot-dz.com\/index.php?rest_route=\/wp\/v2\/product\/1300"}],"collection":[{"href":"https:\/\/zdepot-dz.com\/index.php?rest_route=\/wp\/v2\/product"}],"about":[{"href":"https:\/\/zdepot-dz.com\/index.php?rest_route=\/wp\/v2\/types\/product"}],"replies":[{"embeddable":true,"href":"https:\/\/zdepot-dz.com\/index.php?rest_route=%2Fwp%2Fv2%2Fcomments&post=1300"}],"wp:featuredmedia":[{"embeddable":true,"href":"https:\/\/zdepot-dz.com\/index.php?rest_route=\/wp\/v2\/media\/1301"}],"wp:attachment":[{"href":"https:\/\/zdepot-dz.com\/index.php?rest_route=%2Fwp%2Fv2%2Fmedia&parent=1300"}],"wp:term":[{"taxonomy":"product_cat","embeddable":true,"href":"https:\/\/zdepot-dz.com\/index.php?rest_route=%2Fwp%2Fv2%2Fproduct_cat&post=1300"},{"taxonomy":"product_tag","embeddable":true,"href":"https:\/\/zdepot-dz.com\/index.php?rest_route=%2Fwp%2Fv2%2Fproduct_tag&post=1300"}],"curies":[{"name":"wp","href":"https:\/\/api.w.org\/{rel}","templated":true}]}}