{"id":1291,"date":"2022-12-03T16:26:12","date_gmt":"2022-12-03T15:26:12","guid":{"rendered":"https:\/\/zdepot-dz.com\/?post_type=product&#038;p=1291"},"modified":"2023-04-09T10:55:27","modified_gmt":"2023-04-09T09:55:27","slug":"crown-meuleuse-electrique-230mm","status":"publish","type":"product","link":"https:\/\/zdepot-dz.com\/?product=crown-meuleuse-electrique-230mm","title":{"rendered":"Crown Meuleuse \u00c9lectrique 230mm"},"content":{"rendered":"<div class=\"woocommerce-product-details__short-description\">\n<h3>Crown Meuleuse \u00c9lectrique 230mm<\/h3>\n<p>Design compacte qui permet une prise en main confortable et une ergonomie sup\u00e9rieure.<\/p>\n<p>BLOCAGE DE L\u2019ARBRE POUR UN CHANGEMENT D\u2019ACCESSOIRES FACILE ET RAPIDE.<\/p>\n<p>Interrupteur coulissant on\/off pour un contr\u00f4le \u00e0 une seule main et pour la s\u00e9curit\u00e9 de l\u2019utilisateur.<\/p>\n<p>Le verrouillage de la broche facilite le changement de disque avec une seule cl\u00e9.<\/p>\n<\/div>\n","protected":false},"excerpt":{"rendered":"<p>Crown Meuleuse \u00c9lectrique 230mm Design compacte qui permet une prise en main confortable et une ergonomie sup\u00e9rieure. BLOCAGE DE L\u2019ARBRE POUR UN CHANGEMENT D\u2019ACCESSOIRES FACILE ET RAPIDE. Interrupteur coulissant on\/off pour un contr\u00f4le \u00e0 une seule main et pour la s\u00e9curit\u00e9 de l\u2019utilisateur. Le verrouillage de la broche facilite le changement de disque avec une &hellip;<\/p>\n<p class=\"read-more\"> <a class=\"\" href=\"https:\/\/zdepot-dz.com\/?product=crown-meuleuse-electrique-230mm\"> <span class=\"screen-reader-text\">Crown Meuleuse \u00c9lectrique 230mm<\/span> Lire la suite\u00a0\u00bb<\/a><\/p>\n","protected":false},"featured_media":1298,"comment_status":"closed","ping_status":"closed","template":"","meta":{"site-sidebar-layout":"default","site-content-layout":"default","ast-global-header-display":"","ast-banner-title-visibility":"","ast-main-header-display":"","ast-hfb-above-header-display":"","ast-hfb-below-header-display":"","ast-hfb-mobile-header-display":"","site-post-title":"","ast-breadcrumbs-content":"","ast-featured-img":"","footer-sml-layout":"","theme-transparent-header-meta":"default","adv-header-id-meta":"","stick-header-meta":"","header-above-stick-meta":"","header-main-stick-meta":"","header-below-stick-meta":""},"product_cat":[53],"product_tag":[63,106,30,104],"jetpack_sharing_enabled":true,"_links":{"self":[{"href":"https:\/\/zdepot-dz.com\/index.php?rest_route=\/wp\/v2\/product\/1291"}],"collection":[{"href":"https:\/\/zdepot-dz.com\/index.php?rest_route=\/wp\/v2\/product"}],"about":[{"href":"https:\/\/zdepot-dz.com\/index.php?rest_route=\/wp\/v2\/types\/product"}],"replies":[{"embeddable":true,"href":"https:\/\/zdepot-dz.com\/index.php?rest_route=%2Fwp%2Fv2%2Fcomments&post=1291"}],"wp:featuredmedia":[{"embeddable":true,"href":"https:\/\/zdepot-dz.com\/index.php?rest_route=\/wp\/v2\/media\/1298"}],"wp:attachment":[{"href":"https:\/\/zdepot-dz.com\/index.php?rest_route=%2Fwp%2Fv2%2Fmedia&parent=1291"}],"wp:term":[{"taxonomy":"product_cat","embeddable":true,"href":"https:\/\/zdepot-dz.com\/index.php?rest_route=%2Fwp%2Fv2%2Fproduct_cat&post=1291"},{"taxonomy":"product_tag","embeddable":true,"href":"https:\/\/zdepot-dz.com\/index.php?rest_route=%2Fwp%2Fv2%2Fproduct_tag&post=1291"}],"curies":[{"name":"wp","href":"https:\/\/api.w.org\/{rel}","templated":true}]}}