{"id":1275,"date":"2022-12-03T12:03:34","date_gmt":"2022-12-03T11:03:34","guid":{"rendered":"https:\/\/zdepot-dz.com\/?post_type=product&#038;p=1275"},"modified":"2023-04-09T10:54:19","modified_gmt":"2023-04-09T09:54:19","slug":"tronconneuse-115mm-650w-ct13501-crown","status":"publish","type":"product","link":"https:\/\/zdepot-dz.com\/?product=tronconneuse-115mm-650w-ct13501-crown","title":{"rendered":"Tron\u00e7onneuse 115mm 650W CT13501 CROWN"},"content":{"rendered":"<h3>Tron\u00e7onneuse 115mm 650W CT13501 CROWN<\/h3>\n<p>La conception compacte offre une prise en main confortable et un environnement de travail sup\u00e9rieur. Le c\u00f4ne en spirale permet peu de vibrations, de bruit et de durabilit\u00e9. Interrupteur marche \/ arr\u00eat pour contr\u00f4ler d\u2019une seule main et la s\u00e9curit\u00e9 de l\u2019utilisateur..<br \/>\nPrincipales caract\u00e9ristiques<br \/>\nR\u00e9f\u00e9rence: CT13501<br \/>\nPuissance nominale: 650W<br \/>\nVitesse de rotation: 11000tr\/min<br \/>\nCourant \u00e0 230V: 2,8A<br \/>\nFiletage de broche: M14<br \/>\nDiam\u00e8tre du disque: 115mm<\/p>\n","protected":false},"excerpt":{"rendered":"<p>Tron\u00e7onneuse 115mm 650W CT13501 CROWN La conception compacte offre une prise en main confortable et un environnement de travail sup\u00e9rieur. Le c\u00f4ne en spirale permet peu de vibrations, de bruit et de durabilit\u00e9. Interrupteur marche \/ arr\u00eat pour contr\u00f4ler d\u2019une seule main et la s\u00e9curit\u00e9 de l\u2019utilisateur.. Principales caract\u00e9ristiques R\u00e9f\u00e9rence: CT13501 Puissance nominale: 650W Vitesse &hellip;<\/p>\n<p class=\"read-more\"> <a class=\"\" href=\"https:\/\/zdepot-dz.com\/?product=tronconneuse-115mm-650w-ct13501-crown\"> <span class=\"screen-reader-text\">Tron\u00e7onneuse 115mm 650W CT13501 CROWN<\/span> Lire la suite\u00a0\u00bb<\/a><\/p>\n","protected":false},"featured_media":1276,"comment_status":"closed","ping_status":"closed","template":"","meta":{"site-sidebar-layout":"default","site-content-layout":"default","ast-global-header-display":"","ast-banner-title-visibility":"","ast-main-header-display":"","ast-hfb-above-header-display":"","ast-hfb-below-header-display":"","ast-hfb-mobile-header-display":"","site-post-title":"","ast-breadcrumbs-content":"","ast-featured-img":"","footer-sml-layout":"","theme-transparent-header-meta":"default","adv-header-id-meta":"","stick-header-meta":"","header-above-stick-meta":"","header-main-stick-meta":"","header-below-stick-meta":""},"product_cat":[53],"product_tag":[63,104],"jetpack_sharing_enabled":true,"_links":{"self":[{"href":"https:\/\/zdepot-dz.com\/index.php?rest_route=\/wp\/v2\/product\/1275"}],"collection":[{"href":"https:\/\/zdepot-dz.com\/index.php?rest_route=\/wp\/v2\/product"}],"about":[{"href":"https:\/\/zdepot-dz.com\/index.php?rest_route=\/wp\/v2\/types\/product"}],"replies":[{"embeddable":true,"href":"https:\/\/zdepot-dz.com\/index.php?rest_route=%2Fwp%2Fv2%2Fcomments&post=1275"}],"wp:featuredmedia":[{"embeddable":true,"href":"https:\/\/zdepot-dz.com\/index.php?rest_route=\/wp\/v2\/media\/1276"}],"wp:attachment":[{"href":"https:\/\/zdepot-dz.com\/index.php?rest_route=%2Fwp%2Fv2%2Fmedia&parent=1275"}],"wp:term":[{"taxonomy":"product_cat","embeddable":true,"href":"https:\/\/zdepot-dz.com\/index.php?rest_route=%2Fwp%2Fv2%2Fproduct_cat&post=1275"},{"taxonomy":"product_tag","embeddable":true,"href":"https:\/\/zdepot-dz.com\/index.php?rest_route=%2Fwp%2Fv2%2Fproduct_tag&post=1275"}],"curies":[{"name":"wp","href":"https:\/\/api.w.org\/{rel}","templated":true}]}}