{"id":1273,"date":"2022-12-03T11:50:41","date_gmt":"2022-12-03T10:50:41","guid":{"rendered":"https:\/\/zdepot-dz.com\/?post_type=product&#038;p=1273"},"modified":"2023-04-09T10:54:03","modified_gmt":"2023-04-09T09:54:03","slug":"tronconneuse-a-table-crown-coupe-metal-2200w-355mm","status":"publish","type":"product","link":"https:\/\/zdepot-dz.com\/?product=tronconneuse-a-table-crown-coupe-metal-2200w-355mm","title":{"rendered":"Tron\u00e7onneuse a Table Crown Coupe M\u00e9tal 2200w 355mm"},"content":{"rendered":"<h3>Tron\u00e7onneuse a Table Crown Coupe M\u00e9tal 2200w 355mm<\/h3>\n<div id=\"tab-description\" class=\"woocommerce-Tabs-panel woocommerce-Tabs-panel--description panel entry-content active\" role=\"tabpanel\" aria-labelledby=\"tab-title-description\">\n<p>Puissance nominale 2200 W<br \/>\nAmp\u00e9rage \u00e0 la tension 220-230 V 10,6 A<br \/>\nMax Diam\u00e8tre du disque de coupe 355 millim\u00e8tre<br \/>\nVitesse \u00e0 vide 3900 minutes<br \/>\nDiam\u00e8tre d\u2019al\u00e9sage du disque de coupe 25,4 millim\u00e8tre<br \/>\nMax \u00e9paisseur du disque de coupe 3,5 mm<br \/>\nTaille maximale de la pi\u00e8ce coup\u00e9e<br \/>\npi\u00e8ce de section circulaire (diam\u00e8tre; coupe \u00e0 0 \u00b0 \/ 45 \u00b0) 130\/110 mm<br \/>\npi\u00e8ce de section carr\u00e9e (longueur \u00d7 hauteur; coupe \u00e0 0 \u00b0 \/ 45 \u00b0) 115 x 115\/90 x 90 mm<br \/>\npi\u00e8ce de section rectangulaire (longueur \u00d7 hauteur, coupe \u00e0 0 \u00b0 \/ 45 \u00b0) 205 x 95\/100 x 85 mm<br \/>\npi\u00e8ce d\u2019angle (longueur \u00d7 hauteur, coupe \u00e0 0 \u00b0 \/ 45 \u00b0) 140 x 140\/85 x 85 mm<\/p>\n<\/div>\n<div id=\"tab-reviews\" class=\"woocommerce-Tabs-panel woocommerce-Tabs-panel--reviews panel entry-content \" role=\"tabpanel\" aria-labelledby=\"tab-title-reviews\">\n<div id=\"reviews\" class=\"woocommerce-Reviews row\">\n<div id=\"comments\" class=\"col large-12\">\n<h3 class=\"woocommerce-Reviews-title normal\"><\/h3>\n<\/div>\n<\/div>\n<\/div>\n","protected":false},"excerpt":{"rendered":"<p>Tron\u00e7onneuse a Table Crown Coupe M\u00e9tal 2200w 355mm Puissance nominale 2200 W Amp\u00e9rage \u00e0 la tension 220-230 V 10,6 A Max Diam\u00e8tre du disque de coupe 355 millim\u00e8tre Vitesse \u00e0 vide 3900 minutes Diam\u00e8tre d\u2019al\u00e9sage du disque de coupe 25,4 millim\u00e8tre Max \u00e9paisseur du disque de coupe 3,5 mm Taille maximale de la pi\u00e8ce coup\u00e9e &hellip;<\/p>\n<p class=\"read-more\"> <a class=\"\" href=\"https:\/\/zdepot-dz.com\/?product=tronconneuse-a-table-crown-coupe-metal-2200w-355mm\"> <span class=\"screen-reader-text\">Tron\u00e7onneuse a Table Crown Coupe M\u00e9tal 2200w 355mm<\/span> Lire la suite\u00a0\u00bb<\/a><\/p>\n","protected":false},"featured_media":1274,"comment_status":"closed","ping_status":"closed","template":"","meta":{"site-sidebar-layout":"default","site-content-layout":"default","ast-global-header-display":"","ast-banner-title-visibility":"","ast-main-header-display":"","ast-hfb-above-header-display":"","ast-hfb-below-header-display":"","ast-hfb-mobile-header-display":"","site-post-title":"","ast-breadcrumbs-content":"","ast-featured-img":"","footer-sml-layout":"","theme-transparent-header-meta":"default","adv-header-id-meta":"","stick-header-meta":"","header-above-stick-meta":"","header-main-stick-meta":"","header-below-stick-meta":""},"product_cat":[53],"product_tag":[108,63,104],"jetpack_sharing_enabled":true,"_links":{"self":[{"href":"https:\/\/zdepot-dz.com\/index.php?rest_route=\/wp\/v2\/product\/1273"}],"collection":[{"href":"https:\/\/zdepot-dz.com\/index.php?rest_route=\/wp\/v2\/product"}],"about":[{"href":"https:\/\/zdepot-dz.com\/index.php?rest_route=\/wp\/v2\/types\/product"}],"replies":[{"embeddable":true,"href":"https:\/\/zdepot-dz.com\/index.php?rest_route=%2Fwp%2Fv2%2Fcomments&post=1273"}],"wp:featuredmedia":[{"embeddable":true,"href":"https:\/\/zdepot-dz.com\/index.php?rest_route=\/wp\/v2\/media\/1274"}],"wp:attachment":[{"href":"https:\/\/zdepot-dz.com\/index.php?rest_route=%2Fwp%2Fv2%2Fmedia&parent=1273"}],"wp:term":[{"taxonomy":"product_cat","embeddable":true,"href":"https:\/\/zdepot-dz.com\/index.php?rest_route=%2Fwp%2Fv2%2Fproduct_cat&post=1273"},{"taxonomy":"product_tag","embeddable":true,"href":"https:\/\/zdepot-dz.com\/index.php?rest_route=%2Fwp%2Fv2%2Fproduct_tag&post=1273"}],"curies":[{"name":"wp","href":"https:\/\/api.w.org\/{rel}","templated":true}]}}