{"id":1270,"date":"2022-12-03T11:26:23","date_gmt":"2022-12-03T10:26:23","guid":{"rendered":"https:\/\/zdepot-dz.com\/?post_type=product&#038;p=1270"},"modified":"2023-04-09T10:53:48","modified_gmt":"2023-04-09T09:53:48","slug":"meuleuse-sans-fil-20v-115mm-livre-sans-batterie","status":"publish","type":"product","link":"https:\/\/zdepot-dz.com\/?product=meuleuse-sans-fil-20v-115mm-livre-sans-batterie","title":{"rendered":"Meuleuse Sans fil 20V 115MM Double Batterie 4AH Avec Chargeur"},"content":{"rendered":"<h3>Meuleuse Sans fil 20V 115MM Double Batterie 4AH Avec Chargeur<\/h3>\n<ul>\n<li>Type de batterie Lithium-ion<\/li>\n<li>Tension nominale 20 V max.<\/li>\n<li>Capacit\u00e9 de la batterie 4AH\/2AH<\/li>\n<li>Vitesse nominale 8000 min\u02c9\u00b9<\/li>\n<li>Filetage de broche M14<\/li>\n<li>Max diam\u00e8tre du disque de coupe 115 mm<\/li>\n<li>Max diam\u00e8tre du disque abrasif 115 mm<\/li>\n<li>Max diam\u00e8tre plaque de pon\u00e7age caoutchouc 115 mm<\/li>\n<li>Max diam\u00e8tre de la brosse m\u00e9tallique circulaire 75 mm<\/li>\n<li>Max diam\u00e8tre de la coupelle brosse m\u00e9tallique 75 mm<\/li>\n<\/ul>\n","protected":false},"excerpt":{"rendered":"<p>Meuleuse Sans fil 20V 115MM Double Batterie 4AH Avec Chargeur Type de batterie Lithium-ion Tension nominale 20 V max. Capacit\u00e9 de la batterie 4AH\/2AH Vitesse nominale 8000 min\u02c9\u00b9 Filetage de broche M14 Max diam\u00e8tre du disque de coupe 115 mm Max diam\u00e8tre du disque abrasif 115 mm Max diam\u00e8tre plaque de pon\u00e7age caoutchouc 115 mm &hellip;<\/p>\n<p class=\"read-more\"> <a class=\"\" href=\"https:\/\/zdepot-dz.com\/?product=meuleuse-sans-fil-20v-115mm-livre-sans-batterie\"> <span class=\"screen-reader-text\">Meuleuse Sans fil 20V 115MM Double Batterie 4AH Avec Chargeur<\/span> Lire la suite\u00a0\u00bb<\/a><\/p>\n","protected":false},"featured_media":1272,"comment_status":"closed","ping_status":"closed","template":"","meta":{"site-sidebar-layout":"default","site-content-layout":"default","ast-global-header-display":"","ast-banner-title-visibility":"","ast-main-header-display":"","ast-hfb-above-header-display":"","ast-hfb-below-header-display":"","ast-hfb-mobile-header-display":"","site-post-title":"","ast-breadcrumbs-content":"","ast-featured-img":"","footer-sml-layout":"","theme-transparent-header-meta":"default","adv-header-id-meta":"","stick-header-meta":"","header-above-stick-meta":"","header-main-stick-meta":"","header-below-stick-meta":""},"product_cat":[53],"product_tag":[63,106,177,30,176,107],"jetpack_sharing_enabled":true,"_links":{"self":[{"href":"https:\/\/zdepot-dz.com\/index.php?rest_route=\/wp\/v2\/product\/1270"}],"collection":[{"href":"https:\/\/zdepot-dz.com\/index.php?rest_route=\/wp\/v2\/product"}],"about":[{"href":"https:\/\/zdepot-dz.com\/index.php?rest_route=\/wp\/v2\/types\/product"}],"replies":[{"embeddable":true,"href":"https:\/\/zdepot-dz.com\/index.php?rest_route=%2Fwp%2Fv2%2Fcomments&post=1270"}],"wp:featuredmedia":[{"embeddable":true,"href":"https:\/\/zdepot-dz.com\/index.php?rest_route=\/wp\/v2\/media\/1272"}],"wp:attachment":[{"href":"https:\/\/zdepot-dz.com\/index.php?rest_route=%2Fwp%2Fv2%2Fmedia&parent=1270"}],"wp:term":[{"taxonomy":"product_cat","embeddable":true,"href":"https:\/\/zdepot-dz.com\/index.php?rest_route=%2Fwp%2Fv2%2Fproduct_cat&post=1270"},{"taxonomy":"product_tag","embeddable":true,"href":"https:\/\/zdepot-dz.com\/index.php?rest_route=%2Fwp%2Fv2%2Fproduct_tag&post=1270"}],"curies":[{"name":"wp","href":"https:\/\/api.w.org\/{rel}","templated":true}]}}