{"id":1241,"date":"2022-12-02T17:09:36","date_gmt":"2022-12-02T16:09:36","guid":{"rendered":"https:\/\/zdepot-dz.com\/?post_type=product&#038;p=1241"},"modified":"2023-04-09T10:44:45","modified_gmt":"2023-04-09T09:44:45","slug":"tournevis-electrique-crown-3-6v","status":"publish","type":"product","link":"https:\/\/zdepot-dz.com\/?product=tournevis-electrique-crown-3-6v","title":{"rendered":"Tournevis \u00c9lectrique Crown 3.6v"},"content":{"rendered":"<h3>Tournevis \u00c9lectrique Crown 3.6v<\/h3>\n<p>Il arrive assez souvent que vous vous leviez le matin et que vous voyiez l&rsquo;\u00e9tag\u00e8re \u00e0 demi suspendue, ou alors que vous sortez de la maison, vous voyez que le bouton de la porte est devenu l\u00e2che et sortira \u00e0 tout moment. Dans de telles situations, si vous avez le jeu de tournevis, vous pouvez facilement r\u00e9parer vous-m\u00eame ces choses simples. Qu&rsquo;est-ce qu&rsquo;un tournevis? Un tournevis est un outil qui vous aide \u00e0 serrer ou desserrer les vis de n&rsquo;importe quel meuble, luminaire, appareil \u00e9lectrique, v\u00e9hicule, etc.<\/p>\n<p>Couleur Gris<\/p>\n<p>La rotation avant et arri\u00e8re convainc par son fonctionnement<\/p>\n<p>Conception compacte et l\u00e9g\u00e8re pour une maniabilit\u00e9 accrue<\/p>\n<p>Outil professionnel pour les petites vis et un contr\u00f4le facile<\/p>\n<p>\u00c9clairage de lieu de travail LED<\/p>\n<p>Tension nominale 3.6V<\/p>\n<p>Pas de vitesse de chargement (\/min) : 200<\/p>\n<p>Capacit\u00e9 de mandrin (mm) : Tournevis hexagonal 1\/4&Prime;<\/p>\n<p>Couple maximal (Nm) : 5<\/p>\n<p>Diam\u00e8tre max.Screw (mm) : DN5<\/p>\n<p>Batterie: Ni-cd<\/p>\n<p>Le temps de chargement: 3-5 heur<\/p>\n","protected":false},"excerpt":{"rendered":"<p>Tournevis \u00c9lectrique Crown 3.6v Il arrive assez souvent que vous vous leviez le matin et que vous voyiez l&rsquo;\u00e9tag\u00e8re \u00e0 demi suspendue, ou alors que vous sortez de la maison, vous voyez que le bouton de la porte est devenu l\u00e2che et sortira \u00e0 tout moment. Dans de telles situations, si vous avez le jeu &hellip;<\/p>\n<p class=\"read-more\"> <a class=\"\" href=\"https:\/\/zdepot-dz.com\/?product=tournevis-electrique-crown-3-6v\"> <span class=\"screen-reader-text\">Tournevis \u00c9lectrique Crown 3.6v<\/span> Lire la suite\u00a0\u00bb<\/a><\/p>\n","protected":false},"featured_media":1242,"comment_status":"closed","ping_status":"closed","template":"","meta":{"site-sidebar-layout":"default","site-content-layout":"default","ast-global-header-display":"","ast-banner-title-visibility":"","ast-main-header-display":"","ast-hfb-above-header-display":"","ast-hfb-below-header-display":"","ast-hfb-mobile-header-display":"","site-post-title":"","ast-breadcrumbs-content":"","ast-featured-img":"","footer-sml-layout":"","theme-transparent-header-meta":"default","adv-header-id-meta":"","stick-header-meta":"","header-above-stick-meta":"","header-main-stick-meta":"","header-below-stick-meta":""},"product_cat":[53,61],"product_tag":[63,101,100],"jetpack_sharing_enabled":true,"_links":{"self":[{"href":"https:\/\/zdepot-dz.com\/index.php?rest_route=\/wp\/v2\/product\/1241"}],"collection":[{"href":"https:\/\/zdepot-dz.com\/index.php?rest_route=\/wp\/v2\/product"}],"about":[{"href":"https:\/\/zdepot-dz.com\/index.php?rest_route=\/wp\/v2\/types\/product"}],"replies":[{"embeddable":true,"href":"https:\/\/zdepot-dz.com\/index.php?rest_route=%2Fwp%2Fv2%2Fcomments&post=1241"}],"wp:featuredmedia":[{"embeddable":true,"href":"https:\/\/zdepot-dz.com\/index.php?rest_route=\/wp\/v2\/media\/1242"}],"wp:attachment":[{"href":"https:\/\/zdepot-dz.com\/index.php?rest_route=%2Fwp%2Fv2%2Fmedia&parent=1241"}],"wp:term":[{"taxonomy":"product_cat","embeddable":true,"href":"https:\/\/zdepot-dz.com\/index.php?rest_route=%2Fwp%2Fv2%2Fproduct_cat&post=1241"},{"taxonomy":"product_tag","embeddable":true,"href":"https:\/\/zdepot-dz.com\/index.php?rest_route=%2Fwp%2Fv2%2Fproduct_tag&post=1241"}],"curies":[{"name":"wp","href":"https:\/\/api.w.org\/{rel}","templated":true}]}}