{"id":1224,"date":"2022-12-02T15:40:04","date_gmt":"2022-12-02T14:40:04","guid":{"rendered":"https:\/\/zdepot-dz.com\/?post_type=product&#038;p=1224"},"modified":"2023-04-09T10:45:44","modified_gmt":"2023-04-09T09:45:44","slug":"scie-circulaire-165mm-crown-bois-20v-rechargeable","status":"publish","type":"product","link":"https:\/\/zdepot-dz.com\/?product=scie-circulaire-165mm-crown-bois-20v-rechargeable","title":{"rendered":"Scie Circulaire 165mm Crown Bois 20V (Rechargeable)"},"content":{"rendered":"<h3>Scie Circulaire 165mm Crown Bois 20V<\/h3>\n<p>Scie <b>circulaire<\/b> robuste, compacte et l\u00e9g\u00e8re, avec une bonne <b>profondeur <\/b>de coupe . R\u00e9glages faciles sans outil. Rep\u00e8res gradu\u00e9s pour un r\u00e9glage pr\u00e9cis. \u00c9jection optimis\u00e9e des <b>copeaux <\/b>pour une <b>bonne <\/b>visibilit\u00e9 de la zone de travail et un guidage pr\u00e9cis. \u00c9quip\u00e9 d\u2019un <b>couteau <\/b>diviseur. Table de grande dimension<\/p>\n","protected":false},"excerpt":{"rendered":"<p>Scie Circulaire 165mm Crown Bois 20V Scie circulaire robuste, compacte et l\u00e9g\u00e8re, avec une bonne profondeur de coupe . R\u00e9glages faciles sans outil. Rep\u00e8res gradu\u00e9s pour un r\u00e9glage pr\u00e9cis. \u00c9jection optimis\u00e9e des copeaux pour une bonne visibilit\u00e9 de la zone de travail et un guidage pr\u00e9cis. \u00c9quip\u00e9 d\u2019un couteau diviseur. Table de grande dimension<\/p>\n","protected":false},"featured_media":1231,"comment_status":"closed","ping_status":"closed","template":"","meta":{"site-sidebar-layout":"default","site-content-layout":"default","ast-global-header-display":"","ast-banner-title-visibility":"","ast-main-header-display":"","ast-hfb-above-header-display":"","ast-hfb-below-header-display":"","ast-hfb-mobile-header-display":"","site-post-title":"","ast-breadcrumbs-content":"","ast-featured-img":"","footer-sml-layout":"","theme-transparent-header-meta":"default","adv-header-id-meta":"","stick-header-meta":"","header-above-stick-meta":"","header-main-stick-meta":"","header-below-stick-meta":""},"product_cat":[59,53],"product_tag":[63,93,96],"jetpack_sharing_enabled":true,"_links":{"self":[{"href":"https:\/\/zdepot-dz.com\/index.php?rest_route=\/wp\/v2\/product\/1224"}],"collection":[{"href":"https:\/\/zdepot-dz.com\/index.php?rest_route=\/wp\/v2\/product"}],"about":[{"href":"https:\/\/zdepot-dz.com\/index.php?rest_route=\/wp\/v2\/types\/product"}],"replies":[{"embeddable":true,"href":"https:\/\/zdepot-dz.com\/index.php?rest_route=%2Fwp%2Fv2%2Fcomments&post=1224"}],"wp:featuredmedia":[{"embeddable":true,"href":"https:\/\/zdepot-dz.com\/index.php?rest_route=\/wp\/v2\/media\/1231"}],"wp:attachment":[{"href":"https:\/\/zdepot-dz.com\/index.php?rest_route=%2Fwp%2Fv2%2Fmedia&parent=1224"}],"wp:term":[{"taxonomy":"product_cat","embeddable":true,"href":"https:\/\/zdepot-dz.com\/index.php?rest_route=%2Fwp%2Fv2%2Fproduct_cat&post=1224"},{"taxonomy":"product_tag","embeddable":true,"href":"https:\/\/zdepot-dz.com\/index.php?rest_route=%2Fwp%2Fv2%2Fproduct_tag&post=1224"}],"curies":[{"name":"wp","href":"https:\/\/api.w.org\/{rel}","templated":true}]}}