{"id":1215,"date":"2022-12-02T15:11:20","date_gmt":"2022-12-02T14:11:20","guid":{"rendered":"https:\/\/zdepot-dz.com\/?post_type=product&#038;p=1215"},"modified":"2023-04-09T10:46:01","modified_gmt":"2023-04-09T09:46:01","slug":"scie-sauteuse-crown-a-batterie-20v","status":"publish","type":"product","link":"https:\/\/zdepot-dz.com\/?product=scie-sauteuse-crown-a-batterie-20v","title":{"rendered":"Scie Sauteuse Crown a Batterie 20V"},"content":{"rendered":"<h3>Scie Sauteuse Crown a Batterie 20V<\/h3>\n<div id=\"productContent\" class=\"tab-content\">\n<div id=\"description-content\" class=\"tab-pane fade show active\" role=\"tabpanel\" aria-labelledby=\"description-tab\">\n<p>Type de batterie\u00a0: lithium-ion<\/p>\n<p>Tension nominale 20 volts max.<\/p>\n<p>Taux de course \u00e0 vide 700-3000 minutes<\/p>\n<p>Longueur de course 26 mm<\/p>\n<p>Capacit\u00e9 de coupe dans le bois 85 mm<\/p>\n<p>Capacit\u00e9 de coupe en aluminium 20mm<\/p>\n<p>Capacit\u00e9 de coupe dans l&rsquo;acier 10mm<\/p>\n<p>Ce qui pr\u00e9c\u00e8de. Angle du corps (gauche\/droite) 45\u00b0\/45\u00b0<\/p>\n<\/div>\n<\/div>\n","protected":false},"excerpt":{"rendered":"<p>Scie Sauteuse Crown a Batterie 20V Type de batterie\u00a0: lithium-ion Tension nominale 20 volts max. Taux de course \u00e0 vide 700-3000 minutes Longueur de course 26 mm Capacit\u00e9 de coupe dans le bois 85 mm Capacit\u00e9 de coupe en aluminium 20mm Capacit\u00e9 de coupe dans l&rsquo;acier 10mm Ce qui pr\u00e9c\u00e8de. Angle du corps (gauche\/droite) 45\u00b0\/45\u00b0<\/p>\n","protected":false},"featured_media":1216,"comment_status":"closed","ping_status":"closed","template":"","meta":{"site-sidebar-layout":"default","site-content-layout":"default","ast-global-header-display":"","ast-banner-title-visibility":"","ast-main-header-display":"","ast-hfb-above-header-display":"","ast-hfb-below-header-display":"","ast-hfb-mobile-header-display":"","site-post-title":"","ast-breadcrumbs-content":"","ast-featured-img":"","footer-sml-layout":"","theme-transparent-header-meta":"default","adv-header-id-meta":"","stick-header-meta":"","header-above-stick-meta":"","header-main-stick-meta":"","header-below-stick-meta":""},"product_cat":[59,53],"product_tag":[63,95],"jetpack_sharing_enabled":true,"_links":{"self":[{"href":"https:\/\/zdepot-dz.com\/index.php?rest_route=\/wp\/v2\/product\/1215"}],"collection":[{"href":"https:\/\/zdepot-dz.com\/index.php?rest_route=\/wp\/v2\/product"}],"about":[{"href":"https:\/\/zdepot-dz.com\/index.php?rest_route=\/wp\/v2\/types\/product"}],"replies":[{"embeddable":true,"href":"https:\/\/zdepot-dz.com\/index.php?rest_route=%2Fwp%2Fv2%2Fcomments&post=1215"}],"wp:featuredmedia":[{"embeddable":true,"href":"https:\/\/zdepot-dz.com\/index.php?rest_route=\/wp\/v2\/media\/1216"}],"wp:attachment":[{"href":"https:\/\/zdepot-dz.com\/index.php?rest_route=%2Fwp%2Fv2%2Fmedia&parent=1215"}],"wp:term":[{"taxonomy":"product_cat","embeddable":true,"href":"https:\/\/zdepot-dz.com\/index.php?rest_route=%2Fwp%2Fv2%2Fproduct_cat&post=1215"},{"taxonomy":"product_tag","embeddable":true,"href":"https:\/\/zdepot-dz.com\/index.php?rest_route=%2Fwp%2Fv2%2Fproduct_tag&post=1215"}],"curies":[{"name":"wp","href":"https:\/\/api.w.org\/{rel}","templated":true}]}}