{"id":1202,"date":"2022-12-02T11:48:59","date_gmt":"2022-12-02T10:48:59","guid":{"rendered":"https:\/\/zdepot-dz.com\/?post_type=product&#038;p=1202"},"modified":"2023-04-09T10:47:19","modified_gmt":"2023-04-09T09:47:19","slug":"scie-circulaire-crown","status":"publish","type":"product","link":"https:\/\/zdepot-dz.com\/?product=scie-circulaire-crown","title":{"rendered":"Scie Circulaire Crown Bois"},"content":{"rendered":"<h3>Scie Circulaire Crown<\/h3>\n<p>Scie <b>circulaire<\/b> robuste, compacte et l\u00e9g\u00e8re, avec une <b>profondeur <\/b>de coupe de 65 mm \u00e0 90\u00b0 et 45 mm \u00e0 45\u00b0. R\u00e9glages faciles sans outil. Rep\u00e8res gradu\u00e9s pour un r\u00e9glage pr\u00e9cis. \u00c9jection optimis\u00e9e des <b>copeaux <\/b>pour une <b>bonne <\/b>visibilit\u00e9 de la zone de travail et un guidage pr\u00e9cis. \u00c9quip\u00e9 d&rsquo;un <b>couteau <\/b>diviseur. Table de grande dimension<\/p>\n","protected":false},"excerpt":{"rendered":"<p>Scie Circulaire Crown Scie circulaire robuste, compacte et l\u00e9g\u00e8re, avec une profondeur de coupe de 65 mm \u00e0 90\u00b0 et 45 mm \u00e0 45\u00b0. R\u00e9glages faciles sans outil. Rep\u00e8res gradu\u00e9s pour un r\u00e9glage pr\u00e9cis. \u00c9jection optimis\u00e9e des copeaux pour une bonne visibilit\u00e9 de la zone de travail et un guidage pr\u00e9cis. \u00c9quip\u00e9 d&rsquo;un couteau diviseur. &hellip;<\/p>\n<p class=\"read-more\"> <a class=\"\" href=\"https:\/\/zdepot-dz.com\/?product=scie-circulaire-crown\"> <span class=\"screen-reader-text\">Scie Circulaire Crown Bois<\/span> Lire la suite\u00a0\u00bb<\/a><\/p>\n","protected":false},"featured_media":1207,"comment_status":"closed","ping_status":"closed","template":"","meta":{"site-sidebar-layout":"default","site-content-layout":"default","ast-global-header-display":"","ast-banner-title-visibility":"","ast-main-header-display":"","ast-hfb-above-header-display":"","ast-hfb-below-header-display":"","ast-hfb-mobile-header-display":"","site-post-title":"","ast-breadcrumbs-content":"","ast-featured-img":"","footer-sml-layout":"","theme-transparent-header-meta":"default","adv-header-id-meta":"","stick-header-meta":"","header-above-stick-meta":"","header-main-stick-meta":"","header-below-stick-meta":""},"product_cat":[59,53],"product_tag":[63,93],"jetpack_sharing_enabled":true,"_links":{"self":[{"href":"https:\/\/zdepot-dz.com\/index.php?rest_route=\/wp\/v2\/product\/1202"}],"collection":[{"href":"https:\/\/zdepot-dz.com\/index.php?rest_route=\/wp\/v2\/product"}],"about":[{"href":"https:\/\/zdepot-dz.com\/index.php?rest_route=\/wp\/v2\/types\/product"}],"replies":[{"embeddable":true,"href":"https:\/\/zdepot-dz.com\/index.php?rest_route=%2Fwp%2Fv2%2Fcomments&post=1202"}],"wp:featuredmedia":[{"embeddable":true,"href":"https:\/\/zdepot-dz.com\/index.php?rest_route=\/wp\/v2\/media\/1207"}],"wp:attachment":[{"href":"https:\/\/zdepot-dz.com\/index.php?rest_route=%2Fwp%2Fv2%2Fmedia&parent=1202"}],"wp:term":[{"taxonomy":"product_cat","embeddable":true,"href":"https:\/\/zdepot-dz.com\/index.php?rest_route=%2Fwp%2Fv2%2Fproduct_cat&post=1202"},{"taxonomy":"product_tag","embeddable":true,"href":"https:\/\/zdepot-dz.com\/index.php?rest_route=%2Fwp%2Fv2%2Fproduct_tag&post=1202"}],"curies":[{"name":"wp","href":"https:\/\/api.w.org\/{rel}","templated":true}]}}