{"id":1196,"date":"2022-12-02T10:59:21","date_gmt":"2022-12-02T09:59:21","guid":{"rendered":"https:\/\/zdepot-dz.com\/?post_type=product&#038;p=1196"},"modified":"2022-12-02T10:59:21","modified_gmt":"2022-12-02T09:59:21","slug":"rainureuse-double-disque-crown-1500w-125mm","status":"publish","type":"product","link":"https:\/\/zdepot-dz.com\/?product=rainureuse-double-disque-crown-1500w-125mm","title":{"rendered":"Rainureuse Double Disque Crown 1500w 125mm"},"content":{"rendered":"<h3>Rainureuse Double Disque Crown 1500w 125mm<\/h3>\n<p>Puissance nominale 1500 W<br \/>\nIntensit\u00e9 \u00e0 la tension 220-230 V 7 A<br \/>\nVitesse nominale 8500 min\u02c9\u00b9<br \/>\nDiam\u00e8tre du disque \u00e0 tron\u00e7onner diamant 125 mm<br \/>\nDiam\u00e8tre d&rsquo;al\u00e9sage du disque \u00e0 tron\u00e7onner diamant 22,23 mm<br \/>\nMax. \u00e9paisseur du disque \u00e0 tron\u00e7onner diamant 2,2 mm<br \/>\nProfondeur de coupe 5-29 mm<br \/>\nLargeur de coupe 8-30 mm<br \/>\nFiletage de broche M14<\/p>\n","protected":false},"excerpt":{"rendered":"<p>Rainureuse Double Disque Crown 1500w 125mm Puissance nominale 1500 W Intensit\u00e9 \u00e0 la tension 220-230 V 7 A Vitesse nominale 8500 min\u02c9\u00b9 Diam\u00e8tre du disque \u00e0 tron\u00e7onner diamant 125 mm Diam\u00e8tre d&rsquo;al\u00e9sage du disque \u00e0 tron\u00e7onner diamant 22,23 mm Max. \u00e9paisseur du disque \u00e0 tron\u00e7onner diamant 2,2 mm Profondeur de coupe 5-29 mm Largeur de &hellip;<\/p>\n<p class=\"read-more\"> <a class=\"\" href=\"https:\/\/zdepot-dz.com\/?product=rainureuse-double-disque-crown-1500w-125mm\"> <span class=\"screen-reader-text\">Rainureuse Double Disque Crown 1500w 125mm<\/span> Lire la suite\u00a0\u00bb<\/a><\/p>\n","protected":false},"featured_media":1197,"comment_status":"closed","ping_status":"closed","template":"","meta":{"site-sidebar-layout":"default","site-content-layout":"default","ast-global-header-display":"","ast-banner-title-visibility":"","ast-main-header-display":"","ast-hfb-above-header-display":"","ast-hfb-below-header-display":"","ast-hfb-mobile-header-display":"","site-post-title":"","ast-breadcrumbs-content":"","ast-featured-img":"","footer-sml-layout":"","theme-transparent-header-meta":"","adv-header-id-meta":"","stick-header-meta":"","header-above-stick-meta":"","header-main-stick-meta":"","header-below-stick-meta":""},"product_cat":[53],"product_tag":[63,91],"jetpack_sharing_enabled":true,"_links":{"self":[{"href":"https:\/\/zdepot-dz.com\/index.php?rest_route=\/wp\/v2\/product\/1196"}],"collection":[{"href":"https:\/\/zdepot-dz.com\/index.php?rest_route=\/wp\/v2\/product"}],"about":[{"href":"https:\/\/zdepot-dz.com\/index.php?rest_route=\/wp\/v2\/types\/product"}],"replies":[{"embeddable":true,"href":"https:\/\/zdepot-dz.com\/index.php?rest_route=%2Fwp%2Fv2%2Fcomments&post=1196"}],"wp:featuredmedia":[{"embeddable":true,"href":"https:\/\/zdepot-dz.com\/index.php?rest_route=\/wp\/v2\/media\/1197"}],"wp:attachment":[{"href":"https:\/\/zdepot-dz.com\/index.php?rest_route=%2Fwp%2Fv2%2Fmedia&parent=1196"}],"wp:term":[{"taxonomy":"product_cat","embeddable":true,"href":"https:\/\/zdepot-dz.com\/index.php?rest_route=%2Fwp%2Fv2%2Fproduct_cat&post=1196"},{"taxonomy":"product_tag","embeddable":true,"href":"https:\/\/zdepot-dz.com\/index.php?rest_route=%2Fwp%2Fv2%2Fproduct_tag&post=1196"}],"curies":[{"name":"wp","href":"https:\/\/api.w.org\/{rel}","templated":true}]}}