{"id":1193,"date":"2022-12-02T10:47:27","date_gmt":"2022-12-02T09:47:27","guid":{"rendered":"https:\/\/zdepot-dz.com\/?post_type=product&#038;p=1193"},"modified":"2023-04-09T10:48:14","modified_gmt":"2023-04-09T09:48:14","slug":"rabot-electrique-crown-710w","status":"publish","type":"product","link":"https:\/\/zdepot-dz.com\/?product=rabot-electrique-crown-710w","title":{"rendered":"Rabot \u00c9lectrique Crown 710W"},"content":{"rendered":"<h3>Rabot \u00c9lectrique Crown 710W<\/h3>\n<p>Le rabot \u00e9lectrique Crown 82\u00d72.5mm 710w ct14019 assure un travail lisse et parfait. Il est caract\u00e9ris\u00e9 par ses grandes performances sur les bois les plus durs qui assurent des r\u00e9sultats uniformes. Les finitions sont extr\u00eamement pr\u00e9cises et parfaites.<\/p>\n<p>Le rabot \u00e9lectrique Crown 82\u00d72.5mm 710w ct14019 est facile \u00e0 manier. En effet, l\u2019\u00e9jection des copeaux se fait au choix pour assurer une utilisation rapide et facile. Sa poign\u00e9e ergonomique simplifie davantage la maniabilit\u00e9 de l\u2019appareil.<\/p>\n","protected":false},"excerpt":{"rendered":"<p>Rabot \u00c9lectrique Crown 710W Le rabot \u00e9lectrique Crown 82\u00d72.5mm 710w ct14019 assure un travail lisse et parfait. Il est caract\u00e9ris\u00e9 par ses grandes performances sur les bois les plus durs qui assurent des r\u00e9sultats uniformes. Les finitions sont extr\u00eamement pr\u00e9cises et parfaites. Le rabot \u00e9lectrique Crown 82\u00d72.5mm 710w ct14019 est facile \u00e0 manier. En effet, &hellip;<\/p>\n<p class=\"read-more\"> <a class=\"\" href=\"https:\/\/zdepot-dz.com\/?product=rabot-electrique-crown-710w\"> <span class=\"screen-reader-text\">Rabot \u00c9lectrique Crown 710W<\/span> Lire la suite\u00a0\u00bb<\/a><\/p>\n","protected":false},"featured_media":1194,"comment_status":"closed","ping_status":"closed","template":"","meta":{"site-sidebar-layout":"default","site-content-layout":"default","ast-global-header-display":"","ast-banner-title-visibility":"","ast-main-header-display":"","ast-hfb-above-header-display":"","ast-hfb-below-header-display":"","ast-hfb-mobile-header-display":"","site-post-title":"","ast-breadcrumbs-content":"","ast-featured-img":"","footer-sml-layout":"","theme-transparent-header-meta":"default","adv-header-id-meta":"","stick-header-meta":"","header-above-stick-meta":"","header-main-stick-meta":"","header-below-stick-meta":""},"product_cat":[59,53],"product_tag":[63,89,90],"jetpack_sharing_enabled":true,"_links":{"self":[{"href":"https:\/\/zdepot-dz.com\/index.php?rest_route=\/wp\/v2\/product\/1193"}],"collection":[{"href":"https:\/\/zdepot-dz.com\/index.php?rest_route=\/wp\/v2\/product"}],"about":[{"href":"https:\/\/zdepot-dz.com\/index.php?rest_route=\/wp\/v2\/types\/product"}],"replies":[{"embeddable":true,"href":"https:\/\/zdepot-dz.com\/index.php?rest_route=%2Fwp%2Fv2%2Fcomments&post=1193"}],"wp:featuredmedia":[{"embeddable":true,"href":"https:\/\/zdepot-dz.com\/index.php?rest_route=\/wp\/v2\/media\/1194"}],"wp:attachment":[{"href":"https:\/\/zdepot-dz.com\/index.php?rest_route=%2Fwp%2Fv2%2Fmedia&parent=1193"}],"wp:term":[{"taxonomy":"product_cat","embeddable":true,"href":"https:\/\/zdepot-dz.com\/index.php?rest_route=%2Fwp%2Fv2%2Fproduct_cat&post=1193"},{"taxonomy":"product_tag","embeddable":true,"href":"https:\/\/zdepot-dz.com\/index.php?rest_route=%2Fwp%2Fv2%2Fproduct_tag&post=1193"}],"curies":[{"name":"wp","href":"https:\/\/api.w.org\/{rel}","templated":true}]}}