{"id":1187,"date":"2022-12-02T10:04:00","date_gmt":"2022-12-02T09:04:00","guid":{"rendered":"https:\/\/zdepot-dz.com\/?post_type=product&#038;p=1187"},"modified":"2023-04-09T10:48:42","modified_gmt":"2023-04-09T09:48:42","slug":"penseuse-crown-peinture","status":"publish","type":"product","link":"https:\/\/zdepot-dz.com\/?product=penseuse-crown-peinture","title":{"rendered":"Penseuse Crown (Peinture)"},"content":{"rendered":"<h3>Ponceuse crown 180mm 1300W<\/h3>\n<div id=\"tab-description\" class=\"woocommerce-Tabs-panel woocommerce-Tabs-panel--description panel entry-content wc-tab\" role=\"tabpanel\" aria-labelledby=\"tab-title-description\">\n<div class=\"tab-panels\">\n<div id=\"tab-description\" class=\"woocommerce-Tabs-panel woocommerce-Tabs-panel--description panel entry-content active\" role=\"tabpanel\" aria-labelledby=\"tab-title-description\">\n<p>Puissance d\u2019entr\u00e9e: 1300W<\/p>\n<p>Contr\u00f4le de la vitesse de num\u00e9rotation<\/p>\n<p>Conception l\u00e9g\u00e8re et bien \u00e9quilibr\u00e9e<\/p>\n<p>Bonne qualit\u00e9 et professionnel<\/p>\n<p>Vitesse \u00e0 vide: 1000 -3000 tr\/min<\/p>\n<p>Diam\u00e8tre du disque: 180mm<\/p>\n<p>Tension: 220-240V<\/p>\n<\/div>\n<\/div>\n<\/div>\n","protected":false},"excerpt":{"rendered":"<p>Ponceuse crown 180mm 1300W Puissance d\u2019entr\u00e9e: 1300W Contr\u00f4le de la vitesse de num\u00e9rotation Conception l\u00e9g\u00e8re et bien \u00e9quilibr\u00e9e Bonne qualit\u00e9 et professionnel Vitesse \u00e0 vide: 1000 -3000 tr\/min Diam\u00e8tre du disque: 180mm Tension: 220-240V<\/p>\n","protected":false},"featured_media":1188,"comment_status":"closed","ping_status":"closed","template":"","meta":{"site-sidebar-layout":"default","site-content-layout":"default","ast-global-header-display":"","ast-banner-title-visibility":"","ast-main-header-display":"","ast-hfb-above-header-display":"","ast-hfb-below-header-display":"","ast-hfb-mobile-header-display":"","site-post-title":"","ast-breadcrumbs-content":"","ast-featured-img":"","footer-sml-layout":"","theme-transparent-header-meta":"default","adv-header-id-meta":"","stick-header-meta":"","header-above-stick-meta":"","header-main-stick-meta":"","header-below-stick-meta":""},"product_cat":[53,57],"product_tag":[63,85],"jetpack_sharing_enabled":true,"_links":{"self":[{"href":"https:\/\/zdepot-dz.com\/index.php?rest_route=\/wp\/v2\/product\/1187"}],"collection":[{"href":"https:\/\/zdepot-dz.com\/index.php?rest_route=\/wp\/v2\/product"}],"about":[{"href":"https:\/\/zdepot-dz.com\/index.php?rest_route=\/wp\/v2\/types\/product"}],"replies":[{"embeddable":true,"href":"https:\/\/zdepot-dz.com\/index.php?rest_route=%2Fwp%2Fv2%2Fcomments&post=1187"}],"wp:featuredmedia":[{"embeddable":true,"href":"https:\/\/zdepot-dz.com\/index.php?rest_route=\/wp\/v2\/media\/1188"}],"wp:attachment":[{"href":"https:\/\/zdepot-dz.com\/index.php?rest_route=%2Fwp%2Fv2%2Fmedia&parent=1187"}],"wp:term":[{"taxonomy":"product_cat","embeddable":true,"href":"https:\/\/zdepot-dz.com\/index.php?rest_route=%2Fwp%2Fv2%2Fproduct_cat&post=1187"},{"taxonomy":"product_tag","embeddable":true,"href":"https:\/\/zdepot-dz.com\/index.php?rest_route=%2Fwp%2Fv2%2Fproduct_tag&post=1187"}],"curies":[{"name":"wp","href":"https:\/\/api.w.org\/{rel}","templated":true}]}}