{"id":1175,"date":"2022-11-27T17:14:18","date_gmt":"2022-11-27T16:14:18","guid":{"rendered":"https:\/\/zdepot-dz.com\/?post_type=product&#038;p=1175"},"modified":"2023-04-09T10:49:26","modified_gmt":"2023-04-09T09:49:26","slug":"pompe-a-eau-avec-moteur-essence-crown","status":"publish","type":"product","link":"https:\/\/zdepot-dz.com\/?product=pompe-a-eau-avec-moteur-essence-crown","title":{"rendered":"Pompe a Eau Avec Moteur Essence Crown"},"content":{"rendered":"<h3>Pompe a Eau Avec Moteur Essence Crown<\/h3>\n<p class=\"hdr -upp -fs14 -m -pam\">Principales caract\u00e9ristiques<\/p>\n<div class=\"markup -pam\">\n<p>Type du produit: Pompe a eau avec moteur essence<\/p>\n<p>Marque: crown<\/p>\n<p>Mod\u00e8le : 30Wp<\/p>\n<p>CT35002<\/p>\n<p>Poids: 30kg<\/p>\n<article class=\"col8 -pvs\">\n<div class=\"card-b -fh\">\n<p class=\"hdr -upp -fs14 -m -pam\">Fiche Technique<\/p>\n<p><span class=\"-b\">Mod\u00e8le<\/span>: CT35002<\/p>\n<p><span class=\"-b\">Poids (kg)<\/span>: 0.5<\/p>\n<p><span class=\"-b\">Couleur<\/span>: Inox<\/p>\n<\/div>\n<\/article>\n<\/div>\n","protected":false},"excerpt":{"rendered":"<p>Pompe a Eau Avec Moteur Essence Crown Principales caract\u00e9ristiques Type du produit: Pompe a eau avec moteur essence Marque: crown Mod\u00e8le : 30Wp CT35002 Poids: 30kg Fiche Technique Mod\u00e8le: CT35002 Poids (kg): 0.5 Couleur: Inox<\/p>\n","protected":false},"featured_media":1178,"comment_status":"closed","ping_status":"closed","template":"","meta":{"site-sidebar-layout":"default","site-content-layout":"default","ast-global-header-display":"","ast-banner-title-visibility":"","ast-main-header-display":"","ast-hfb-above-header-display":"","ast-hfb-below-header-display":"","ast-hfb-mobile-header-display":"","site-post-title":"","ast-breadcrumbs-content":"","ast-featured-img":"","footer-sml-layout":"","theme-transparent-header-meta":"default","adv-header-id-meta":"","stick-header-meta":"","header-above-stick-meta":"","header-main-stick-meta":"","header-below-stick-meta":""},"product_cat":[53,55,206],"product_tag":[63,83,84],"jetpack_sharing_enabled":true,"_links":{"self":[{"href":"https:\/\/zdepot-dz.com\/index.php?rest_route=\/wp\/v2\/product\/1175"}],"collection":[{"href":"https:\/\/zdepot-dz.com\/index.php?rest_route=\/wp\/v2\/product"}],"about":[{"href":"https:\/\/zdepot-dz.com\/index.php?rest_route=\/wp\/v2\/types\/product"}],"replies":[{"embeddable":true,"href":"https:\/\/zdepot-dz.com\/index.php?rest_route=%2Fwp%2Fv2%2Fcomments&post=1175"}],"wp:featuredmedia":[{"embeddable":true,"href":"https:\/\/zdepot-dz.com\/index.php?rest_route=\/wp\/v2\/media\/1178"}],"wp:attachment":[{"href":"https:\/\/zdepot-dz.com\/index.php?rest_route=%2Fwp%2Fv2%2Fmedia&parent=1175"}],"wp:term":[{"taxonomy":"product_cat","embeddable":true,"href":"https:\/\/zdepot-dz.com\/index.php?rest_route=%2Fwp%2Fv2%2Fproduct_cat&post=1175"},{"taxonomy":"product_tag","embeddable":true,"href":"https:\/\/zdepot-dz.com\/index.php?rest_route=%2Fwp%2Fv2%2Fproduct_tag&post=1175"}],"curies":[{"name":"wp","href":"https:\/\/api.w.org\/{rel}","templated":true}]}}